{"id":22,"date":"2024-06-04T14:30:47","date_gmt":"2024-06-04T18:30:47","guid":{"rendered":"http:\/\/prattmichel.wordpress.com\/?page_id=22"},"modified":"2026-04-16T19:29:54","modified_gmt":"2026-04-16T23:29:54","slug":"les-conferences","status":"publish","type":"page","link":"https:\/\/michelpratt.quebec\/?page_id=22","title":{"rendered":"Conf\u00e9rences"},"content":{"rendered":"<blockquote>\n<h5 style=\"text-align: center;\"><a href=\"\/\">\u2190 Retour au blogue<\/a><\/h5>\n<h3 style=\"text-align: center;\"><strong><span style=\"color: #ff0000;\"><br \/>\nPr\u00e9sentement en mode pause<\/span><\/strong><\/h3>\n<\/blockquote>\n<p>&nbsp;<\/p>\n<figure id=\"attachment_9908\" aria-describedby=\"caption-attachment-9908\" style=\"width: 277px\" class=\"wp-caption alignnone\"><img fetchpriority=\"high\" decoding=\"async\" class=\"wp-image-9908 size-full\" src=\"https:\/\/michelpratt.quebec\/wp-content\/uploads\/2024\/01\/cropped-MPlogo-277x277-1.png\" alt=\"\" width=\"277\" height=\"267\" srcset=\"https:\/\/michelpratt.quebec\/wp-content\/uploads\/2024\/01\/cropped-MPlogo-277x277-1.png 277w, https:\/\/michelpratt.quebec\/wp-content\/uploads\/2024\/01\/cropped-MPlogo-277x277-1-263x254.png 263w\" sizes=\"(max-width: 277px) 100vw, 277px\" \/><figcaption id=\"caption-attachment-9908\" class=\"wp-caption-text\"><span style=\"font-size: 16px; -webkit-text-size-adjust: 100%;\">Michel Pratt, historien qu\u00e9b\u00e9cois et auteur<\/span><\/figcaption><\/figure>\n<hr \/>\n<p>Au fil de sa carri\u00e8re, Michel Pratt a \u00e9t\u00e9 conf\u00e9rencier dans de nombreuses villes et organismes, dont :<\/p>\n<p>La Conf\u00e9rence Expo 67 a \u00e9t\u00e9 un \u00e9v\u00e9nement incontournable pour le d\u00e9veloppement culturel et touristique de la r\u00e9gion.<\/p>\n<p>Il a \u00e9galement donn\u00e9 des conf\u00e9rences sur des \u00e9v\u00e9nements marquants tels que la Conf\u00e9rence Expo 67, qui a marqu\u00e9 l&rsquo;histoire du Qu\u00e9bec et attir\u00e9 l&rsquo;attention internationale.<\/p>\n<p><span style=\"font-size: 1.1em; font-weight: bold;\">Soci\u00e9t\u00e9 d&rsquo;histoire et de g\u00e9n\u00e9alogie de Rimouski<\/span><\/p>\n<p style=\"text-align: left;\"><span style=\"font-size: 1.1em; font-weight: bold; -webkit-text-size-adjust: 100%;\">Rivi\u00e8re-du-Loup (Congr\u00e8s F\u00e9d\u00e9ration Histoire Qu\u00e9bec)<br \/>\n<\/span><span style=\"font-size: 1.1em; font-weight: bold; -webkit-text-size-adjust: 100%;\">Saguenay (Congr\u00e8s F\u00e9d\u00e9ration Histoire Qu\u00e9bec)<br \/>\n<\/span><strong>Malbaie (Congr\u00e8s F\u00e9d\u00e9ration Histoire Qu\u00e9bec)<\/strong><\/p>\n<h6>Congr\u00e8s de la F\u00e9d\u00e9ration des familles souches \u00e0 Shawinigan<\/h6>\n<h6>Soci\u00e9t\u00e9 d&rsquo;histoire du Cap-de-la-Madeleine<\/h6>\n<h6>Centre des congr\u00e8s de Trois-Rivi\u00e8res (Congr\u00e8s F\u00e9d\u00e9ration Histoire Qu\u00e9bec)<\/h6>\n<h6>Centre d&rsquo;histoire de Saint-Hyacinthe<\/h6>\n<h6>Municipalit\u00e9 de Saint-Jean-Baptiste<\/h6>\n<h6>Soci\u00e9t\u00e9 d&rsquo;histoire de Beloeil-Mont-Saint-Hilaire<\/h6>\n<h6>Biblioth\u00e8que de Saint-Mathieu-de-Beloeil<\/h6>\n<h6>Biblioth\u00e8que municipale de Longueuil<\/h6>\n<h6>Longueuil Conf\u00e9rences inaugurales des congr\u00e8s de la F\u00e9d\u00e9ration Histoire Qu\u00e9bec de 2000 et 2010<\/h6>\n<h6>Service des loisirs et de la culture de Longueuil<\/h6>\n<h6>Soci\u00e9t\u00e9 historique et culturelle du Marigot (Longueuil)<\/h6>\n<h6>Le centre communautaire Le Trait d&rsquo;Union (Longueuil)<\/h6>\n<h6><strong>Centre culturel Vanier, Ch\u00e2teauguay<\/strong><\/h6>\n<h6>ASAPAL (Longueuil)<\/h6>\n<h6>Action-services aux aidants de parents \u00e2g\u00e9s-Longueuil<\/h6>\n<h6>Festival des Vieux-M\u00e9tiers (Longueuil)<\/h6>\n<h6>Association du domaine Bellerive (Longueuil)<\/h6>\n<h6>paroisse de Saint-Georges de Montr\u00e9al-Sud<\/h6>\n<h6>Biblioth\u00e8que de Saint-Hubert<\/h6>\n<h6>Soci\u00e9t\u00e9 d&rsquo;histoire de Saint-Hubert<\/h6>\n<h6>Soci\u00e9t\u00e9 de g\u00e9n\u00e9alogie de Saint-Hubert<\/h6>\n<h6>Soci\u00e9t\u00e9 d&rsquo;histoire de Saint-Basile-le-Grand<\/h6>\n<h6>Biblioth\u00e8que de Greenfield Park<\/h6>\n<h6>Soci\u00e9t\u00e9 d&rsquo;histoire de la seigneurie de Chambly<\/h6>\n<h6>Biblioth\u00e8que municipale de Candiac<\/h6>\n<h6>Soci\u00e9t\u00e9 d&rsquo;histoire de La Prairie de la Magdeleine<\/h6>\n<h6>Soci\u00e9t\u00e9 d&rsquo;histoire et de g\u00e9n\u00e9alogie de Montr\u00e9al-Nord<\/h6>\n<h6>Soci\u00e9t\u00e9 d&rsquo;histoire d&rsquo;Outremont<\/h6>\n<h6>Soci\u00e9t\u00e9 d&rsquo;histoire de Saint-Paul-Ville \u00c9mard<\/h6>\n<h6>Soci\u00e9t\u00e9 d&rsquo;histoire de Varennes<\/h6>\n<h6>Soci\u00e9t\u00e9 d&rsquo;histoire des \u00celes-Perc\u00e9es (Boucherville)<\/h6>\n<h6>Biblioth\u00e8que municipale de Brossard<\/h6>\n<h6>Soci\u00e9t\u00e9 historique de Dorval<\/h6>\n<h6>Soci\u00e9t\u00e9 de g\u00e9n\u00e9alogie de Vaudreuil-Cavagnal<\/h6>\n<h6>Saint-J\u00e9r\u00f4me<\/h6>\n<h6><strong>Beaconsfield<\/strong><br \/>\n<strong>Biblioth\u00e8que municipale de Sainte-Th\u00e9r\u00e8se<\/strong><\/h6>\n<h6>Biblioth\u00e8que municipale de Mascouche<\/h6>\n<h6>Biblioth\u00e8que municipale de Laval<\/h6>\n<h6>Biblioth\u00e8que municipale de Lanoraie<\/h6>\n<h6>Biblioth\u00e8que municipale de Repentigny<\/h6>\n<h6>Biblioth\u00e8que municipale de Rawdon<\/h6>\n<h6>Biblioth\u00e8que municipale de Magog<\/h6>\n<h6>Soci\u00e9t\u00e9 g\u00e9n\u00e9alogique canadienne-fran\u00e7aise<\/h6>\n<h6>Soci\u00e9t\u00e9 d\u2019histoire et de g\u00e9n\u00e9alogie des Pays-d\u2019en-Haut (Saint-Sauveur).<\/h6>\n<p>&nbsp;<\/p>\n<h6>Il a \u00e9galement donn\u00e9 des conf\u00e9rences dans des \u00e9coles de niveau primaire et secondaire, de m\u00eame que pour l&rsquo;Universit\u00e9 du Troisi\u00e8me \u00e2ge (UTA) qui rel\u00e8ve de l&rsquo;Universit\u00e9 de Sherbrooke et la FADOQ. UTA Mont\u00e9r\u00e9gie, Lanaudi\u00e8re, Ouest de l\u2019\u00eele de Montr\u00e9al.<\/h6>\n<p>De plus, il a souvent fait r\u00e9f\u00e9rence \u00e0 la Conf\u00e9rence Expo 67 lors de ses interventions pour illustrer l&rsquo;impact des \u00e9v\u00e9nements historiques.<\/p>\n<p>&nbsp;<\/p>\n<p>&nbsp;<\/p>\n<p>&nbsp;<\/p>\n<p>&nbsp;<\/p>\n","protected":false},"excerpt":{"rendered":"<p>\u2190 Retour au blogue Pr\u00e9sentement en mode pause &nbsp; Au fil de sa carri\u00e8re, Michel Pratt a \u00e9t\u00e9 conf\u00e9rencier dans de nombreuses villes et organismes, dont : La Conf\u00e9rence Expo 67 a \u00e9t\u00e9 un \u00e9v\u00e9nement incontournable pour le d\u00e9veloppement culturel et touristique de la r\u00e9gion. Il a \u00e9galement donn\u00e9 des conf\u00e9rences sur des \u00e9v\u00e9nements marquants [&hellip;]<\/p>\n","protected":false},"author":4,"featured_media":185,"parent":0,"menu_order":0,"comment_status":"open","ping_status":"open","template":"","meta":{"site-sidebar-layout":"default","site-content-layout":"default","ast-site-content-layout":"default","site-content-style":"default","site-sidebar-style":"default","ast-global-header-display":"","ast-banner-title-visibility":"","ast-main-header-display":"","ast-hfb-above-header-display":"","ast-hfb-below-header-display":"","ast-hfb-mobile-header-display":"","site-post-title":"","ast-breadcrumbs-content":"","ast-featured-img":"","footer-sml-layout":"","ast-disable-related-posts":"","theme-transparent-header-meta":"default","adv-header-id-meta":"","stick-header-meta":"","header-above-stick-meta":"","header-main-stick-meta":"","header-below-stick-meta":"","astra-migrate-meta-layouts":"set","ast-page-background-enabled":"default","ast-page-background-meta":{"desktop":{"background-color":"","background-image":"","background-repeat":"repeat","background-position":"center center","background-size":"auto","background-attachment":"scroll","background-type":"","background-media":"","overlay-type":"","overlay-color":"","overlay-opacity":"","overlay-gradient":""},"tablet":{"background-color":"","background-image":"","background-repeat":"repeat","background-position":"center center","background-size":"auto","background-attachment":"scroll","background-type":"","background-media":"","overlay-type":"","overlay-color":"","overlay-opacity":"","overlay-gradient":""},"mobile":{"background-color":"","background-image":"","background-repeat":"repeat","background-position":"center center","background-size":"auto","background-attachment":"scroll","background-type":"","background-media":"","overlay-type":"","overlay-color":"","overlay-opacity":"","overlay-gradient":""}},"ast-content-background-meta":{"desktop":{"background-color":"var(--ast-global-color-5)","background-image":"","background-repeat":"repeat","background-position":"center center","background-size":"auto","background-attachment":"scroll","background-type":"","background-media":"","overlay-type":"","overlay-color":"","overlay-opacity":"","overlay-gradient":""},"tablet":{"background-color":"var(--ast-global-color-5)","background-image":"","background-repeat":"repeat","background-position":"center center","background-size":"auto","background-attachment":"scroll","background-type":"","background-media":"","overlay-type":"","overlay-color":"","overlay-opacity":"","overlay-gradient":""},"mobile":{"background-color":"var(--ast-global-color-5)","background-image":"","background-repeat":"repeat","background-position":"center center","background-size":"auto","background-attachment":"scroll","background-type":"","background-media":"","overlay-type":"","overlay-color":"","overlay-opacity":"","overlay-gradient":""}},"footnotes":""},"class_list":["post-22","page","type-page","status-publish","has-post-thumbnail","hentry"],"jetpack_sharing_enabled":true,"_links":{"self":[{"href":"https:\/\/michelpratt.quebec\/index.php?rest_route=\/wp\/v2\/pages\/22","targetHints":{"allow":["GET"]}}],"collection":[{"href":"https:\/\/michelpratt.quebec\/index.php?rest_route=\/wp\/v2\/pages"}],"about":[{"href":"https:\/\/michelpratt.quebec\/index.php?rest_route=\/wp\/v2\/types\/page"}],"author":[{"embeddable":true,"href":"https:\/\/michelpratt.quebec\/index.php?rest_route=\/wp\/v2\/users\/4"}],"replies":[{"embeddable":true,"href":"https:\/\/michelpratt.quebec\/index.php?rest_route=%2Fwp%2Fv2%2Fcomments&post=22"}],"version-history":[{"count":16,"href":"https:\/\/michelpratt.quebec\/index.php?rest_route=\/wp\/v2\/pages\/22\/revisions"}],"predecessor-version":[{"id":11326,"href":"https:\/\/michelpratt.quebec\/index.php?rest_route=\/wp\/v2\/pages\/22\/revisions\/11326"}],"wp:featuredmedia":[{"embeddable":true,"href":"https:\/\/michelpratt.quebec\/index.php?rest_route=\/wp\/v2\/media\/185"}],"wp:attachment":[{"href":"https:\/\/michelpratt.quebec\/index.php?rest_route=%2Fwp%2Fv2%2Fmedia&parent=22"}],"curies":[{"name":"wp","href":"https:\/\/api.w.org\/{rel}","templated":true}]}}