{"id":69,"date":"2026-02-18T10:37:52","date_gmt":"2026-02-18T15:37:52","guid":{"rendered":"http:\/\/prattmichel.wordpress.com\/?page_id=69"},"modified":"2026-04-17T21:27:51","modified_gmt":"2026-04-18T01:27:51","slug":"michel-pratt-historien-quebecois","status":"publish","type":"page","link":"https:\/\/michelpratt.quebec\/?page_id=69","title":{"rendered":""},"content":{"rendered":"<h5 style=\"text-align: center;\"><a href=\"\/\">\u2190 Retour au blogue<\/a><\/h5>\n<h5 style=\"text-align: center;\"><a href=\"mailto: prattmichel@icloud.com\"><br \/>\n<\/a><a href=\"mailto: prattmichel@icloud.com\"><img decoding=\"async\" class=\"alignnone wp-image-11286 size-thumbnail\" src=\"https:\/\/michelpratt.quebec\/wp-content\/uploads\/2026\/04\/IMG_0090-150x150.jpeg\" alt=\"\" width=\"150\" height=\"150\" srcset=\"https:\/\/michelpratt.quebec\/wp-content\/uploads\/2026\/04\/IMG_0090-150x150.jpeg 150w, https:\/\/michelpratt.quebec\/wp-content\/uploads\/2026\/04\/IMG_0090-100x100.jpeg 100w, https:\/\/michelpratt.quebec\/wp-content\/uploads\/2026\/04\/IMG_0090.jpeg 300w\" sizes=\"(max-width: 150px) 100vw, 150px\" \/><\/a><a href=\"mailto: prattmichel@icloud.com\"><img decoding=\"async\" class=\"alignnone wp-image-11285 size-thumbnail\" src=\"https:\/\/michelpratt.quebec\/wp-content\/uploads\/2026\/04\/IMG_0089-150x150.jpeg\" alt=\"\" width=\"150\" height=\"150\" srcset=\"https:\/\/michelpratt.quebec\/wp-content\/uploads\/2026\/04\/IMG_0089-150x150.jpeg 150w, https:\/\/michelpratt.quebec\/wp-content\/uploads\/2026\/04\/IMG_0089-100x100.jpeg 100w, https:\/\/michelpratt.quebec\/wp-content\/uploads\/2026\/04\/IMG_0089.jpeg 300w\" sizes=\"(max-width: 150px) 100vw, 150px\" \/><\/a><a href=\"mailto: prattmichel@icloud.com\"><img decoding=\"async\" class=\"alignnone wp-image-11287 size-thumbnail\" src=\"https:\/\/michelpratt.quebec\/wp-content\/uploads\/2026\/04\/IMG_0088-150x150.jpeg\" alt=\"\" width=\"150\" height=\"150\" srcset=\"https:\/\/michelpratt.quebec\/wp-content\/uploads\/2026\/04\/IMG_0088-150x150.jpeg 150w, https:\/\/michelpratt.quebec\/wp-content\/uploads\/2026\/04\/IMG_0088-100x100.jpeg 100w, https:\/\/michelpratt.quebec\/wp-content\/uploads\/2026\/04\/IMG_0088.jpeg 300w\" sizes=\"(max-width: 150px) 100vw, 150px\" \/><\/a><br \/>\n514-979-7370<br \/>\n<img loading=\"lazy\" decoding=\"async\" class=\"aligncenter wp-image-11265 size-large\" src=\"https:\/\/michelpratt.quebec\/wp-content\/uploads\/2026\/04\/A97D85E4-4CA9-419E-B0AB-DD05D02132F3-1024x683.png\" alt=\"\" width=\"1024\" height=\"683\" srcset=\"https:\/\/michelpratt.quebec\/wp-content\/uploads\/2026\/04\/A97D85E4-4CA9-419E-B0AB-DD05D02132F3-1024x683.png 1024w, https:\/\/michelpratt.quebec\/wp-content\/uploads\/2026\/04\/A97D85E4-4CA9-419E-B0AB-DD05D02132F3-300x200.png 300w, https:\/\/michelpratt.quebec\/wp-content\/uploads\/2026\/04\/A97D85E4-4CA9-419E-B0AB-DD05D02132F3-768x512.png 768w, https:\/\/michelpratt.quebec\/wp-content\/uploads\/2026\/04\/A97D85E4-4CA9-419E-B0AB-DD05D02132F3-600x400.png 600w, https:\/\/michelpratt.quebec\/wp-content\/uploads\/2026\/04\/A97D85E4-4CA9-419E-B0AB-DD05D02132F3.png 1536w\" sizes=\"(max-width: 1024px) 100vw, 1024px\" \/><\/h5>\n<h4 style=\"text-align: center;\">\u00a0<span style=\"font-size: 2em; font-weight: bold; -webkit-text-size-adjust: 100%;\">Michel Pratt, <\/span><\/h4>\n<h4 style=\"text-align: center;\"><span style=\"font-size: 2em; font-weight: bold; -webkit-text-size-adjust: 100%;\">historien qu\u00e9b\u00e9cois, M.A.<\/span><\/h4>\n<p>&nbsp;<\/p>\n<p>Michel Pratt, titulaire d&rsquo;une ma\u00eetrise en histoire, se d\u00e9die \u00e0 l&rsquo;enseignement de cette discipline au niveau universitaire et coll\u00e9gial. En tant qu&rsquo;historien qu\u00e9b\u00e9cois, il se sp\u00e9cialise dans l&rsquo;\u00e9tude de l&rsquo;histoire urbaine, en se concentrant sur l&rsquo;\u00e9volution des structures de la ville et le d\u00e9veloppement des communaut\u00e9s locales. Il a \u00e9crit plusieurs ouvrages, y compris des recherches d\u00e9taill\u00e9es sur l&rsquo;histoire de diverses villes du Qu\u00e9bec. Simultan\u00e9ment, il a allou\u00e9 une portion importante de son temps \u00e0 des entit\u00e9s culturelles et communautaires, occupant une position centrale dans la conservation et la promotion du patrimoine historique local.<\/p>\n<h5>Publications<\/h5>\n<p>Au cours des ann\u00e9es, l&rsquo;historien Michel Pratt a produit une multitude de travaux qui ont laiss\u00e9 leur empreinte sur le domaine historique du Qu\u00e9bec. L&rsquo;ouvrage officiel de la Ville,<em> Longueuil 1657-2007<\/em>, figure parmi ses publications les plus remarquables. On observe la m\u00eame chose pour l&rsquo;histoire de Brossard et celle de LeMoyne. Le premier dictionnaire d&rsquo;une ville canadienne a \u00e9t\u00e9 son <em>Dictionnaire historique de Longueuil<\/em>. Il a \u00e9t\u00e9 le premier \u00e0 r\u00e9diger l&rsquo;histoire pr\u00e9cise de la ville ouvri\u00e8re de Jacques-Cartier. Son livre sur le dirigeable R-100, en fran\u00e7ais et en anglais, a fait le tour du monde. Il a \u00e9galement sorti un ouvrage sur l&rsquo;histoire populaire et illustr\u00e9e de Montr\u00e9al, disponible en fran\u00e7ais et en anglais. L&rsquo;ouvrage de r\u00e9f\u00e9rence en relations industrielles, La gr\u00e8ve de la United Aircraft, est sign\u00e9 par cet auteur.<\/p>\n<p>Ses apparitions dans les m\u00e9dias, notamment avec sa chronique C&rsquo;\u00e9tait hier ou \u00e0 la t\u00e9l\u00e9vision dans le Courrier du Sud, ont aussi particip\u00e9 \u00e0 susciter l&rsquo;int\u00e9r\u00eat pour l&rsquo;histoire. Michel Pratt est fr\u00e9quemment consult\u00e9 pour son expertise sur des faits historiques significatifs. Son amour pour l&rsquo;histoire fait de lui un communicateur apte \u00e0 vulgariser des concepts complexes aupr\u00e8s d&rsquo;un public vaste.<\/p>\n<h5>Participation communautaire<\/h5>\n<p>L&rsquo;implication de Michel Pratt va au-del\u00e0 du domaine acad\u00e9mique. Il est r\u00e9put\u00e9 pour sa participation active \u00e0 diverses initiatives destin\u00e9es \u00e0 consolider le lien social au sein des communaut\u00e9s locales. Par exemple, il a contribu\u00e9 \u00e0 l&rsquo;organisation d&rsquo;\u00e9v\u00e9nements culturels mettant en valeur l&rsquo;histoire de Longueuil, r\u00e9unissant les habitants autour de leur h\u00e9ritage partag\u00e9. Ces d\u00e9marches favorisent aussi bien l&rsquo;\u00e9ducation historique que le sentiment d&rsquo;identit\u00e9 des r\u00e9sidents vis-\u00e0-vis de leur cit\u00e9.<\/p>\n<p>En outre, il a travaill\u00e9 avec des \u00e9tablissements scolaires en donnant des conf\u00e9rences et en publiant des travaux pour \u00e9laborer des programmes \u00e9ducatifs qui incorporent l&rsquo;histoire locale dans le curriculum. Ces initiatives visent \u00e0 \u00e9veiller la curiosit\u00e9 des jeunes pour leur histoire, en d\u00e9montrant comment le pass\u00e9 influence le pr\u00e9sent. Par ses actions, il contribue \u00e0 la formation d&rsquo;une nouvelle g\u00e9n\u00e9ration de citoyens conscients de leur patrimoine et de leur identit\u00e9.<\/p>\n<p>Michel Pratt, historien, a particip\u00e9 activement \u00e0 la communaut\u00e9 en occupant un poste au conseil d&rsquo;administration du centre communautaire Le Trait d&rsquo;union pendant une dur\u00e9e de cinq ans. Il a occup\u00e9 le poste de pr\u00e9sident de l&rsquo;institution Informatique Longueuil, qui \u00e9tait en charge d&rsquo;une subvention substantielle destin\u00e9e \u00e0 une vingtaine d&rsquo;organisations \u00e0 but non lucratif, nomm\u00e9es CACI. Cette initiative visait \u00e0 garantir un acc\u00e8s \u00e0 Internet pour les r\u00e9sidents de Longueuil. Il a \u00e9galement occup\u00e9 le poste de pr\u00e9sident de l&rsquo;Association des auteurs de Mont\u00e9r\u00e9gie.<\/p>\n<p>Il a \u00e9t\u00e9 chroniqueur-historien d&rsquo;une \u00e9mission de la radio communautaire CIRA-FM, intitul\u00e9e <em>M\u00e9moires<\/em>, dirig\u00e9e par Arlette Cousture, pour laquelle il a \u00e9galement agi en tant qu&rsquo;historien-conseil pour son roman Petals&rsquo; Pub. Il a \u00e9t\u00e9 historien-conseil pour le cin\u00e9aste Anfr\u00e9 Forcier.<\/p>\n<p>Michel Pratt, historien, d\u00e9montre \u00e9galement son engagement en g\u00e9n\u00e9alogie comme r\u00e9dacteur en chef de la revue <em>M\u00e9moires<\/em>, un p\u00e9riodique publi\u00e9 depuis 1944 par la Soci\u00e9t\u00e9 canadienne-fran\u00e7aise de g\u00e9n\u00e9alogie, poste qu&rsquo;il occupe depuis 2020.<\/p>\n<p>Il est l&rsquo;un des fondateurs du Comit\u00e9 de toponymie de la Ville de Longueuil en 2010. Le <em>Dictionnaire historique de Longueui<\/em>l constitue une ressource essentielle pour les prises de d\u00e9cision du comit\u00e9. En 2026, il en fait encore partie.<\/p>\n<h5>Distinctions<\/h5>\n<p>Michel Pratt est un historien expert en histoire de la ville, y compris celle de Longueuil, Brossard et Montr\u00e9al. Il a \u00e9t\u00e9 le pr\u00e9sident cr\u00e9ateur des \u00c9ditions Histoire Qu\u00e9bec de 2002 \u00e0 2019 et le directeur g\u00e9n\u00e9ral de la Soci\u00e9t\u00e9 historique et culturelle du Marigot de 1998 \u00e0 2015. Il a re\u00e7u la m\u00e9daille de l&rsquo;Assembl\u00e9e nationale du Qu\u00e9bec, celle d&rsquo;argent du lieutenant-gouverneur du Qu\u00e9bec, le prix Honorius-Provost (attribu\u00e9 par la F\u00e9d\u00e9ration Histoire Qu\u00e9bec), le prix L\u00e9onidas-B\u00e9langer (d\u00e9cern\u00e9 \u00e9galement par la m\u00eame organisation), le prix Rodolphe-Fournier (octroy\u00e9 par la Chambre des notaires du Qu\u00e9bec) ainsi que le prix de b\u00e9n\u00e9volat exemplaire de la Ville de Longueuil (remis lors du Gala de culture de Longueuil) et le prix de b\u00e9n\u00e9volat Dollard-Morin.\u00a0 Son ouvrage <em>Longueuil 1657-2007<\/em> a remport\u00e9 le prix du patrimoine de Longueuil lors du Gala de la culture. Il est Gouverneur de la F\u00e9d\u00e9ration Histoire Qu\u00e9bec (380 organismes) et de la Soci\u00e9t\u00e9 historique et culturelle du Marigot.<\/p>\n<p>Outre ces distinctions, son \u0153uvre a favoris\u00e9 la reconnaissance de l&rsquo;importance historique des quartiers. Il a particip\u00e9 \u00e0 la mise en place d&rsquo;une bonne vingtaine de panneaux \u00e9ducatifs relatifs \u00e0 des sites historiques de la ville. Il a propos\u00e9 et d\u00e9fendu l&rsquo;id\u00e9e de nommer une section de l&rsquo;autoroute 132 du nom d&rsquo;autoroute Ren\u00e9-L\u00e9vesque. C&rsquo;est la m\u00eame situation pour le renommage de l&rsquo;\u00eele verte (islets verts) en \u00celot de la baronnie.<\/p>\n<h5><strong>Consulter le lien suivant :<\/strong><\/h5>\n<p><a title=\"Michel Pratt\" href=\"http:\/\/fr.wikipedia.org\/wiki\/Michel_Pratt\" target=\"_blank\" rel=\"noopener\"><strong>Site Wikip\u00e9dia : https:\/\/fr.wikipedia.org\/wiki\/Michel_Pratt<\/strong><\/a><\/p>\n<p>ChatGPT, <span style=\"font-size: 16px; -webkit-text-size-adjust: 100%;\">Claude, Gemini, Perplexity<\/span><\/p>\n<p>&nbsp;<\/p>\n<p>&nbsp;<\/p>\n<p>&nbsp;<\/p>\n<p>&nbsp;<\/p>\n<p>&nbsp;<\/p>\n<p>&nbsp;<\/p>\n<p>&nbsp;<\/p>\n<p>&nbsp;<\/p>\n<p>&nbsp;<\/p>\n<p>&nbsp;<\/p>\n<p>&nbsp;<\/p>\n","protected":false},"excerpt":{"rendered":"<p>\u2190 Retour au blogue 514-979-7370 \u00a0Michel Pratt, historien qu\u00e9b\u00e9cois, M.A. &nbsp; Michel Pratt, titulaire d&rsquo;une ma\u00eetrise en histoire, se d\u00e9die \u00e0 l&rsquo;enseignement de cette discipline au niveau universitaire et coll\u00e9gial. En tant qu&rsquo;historien qu\u00e9b\u00e9cois, il se sp\u00e9cialise dans l&rsquo;\u00e9tude de l&rsquo;histoire urbaine, en se concentrant sur l&rsquo;\u00e9volution des structures de la ville et le d\u00e9veloppement [&hellip;]<\/p>\n","protected":false},"author":4,"featured_media":0,"parent":0,"menu_order":0,"comment_status":"open","ping_status":"closed","template":"","meta":{"site-sidebar-layout":"default","site-content-layout":"default","ast-site-content-layout":"default","site-content-style":"default","site-sidebar-style":"default","ast-global-header-display":"","ast-banner-title-visibility":"","ast-main-header-display":"","ast-hfb-above-header-display":"","ast-hfb-below-header-display":"","ast-hfb-mobile-header-display":"","site-post-title":"","ast-breadcrumbs-content":"","ast-featured-img":"","footer-sml-layout":"","ast-disable-related-posts":"","theme-transparent-header-meta":"default","adv-header-id-meta":"","stick-header-meta":"","header-above-stick-meta":"","header-main-stick-meta":"","header-below-stick-meta":"","astra-migrate-meta-layouts":"set","ast-page-background-enabled":"default","ast-page-background-meta":{"desktop":{"background-color":"","background-image":"","background-repeat":"repeat","background-position":"center center","background-size":"auto","background-attachment":"scroll","background-type":"","background-media":"","overlay-type":"","overlay-color":"","overlay-opacity":"","overlay-gradient":""},"tablet":{"background-color":"","background-image":"","background-repeat":"repeat","background-position":"center center","background-size":"auto","background-attachment":"scroll","background-type":"","background-media":"","overlay-type":"","overlay-color":"","overlay-opacity":"","overlay-gradient":""},"mobile":{"background-color":"","background-image":"","background-repeat":"repeat","background-position":"center center","background-size":"auto","background-attachment":"scroll","background-type":"","background-media":"","overlay-type":"","overlay-color":"","overlay-opacity":"","overlay-gradient":""}},"ast-content-background-meta":{"desktop":{"background-color":"var(--ast-global-color-5)","background-image":"","background-repeat":"repeat","background-position":"center center","background-size":"auto","background-attachment":"scroll","background-type":"","background-media":"","overlay-type":"","overlay-color":"","overlay-opacity":"","overlay-gradient":""},"tablet":{"background-color":"var(--ast-global-color-5)","background-image":"","background-repeat":"repeat","background-position":"center center","background-size":"auto","background-attachment":"scroll","background-type":"","background-media":"","overlay-type":"","overlay-color":"","overlay-opacity":"","overlay-gradient":""},"mobile":{"background-color":"var(--ast-global-color-5)","background-image":"","background-repeat":"repeat","background-position":"center center","background-size":"auto","background-attachment":"scroll","background-type":"","background-media":"","overlay-type":"","overlay-color":"","overlay-opacity":"","overlay-gradient":""}},"footnotes":""},"class_list":["post-69","page","type-page","status-publish","hentry"],"jetpack_sharing_enabled":true,"_links":{"self":[{"href":"https:\/\/michelpratt.quebec\/index.php?rest_route=\/wp\/v2\/pages\/69","targetHints":{"allow":["GET"]}}],"collection":[{"href":"https:\/\/michelpratt.quebec\/index.php?rest_route=\/wp\/v2\/pages"}],"about":[{"href":"https:\/\/michelpratt.quebec\/index.php?rest_route=\/wp\/v2\/types\/page"}],"author":[{"embeddable":true,"href":"https:\/\/michelpratt.quebec\/index.php?rest_route=\/wp\/v2\/users\/4"}],"replies":[{"embeddable":true,"href":"https:\/\/michelpratt.quebec\/index.php?rest_route=%2Fwp%2Fv2%2Fcomments&post=69"}],"version-history":[{"count":34,"href":"https:\/\/michelpratt.quebec\/index.php?rest_route=\/wp\/v2\/pages\/69\/revisions"}],"predecessor-version":[{"id":11342,"href":"https:\/\/michelpratt.quebec\/index.php?rest_route=\/wp\/v2\/pages\/69\/revisions\/11342"}],"wp:attachment":[{"href":"https:\/\/michelpratt.quebec\/index.php?rest_route=%2Fwp%2Fv2%2Fmedia&parent=69"}],"curies":[{"name":"wp","href":"https:\/\/api.w.org\/{rel}","templated":true}]}}