{"id":10235,"date":"2024-08-23T14:57:41","date_gmt":"2024-08-23T18:57:41","guid":{"rendered":"https:\/\/michelpratt.quebec\/wp\/?post_type=product&#038;p=10235"},"modified":"2026-04-17T13:56:30","modified_gmt":"2026-04-17T17:56:30","slug":"agglomeration-de-longueuil","status":"publish","type":"product","link":"https:\/\/michelpratt.quebec\/?product=agglomeration-de-longueuil","title":{"rendered":"Agglom\u00e9ration de Longueuil"},"content":{"rendered":"<p>&nbsp;<\/p>\n<p><img fetchpriority=\"high\" decoding=\"async\" class=\"alignnone size-full wp-image-10224\" src=\"https:\/\/michelpratt.quebec\/wp-content\/uploads\/2024\/08\/coverblanc-e1724439298649.png\" alt=\"Agglom\u00e9ration de Longueuil\" width=\"1500\" height=\"1968\" \/><\/p>\n<p>Ce nouvel ouvrage, h\u00e9ritier de l&rsquo;Atlas historique (2001) \u00e9puis\u00e9 depuis plusieurs ann\u00e9es, fait \u00e9tat de l&rsquo;Agglom\u00e9ration de Longueuil en retra\u00e7ant l&rsquo;histoire des 5 villes qui en font partie : Boucherville, Brossard, Longueuil, Saint-Bruno-de-Montarville et Saint-Lambert.<\/p>\n<p>L\u2019historien qu\u00e9b\u00e9cois et professeur Michel Pratt <span style=\"font-size: 16px; -webkit-text-size-adjust: 100%;\">offre une exploration approfondie de l&rsquo;Agglom\u00e9ration de Longueuil, en retra\u00e7ant l&rsquo;histoire riche et vari\u00e9e des villes qui la composent. \u00c0 travers des tableaux statistiques d\u00e9taill\u00e9s, des cartes pr\u00e9cises, des photographies captivantes et des textes bien document\u00e9s, le livre dresse un portrait complet de ce territoire dynamique. S&rsquo;\u00e9tendant sur 310 km\u00b2, l&rsquo;Agglom\u00e9ration de Longueuil abrite, en d\u00e9cembre 2023, une population de 448 223 habitants. Ce territoire, riche en ressources et en atouts, r\u00e9v\u00e8le toute la diversit\u00e9 et la vitalit\u00e9 de ses communaut\u00e9s.<\/span><\/p>\n<p>Cette version met en valeur la richesse du contenu et renforce l&rsquo;attrait de l&rsquo;ouvrage pour le lecteur.<\/p>\n<p>Introduction<\/p>\n<p>Pr\u00e9sence am\u00e9rindienne<\/p>\n<p>R\u00e9gime fran\u00e7ais<\/p>\n<p>Implantation des seigneuries<\/p>\n<p>Le peuplement des seigneuries et les premiers \u00e9tablissements<\/p>\n<p>Les \u00eeles du Saint-Laurent<\/p>\n<p>Le r\u00e9gime seigneurial<\/p>\n<p>Le cadre paroissial dans le R\u00e9gime fran\u00e7ais<\/p>\n<p>La vie militaire<\/p>\n<p>Les voies de communication<\/p>\n<p>Le d\u00e9veloppement des villages<\/p>\n<p>L\u2019unit\u00e9 familiale<\/p>\n<p>Les d\u00e9buts du R\u00e9gime britannique<\/p>\n<p>Territoire et population<\/p>\n<p>Une nouvelle structure administrative : le comt\u00e9<\/p>\n<p>L\u2019essor des villages<\/p>\n<p>Les nouveaux moyens de transport<\/p>\n<p>Les paroisses au XIXe si\u00e8cle<\/p>\n<p>L\u2019\u00e9ducation au XIXe si\u00e8cle<\/p>\n<p>Les premiers coups de feu des Patriotes<\/p>\n<p>La cr\u00e9ation et l\u2019\u00e9volution des municipalit\u00e9s<\/p>\n<p>L\u2019\u00e9volution des moyens de transport et de communication<\/p>\n<p>L\u2019\u00e9volution de la main-d\u2019oeuvre et de l\u2019industrialisation<\/p>\n<p>L\u2019importance de l\u2019aviation dans les ann\u00e9es 1930-1940<\/p>\n<p>La pratique religieuse de la pratique \u00e0 l\u2019effondrement<\/p>\n<p>L\u2019\u00e9ducation au XXe si\u00e8cle<\/p>\n<p>L\u2019essor de la vie culturelle et communautaire au XXe si\u00e8cle<\/p>\n<p>Le r\u00e9seau de la Sant\u00e9<\/p>\n<p>De la balkanisation des villes \u00e0 leur fusion<\/p>\n<p>La crise du verglas de 1998<\/p>\n<p>La nouvelle ville de Longueuil<\/p>\n<p>Agglom\u00e9ration de Longueuil<\/p>\n<p><span style=\"font-size: 16px; -webkit-text-size-adjust: 100%;\">Cartes des circonscriptions \u00e9lectorales<\/span><\/p>\n<p>&nbsp;<\/p>\n","protected":false},"excerpt":{"rendered":"<p>&nbsp; Ce nouvel ouvrage, h\u00e9ritier de l&rsquo;Atlas historique (2001) \u00e9puis\u00e9 depuis plusieurs ann\u00e9es, fait \u00e9tat de l&rsquo;Agglom\u00e9ration de Longueuil en retra\u00e7ant l&rsquo;histoire des 5 villes qui en font partie : Boucherville, Brossard, Longueuil, Saint-Bruno-de-Montarville et Saint-Lambert. L\u2019historien qu\u00e9b\u00e9cois et professeur Michel Pratt offre une exploration approfondie de l&rsquo;Agglom\u00e9ration de Longueuil, en retra\u00e7ant l&rsquo;histoire riche et [&hellip;]<\/p>\n","protected":false},"featured_media":10224,"comment_status":"open","ping_status":"closed","template":"","meta":{"site-sidebar-layout":"default","site-content-layout":"","ast-site-content-layout":"default","site-content-style":"default","site-sidebar-style":"default","ast-global-header-display":"","ast-banner-title-visibility":"","ast-main-header-display":"","ast-hfb-above-header-display":"","ast-hfb-below-header-display":"","ast-hfb-mobile-header-display":"","site-post-title":"","ast-breadcrumbs-content":"","ast-featured-img":"","footer-sml-layout":"","ast-disable-related-posts":"","theme-transparent-header-meta":"default","adv-header-id-meta":"","stick-header-meta":"","header-above-stick-meta":"","header-main-stick-meta":"","header-below-stick-meta":"","astra-migrate-meta-layouts":"set","ast-page-background-enabled":"default","ast-page-background-meta":{"desktop":{"background-color":"","background-image":"","background-repeat":"repeat","background-position":"center center","background-size":"auto","background-attachment":"scroll","background-type":"","background-media":"","overlay-type":"","overlay-color":"","overlay-opacity":"","overlay-gradient":""},"tablet":{"background-color":"","background-image":"","background-repeat":"repeat","background-position":"center center","background-size":"auto","background-attachment":"scroll","background-type":"","background-media":"","overlay-type":"","overlay-color":"","overlay-opacity":"","overlay-gradient":""},"mobile":{"background-color":"","background-image":"","background-repeat":"repeat","background-position":"center center","background-size":"auto","background-attachment":"scroll","background-type":"","background-media":"","overlay-type":"","overlay-color":"","overlay-opacity":"","overlay-gradient":""}},"ast-content-background-meta":{"desktop":{"background-color":"var(--ast-global-color-5)","background-image":"","background-repeat":"repeat","background-position":"center center","background-size":"auto","background-attachment":"scroll","background-type":"","background-media":"","overlay-type":"","overlay-color":"","overlay-opacity":"","overlay-gradient":""},"tablet":{"background-color":"var(--ast-global-color-5)","background-image":"","background-repeat":"repeat","background-position":"center center","background-size":"auto","background-attachment":"scroll","background-type":"","background-media":"","overlay-type":"","overlay-color":"","overlay-opacity":"","overlay-gradient":""},"mobile":{"background-color":"var(--ast-global-color-5)","background-image":"","background-repeat":"repeat","background-position":"center center","background-size":"auto","background-attachment":"scroll","background-type":"","background-media":"","overlay-type":"","overlay-color":"","overlay-opacity":"","overlay-gradient":""}}},"product_brand":[],"product_cat":[62],"product_tag":[],"class_list":{"0":"post-10235","1":"product","2":"type-product","3":"status-publish","4":"has-post-thumbnail","6":"product_cat-versionpapier","7":"desktop-align-left","8":"tablet-align-left","9":"mobile-align-left","11":"first","12":"instock","13":"shipping-taxable","14":"purchasable","15":"product-type-simple"},"jetpack_sharing_enabled":true,"_links":{"self":[{"href":"https:\/\/michelpratt.quebec\/index.php?rest_route=\/wp\/v2\/product\/10235","targetHints":{"allow":["GET"]}}],"collection":[{"href":"https:\/\/michelpratt.quebec\/index.php?rest_route=\/wp\/v2\/product"}],"about":[{"href":"https:\/\/michelpratt.quebec\/index.php?rest_route=\/wp\/v2\/types\/product"}],"replies":[{"embeddable":true,"href":"https:\/\/michelpratt.quebec\/index.php?rest_route=%2Fwp%2Fv2%2Fcomments&post=10235"}],"version-history":[{"count":1,"href":"https:\/\/michelpratt.quebec\/index.php?rest_route=\/wp\/v2\/product\/10235\/revisions"}],"predecessor-version":[{"id":10238,"href":"https:\/\/michelpratt.quebec\/index.php?rest_route=\/wp\/v2\/product\/10235\/revisions\/10238"}],"wp:featuredmedia":[{"embeddable":true,"href":"https:\/\/michelpratt.quebec\/index.php?rest_route=\/wp\/v2\/media\/10224"}],"wp:attachment":[{"href":"https:\/\/michelpratt.quebec\/index.php?rest_route=%2Fwp%2Fv2%2Fmedia&parent=10235"}],"wp:term":[{"taxonomy":"product_brand","embeddable":true,"href":"https:\/\/michelpratt.quebec\/index.php?rest_route=%2Fwp%2Fv2%2Fproduct_brand&post=10235"},{"taxonomy":"product_cat","embeddable":true,"href":"https:\/\/michelpratt.quebec\/index.php?rest_route=%2Fwp%2Fv2%2Fproduct_cat&post=10235"},{"taxonomy":"product_tag","embeddable":true,"href":"https:\/\/michelpratt.quebec\/index.php?rest_route=%2Fwp%2Fv2%2Fproduct_tag&post=10235"}],"curies":[{"name":"wp","href":"https:\/\/api.w.org\/{rel}","templated":true}]}}