{"id":10369,"date":"2024-12-13T16:00:41","date_gmt":"2024-12-13T21:00:41","guid":{"rendered":"https:\/\/michelpratt.quebec\/wp\/?post_type=product&#038;p=10369"},"modified":"2026-04-17T13:43:26","modified_gmt":"2026-04-17T17:43:26","slug":"la-greve-de-la-united-aircraft-pdf-2","status":"publish","type":"product","link":"https:\/\/michelpratt.quebec\/?product=la-greve-de-la-united-aircraft-pdf-2","title":{"rendered":"La gr\u00e8ve de la United Aircraft PDF"},"content":{"rendered":"<p>Une des plus prolong\u00e9es et violentes gr\u00e8ves de l&rsquo;histoire du Qu\u00e9bec analys\u00e9e par l\u2019historien qu\u00e9b\u00e9cois Michel Pratt.<\/p>\n<p>Elle est \u00e0 l&rsquo;origine de la formule Rand obligatoire et de la loi anti-briseurs de gr\u00e8ve.<\/p>\n<figure id=\"attachment_9971\" aria-describedby=\"caption-attachment-9971\" style=\"width: 199px\" class=\"wp-caption aligncenter\"><img fetchpriority=\"high\" decoding=\"async\" class=\"size-medium wp-image-9971\" src=\"https:\/\/michelpratt.quebec\/wp-content\/uploads\/2024\/02\/IMG_6762-199x300.jpeg\" alt=\"\" width=\"199\" height=\"300\" srcset=\"https:\/\/michelpratt.quebec\/wp-content\/uploads\/2024\/02\/IMG_6762-199x300.jpeg 199w, https:\/\/michelpratt.quebec\/wp-content\/uploads\/2024\/02\/IMG_6762-678x1024.jpeg 678w, https:\/\/michelpratt.quebec\/wp-content\/uploads\/2024\/02\/IMG_6762-768x1160.jpeg 768w, https:\/\/michelpratt.quebec\/wp-content\/uploads\/2024\/02\/IMG_6762-300x453.jpeg 300w, https:\/\/michelpratt.quebec\/wp-content\/uploads\/2024\/02\/IMG_6762-600x906.jpeg 600w, https:\/\/michelpratt.quebec\/wp-content\/uploads\/2024\/02\/IMG_6762.jpeg 801w\" sizes=\"(max-width: 199px) 100vw, 199px\" \/><figcaption id=\"caption-attachment-9971\" class=\"wp-caption-text\">Gr\u00e8ve de la United Aircraft<\/figcaption><\/figure>\n","protected":false},"excerpt":{"rendered":"<p>Une des plus prolong\u00e9es et violentes gr\u00e8ves de l&rsquo;histoire du Qu\u00e9bec analys\u00e9e par l\u2019historien qu\u00e9b\u00e9cois Michel Pratt. Elle est \u00e0 l&rsquo;origine de la formule Rand obligatoire et de la loi anti-briseurs de gr\u00e8ve.<\/p>\n","protected":false},"featured_media":9971,"comment_status":"open","ping_status":"closed","template":"","meta":{"site-sidebar-layout":"default","site-content-layout":"","ast-site-content-layout":"default","site-content-style":"default","site-sidebar-style":"default","ast-global-header-display":"","ast-banner-title-visibility":"","ast-main-header-display":"","ast-hfb-above-header-display":"","ast-hfb-below-header-display":"","ast-hfb-mobile-header-display":"","site-post-title":"","ast-breadcrumbs-content":"","ast-featured-img":"","footer-sml-layout":"","ast-disable-related-posts":"","theme-transparent-header-meta":"default","adv-header-id-meta":"","stick-header-meta":"","header-above-stick-meta":"","header-main-stick-meta":"","header-below-stick-meta":"","astra-migrate-meta-layouts":"set","ast-page-background-enabled":"default","ast-page-background-meta":{"desktop":{"background-color":"","background-image":"","background-repeat":"repeat","background-position":"center center","background-size":"auto","background-attachment":"scroll","background-type":"","background-media":"","overlay-type":"","overlay-color":"","overlay-opacity":"","overlay-gradient":""},"tablet":{"background-color":"","background-image":"","background-repeat":"repeat","background-position":"center center","background-size":"auto","background-attachment":"scroll","background-type":"","background-media":"","overlay-type":"","overlay-color":"","overlay-opacity":"","overlay-gradient":""},"mobile":{"background-color":"","background-image":"","background-repeat":"repeat","background-position":"center center","background-size":"auto","background-attachment":"scroll","background-type":"","background-media":"","overlay-type":"","overlay-color":"","overlay-opacity":"","overlay-gradient":""}},"ast-content-background-meta":{"desktop":{"background-color":"var(--ast-global-color-5)","background-image":"","background-repeat":"repeat","background-position":"center center","background-size":"auto","background-attachment":"scroll","background-type":"","background-media":"","overlay-type":"","overlay-color":"","overlay-opacity":"","overlay-gradient":""},"tablet":{"background-color":"var(--ast-global-color-5)","background-image":"","background-repeat":"repeat","background-position":"center center","background-size":"auto","background-attachment":"scroll","background-type":"","background-media":"","overlay-type":"","overlay-color":"","overlay-opacity":"","overlay-gradient":""},"mobile":{"background-color":"var(--ast-global-color-5)","background-image":"","background-repeat":"repeat","background-position":"center center","background-size":"auto","background-attachment":"scroll","background-type":"","background-media":"","overlay-type":"","overlay-color":"","overlay-opacity":"","overlay-gradient":""}}},"product_brand":[],"product_cat":[63],"product_tag":[],"class_list":{"0":"post-10369","1":"product","2":"type-product","3":"status-publish","4":"has-post-thumbnail","6":"product_cat-livres-pdf","7":"desktop-align-left","8":"tablet-align-left","9":"mobile-align-left","11":"first","12":"instock","13":"downloadable","14":"virtual","15":"purchasable","16":"product-type-simple"},"jetpack_sharing_enabled":true,"_links":{"self":[{"href":"https:\/\/michelpratt.quebec\/index.php?rest_route=\/wp\/v2\/product\/10369","targetHints":{"allow":["GET"]}}],"collection":[{"href":"https:\/\/michelpratt.quebec\/index.php?rest_route=\/wp\/v2\/product"}],"about":[{"href":"https:\/\/michelpratt.quebec\/index.php?rest_route=\/wp\/v2\/types\/product"}],"replies":[{"embeddable":true,"href":"https:\/\/michelpratt.quebec\/index.php?rest_route=%2Fwp%2Fv2%2Fcomments&post=10369"}],"version-history":[{"count":1,"href":"https:\/\/michelpratt.quebec\/index.php?rest_route=\/wp\/v2\/product\/10369\/revisions"}],"predecessor-version":[{"id":10614,"href":"https:\/\/michelpratt.quebec\/index.php?rest_route=\/wp\/v2\/product\/10369\/revisions\/10614"}],"wp:featuredmedia":[{"embeddable":true,"href":"https:\/\/michelpratt.quebec\/index.php?rest_route=\/wp\/v2\/media\/9971"}],"wp:attachment":[{"href":"https:\/\/michelpratt.quebec\/index.php?rest_route=%2Fwp%2Fv2%2Fmedia&parent=10369"}],"wp:term":[{"taxonomy":"product_brand","embeddable":true,"href":"https:\/\/michelpratt.quebec\/index.php?rest_route=%2Fwp%2Fv2%2Fproduct_brand&post=10369"},{"taxonomy":"product_cat","embeddable":true,"href":"https:\/\/michelpratt.quebec\/index.php?rest_route=%2Fwp%2Fv2%2Fproduct_cat&post=10369"},{"taxonomy":"product_tag","embeddable":true,"href":"https:\/\/michelpratt.quebec\/index.php?rest_route=%2Fwp%2Fv2%2Fproduct_tag&post=10369"}],"curies":[{"name":"wp","href":"https:\/\/api.w.org\/{rel}","templated":true}]}}