{"id":1452,"date":"2017-11-15T10:30:40","date_gmt":"2017-11-15T15:30:40","guid":{"rendered":"https:\/\/michelpratt.quebec\/wp\/?post_type=product&#038;p=1452"},"modified":"2026-04-17T14:38:57","modified_gmt":"2026-04-17T18:38:57","slug":"la-jeune-parisienne-de-coteau-rouge-3","status":"publish","type":"product","link":"https:\/\/michelpratt.quebec\/?product=la-jeune-parisienne-de-coteau-rouge-3","title":{"rendered":"La jeune Parisienne de Coteau Rouge EPUB"},"content":{"rendered":"<p>&nbsp;<\/p>\n<p><img fetchpriority=\"high\" decoding=\"async\" class=\"size-medium wp-image-9867 aligncenter\" src=\"https:\/\/michelpratt.quebec\/wp-content\/uploads\/2024\/01\/Parisienne-200x300.png\" alt=\"\" width=\"200\" height=\"300\" srcset=\"https:\/\/michelpratt.quebec\/wp-content\/uploads\/2024\/01\/Parisienne-200x300.png 200w, https:\/\/michelpratt.quebec\/wp-content\/uploads\/2024\/01\/Parisienne.png 286w\" sizes=\"(max-width: 200px) 100vw, 200px\" \/><\/p>\n<p>En 1947, Mireille Tardivel, une Parisienne de vingt ans, \u00e9migre dans la r\u00e9gion de Montr\u00e9al avec ses parents. Avant de se lancer irr\u00e9m\u00e9diablement dans un emploi d\u2019enseignante, elle veut r\u00e9aliser un r\u00eave d\u2019enfance\u00a0: chanter dans les cabarets. Elle chante en banlieue de Montr\u00e9al, dans Coteau Rouge, un quartier ouvrier et particuli\u00e8rement pauvre o\u00f9 il n\u2019y a pas d\u2019aqueduc et o\u00f9 les chemins sont encore tr\u00e8s majoritairement en terre. L\u2019anarchie r\u00e8gne dans cette ville-champignon o\u00f9 il n\u2019y a que deux policiers.<\/p>\n<p>Coteau Rouge a inspir\u00e9 au cin\u00e9aste Andr\u00e9 Forcier son film <em>Coteau Rouge<\/em>. Le m\u00e9decin et auteur Jacques Ferron a \u00e9crit plusieurs historiettes dont l\u2019action se passe sur ce territoire et Pierre Valli\u00e8res y consacre une partie importante dans <em>N\u00e8gres blancs d\u2019Am\u00e9rique<\/em>.<\/p>\n<p>Le succ\u00e8s de Mireille est instantan\u00e9, mais les cur\u00e9s lui mettent des b\u00e2tons dans les roues.<\/p>\n<p>Elle rencontre sur son chemin Alexandre Letellier, un beau jeune bourgeois tr\u00e8s cultiv\u00e9 qui r\u00eave d\u2019aller \u00e9tudier \u00e0 Paris, une fois ses \u00e9tudes en droit termin\u00e9es. Le coup de foudre est mutuel.<\/p>\n<p>Malgr\u00e9 les obstacles nombreux et presque insurmontables, atteindra-t-elle son double objectif de chanter dans les cabarets et de s\u2019unir pour la vie \u00e0 son talentueux jeune amant\u2009?<\/p>\n","protected":false},"excerpt":{"rendered":"<p>1947. Coup de foudre sur rivalit\u00e9s sociales entre Ville Jacques-Cartier et le Vieux-Longueuil.<\/p>\n","protected":false},"featured_media":5905,"comment_status":"closed","ping_status":"closed","template":"","meta":{"site-sidebar-layout":"default","site-content-layout":"default","ast-site-content-layout":"default","site-content-style":"default","site-sidebar-style":"default","ast-global-header-display":"","ast-banner-title-visibility":"","ast-main-header-display":"","ast-hfb-above-header-display":"","ast-hfb-below-header-display":"","ast-hfb-mobile-header-display":"","site-post-title":"","ast-breadcrumbs-content":"","ast-featured-img":"","footer-sml-layout":"","ast-disable-related-posts":"","theme-transparent-header-meta":"default","adv-header-id-meta":"","stick-header-meta":"","header-above-stick-meta":"","header-main-stick-meta":"","header-below-stick-meta":"","astra-migrate-meta-layouts":"set","ast-page-background-enabled":"default","ast-page-background-meta":{"desktop":{"background-color":"","background-image":"","background-repeat":"repeat","background-position":"center center","background-size":"auto","background-attachment":"scroll","background-type":"","background-media":"","overlay-type":"","overlay-color":"","overlay-opacity":"","overlay-gradient":""},"tablet":{"background-color":"","background-image":"","background-repeat":"repeat","background-position":"center center","background-size":"auto","background-attachment":"scroll","background-type":"","background-media":"","overlay-type":"","overlay-color":"","overlay-opacity":"","overlay-gradient":""},"mobile":{"background-color":"","background-image":"","background-repeat":"repeat","background-position":"center center","background-size":"auto","background-attachment":"scroll","background-type":"","background-media":"","overlay-type":"","overlay-color":"","overlay-opacity":"","overlay-gradient":""}},"ast-content-background-meta":{"desktop":{"background-color":"var(--ast-global-color-5)","background-image":"","background-repeat":"repeat","background-position":"center center","background-size":"auto","background-attachment":"scroll","background-type":"","background-media":"","overlay-type":"","overlay-color":"","overlay-opacity":"","overlay-gradient":""},"tablet":{"background-color":"var(--ast-global-color-5)","background-image":"","background-repeat":"repeat","background-position":"center center","background-size":"auto","background-attachment":"scroll","background-type":"","background-media":"","overlay-type":"","overlay-color":"","overlay-opacity":"","overlay-gradient":""},"mobile":{"background-color":"var(--ast-global-color-5)","background-image":"","background-repeat":"repeat","background-position":"center center","background-size":"auto","background-attachment":"scroll","background-type":"","background-media":"","overlay-type":"","overlay-color":"","overlay-opacity":"","overlay-gradient":""}}},"product_brand":[],"product_cat":[64],"product_tag":[],"class_list":{"0":"post-1452","1":"product","2":"type-product","3":"status-publish","4":"has-post-thumbnail","6":"product_cat-epub","7":"desktop-align-left","8":"tablet-align-left","9":"mobile-align-left","11":"first","12":"instock","13":"downloadable","14":"virtual","15":"purchasable","16":"product-type-simple"},"jetpack_sharing_enabled":true,"_links":{"self":[{"href":"https:\/\/michelpratt.quebec\/index.php?rest_route=\/wp\/v2\/product\/1452","targetHints":{"allow":["GET"]}}],"collection":[{"href":"https:\/\/michelpratt.quebec\/index.php?rest_route=\/wp\/v2\/product"}],"about":[{"href":"https:\/\/michelpratt.quebec\/index.php?rest_route=\/wp\/v2\/types\/product"}],"replies":[{"embeddable":true,"href":"https:\/\/michelpratt.quebec\/index.php?rest_route=%2Fwp%2Fv2%2Fcomments&post=1452"}],"version-history":[{"count":0,"href":"https:\/\/michelpratt.quebec\/index.php?rest_route=\/wp\/v2\/product\/1452\/revisions"}],"wp:featuredmedia":[{"embeddable":true,"href":"https:\/\/michelpratt.quebec\/index.php?rest_route=\/wp\/v2\/media\/5905"}],"wp:attachment":[{"href":"https:\/\/michelpratt.quebec\/index.php?rest_route=%2Fwp%2Fv2%2Fmedia&parent=1452"}],"wp:term":[{"taxonomy":"product_brand","embeddable":true,"href":"https:\/\/michelpratt.quebec\/index.php?rest_route=%2Fwp%2Fv2%2Fproduct_brand&post=1452"},{"taxonomy":"product_cat","embeddable":true,"href":"https:\/\/michelpratt.quebec\/index.php?rest_route=%2Fwp%2Fv2%2Fproduct_cat&post=1452"},{"taxonomy":"product_tag","embeddable":true,"href":"https:\/\/michelpratt.quebec\/index.php?rest_route=%2Fwp%2Fv2%2Fproduct_tag&post=1452"}],"curies":[{"name":"wp","href":"https:\/\/api.w.org\/{rel}","templated":true}]}}