{"id":1767,"date":"2018-03-18T08:11:06","date_gmt":"2018-03-18T12:11:06","guid":{"rendered":"https:\/\/michelpratt.quebec\/wp\/?post_type=product&#038;p=1767"},"modified":"2025-07-30T16:13:18","modified_gmt":"2025-07-30T20:13:18","slug":"italo-balbo-pdf","status":"publish","type":"product","link":"https:\/\/michelpratt.quebec\/?product=italo-balbo-pdf","title":{"rendered":"Italo Balbo version papier"},"content":{"rendered":"<p><img fetchpriority=\"high\" decoding=\"async\" class=\"alignnone size-medium wp-image-9841\" src=\"https:\/\/michelpratt.quebec\/wp\/wp-content\/uploads\/2018\/03\/Balbo-195x300.png\" alt=\"\" width=\"195\" height=\"300\" srcset=\"https:\/\/michelpratt.quebec\/wp-content\/uploads\/2018\/03\/Balbo-195x300.png 195w, https:\/\/michelpratt.quebec\/wp-content\/uploads\/2018\/03\/Balbo.png 267w\" sizes=\"(max-width: 195px) 100vw, 195px\" \/><\/p>\n<p>Le r\u00eave de tout aviateur du monde occidental des ann\u00e9es 1920 et 1930 \u00e9tait de r\u00e9aliser la travers\u00e9e de l&rsquo;Atlantique \u00e0 bord d&rsquo;un avion, un peu comme le r\u00eave d&rsquo;un navigateur comme Christophe Colomb \u00e9tait de traverser le m\u00eame oc\u00e9an en bateau.<\/p>\n<p>En 1927, Charles Lindbergh stup\u00e9fiait le monde en traversant en solo et sans escale l&rsquo;Atlantique. \u00c0 peine six ans plus tard, Italo Balbo commandait la travers\u00e9e de l&rsquo;Atlantique de 24 hydravions pilot\u00e9s par des Italiens de l&rsquo;Italie fasciste.<\/p>\n<p>Cette travers\u00e9e qui n&rsquo;apportait pas d&rsquo;innovation technologique fut n\u00e9anmoins l&rsquo;une des plus spectaculaires de l&rsquo;histoire de l&rsquo;aviation. Comme les \u00e9quipages transportaient du courrier, des philat\u00e9listes ont accord\u00e9 \u00e0 cet \u00e9v\u00e9nement une importance notable. Des catalogues sp\u00e9cialis\u00e9s existent sur ce th\u00e8me: <em>La crociera Nord-Atlantica<\/em>, de Carlo S. Cerutti et en anglais <em>The mass Flights of Italo Balbo,<\/em> de Robert E. Lana.<\/p>\n<p>Des ouvrages ont \u00e9t\u00e9 publi\u00e9s sur Italo Balbo dont son exhaustive biographie Italo Balbo, <em>A Fascist Life<\/em>, r\u00e9dig\u00e9e par Claudio G. Segre, <em>Croisi\u00e8re sur l&rsquo;Atlantique<\/em>, par Italo Balbo lui-m\u00eame, demeure l&rsquo;indispensable r\u00e9f\u00e9rence.<\/p>\n<p>Tout comme l&rsquo;exp\u00e9dition en 1930 du dirigeable R-100 \u00e0 l&rsquo;a\u00e9roport de Saint-Hubert, cette travers\u00e9e de l&rsquo;Atlantique fut fortement document\u00e9e dans les journaux canadiens, mais elle le fut aussi dans de nombreux journaux \u00e0 l&rsquo;\u00e9chelle mondiale. Les villes de Sh\u00e9diac, Longueuil et Montr\u00e9al ont connu leur heure de c\u00e9l\u00e9brit\u00e9 pendant cette intr\u00e9pide exp\u00e9dition; il faut se le rem\u00e9morer.<\/p>\n<p>&nbsp;<\/p>\n<p><a href=\"https:\/\/www.erudit.org\/fr\/revues\/cd\/2020-n140-cd05097\/92656ac.pdf\" target=\"_blank\" rel=\"noopener\">Voir la critique de cet ouvrage dans la revue Cap-aux-Diamants<\/a>.<\/p>\n","protected":false},"excerpt":{"rendered":"<p>Le r\u00eave de tout aviateur du monde occidental des ann\u00e9es 1920 et 1930 \u00e9tait de r\u00e9aliser la travers\u00e9e de l&rsquo;Atlantique \u00e0 bord d&rsquo;un avion, un peu comme le r\u00eave d&rsquo;un navigateur comme Christophe Colomb \u00e9tait de traverser le m\u00eame oc\u00e9an en bateau. En 1927, Charles Lindbergh stup\u00e9fiait le monde en traversant en solo et sans [&hellip;]<\/p>\n","protected":false},"featured_media":9841,"comment_status":"closed","ping_status":"closed","template":"","meta":{"site-sidebar-layout":"default","site-content-layout":"default","ast-site-content-layout":"default","site-content-style":"default","site-sidebar-style":"default","ast-global-header-display":"","ast-banner-title-visibility":"","ast-main-header-display":"","ast-hfb-above-header-display":"","ast-hfb-below-header-display":"","ast-hfb-mobile-header-display":"","site-post-title":"","ast-breadcrumbs-content":"","ast-featured-img":"","footer-sml-layout":"","ast-disable-related-posts":"","theme-transparent-header-meta":"default","adv-header-id-meta":"","stick-header-meta":"","header-above-stick-meta":"","header-main-stick-meta":"","header-below-stick-meta":"","astra-migrate-meta-layouts":"set","ast-page-background-enabled":"default","ast-page-background-meta":{"desktop":{"background-color":"","background-image":"","background-repeat":"repeat","background-position":"center center","background-size":"auto","background-attachment":"scroll","background-type":"","background-media":"","overlay-type":"","overlay-color":"","overlay-opacity":"","overlay-gradient":""},"tablet":{"background-color":"","background-image":"","background-repeat":"repeat","background-position":"center center","background-size":"auto","background-attachment":"scroll","background-type":"","background-media":"","overlay-type":"","overlay-color":"","overlay-opacity":"","overlay-gradient":""},"mobile":{"background-color":"","background-image":"","background-repeat":"repeat","background-position":"center center","background-size":"auto","background-attachment":"scroll","background-type":"","background-media":"","overlay-type":"","overlay-color":"","overlay-opacity":"","overlay-gradient":""}},"ast-content-background-meta":{"desktop":{"background-color":"var(--ast-global-color-5)","background-image":"","background-repeat":"repeat","background-position":"center center","background-size":"auto","background-attachment":"scroll","background-type":"","background-media":"","overlay-type":"","overlay-color":"","overlay-opacity":"","overlay-gradient":""},"tablet":{"background-color":"var(--ast-global-color-5)","background-image":"","background-repeat":"repeat","background-position":"center center","background-size":"auto","background-attachment":"scroll","background-type":"","background-media":"","overlay-type":"","overlay-color":"","overlay-opacity":"","overlay-gradient":""},"mobile":{"background-color":"var(--ast-global-color-5)","background-image":"","background-repeat":"repeat","background-position":"center center","background-size":"auto","background-attachment":"scroll","background-type":"","background-media":"","overlay-type":"","overlay-color":"","overlay-opacity":"","overlay-gradient":""}}},"product_brand":[],"product_cat":[62],"product_tag":[],"class_list":{"0":"post-1767","1":"product","2":"type-product","3":"status-publish","4":"has-post-thumbnail","6":"product_cat-versionpapier","7":"desktop-align-left","8":"tablet-align-left","9":"mobile-align-left","11":"first","12":"instock","13":"shipping-taxable","14":"purchasable","15":"product-type-simple"},"jetpack_sharing_enabled":true,"_links":{"self":[{"href":"https:\/\/michelpratt.quebec\/index.php?rest_route=\/wp\/v2\/product\/1767","targetHints":{"allow":["GET"]}}],"collection":[{"href":"https:\/\/michelpratt.quebec\/index.php?rest_route=\/wp\/v2\/product"}],"about":[{"href":"https:\/\/michelpratt.quebec\/index.php?rest_route=\/wp\/v2\/types\/product"}],"replies":[{"embeddable":true,"href":"https:\/\/michelpratt.quebec\/index.php?rest_route=%2Fwp%2Fv2%2Fcomments&post=1767"}],"version-history":[{"count":1,"href":"https:\/\/michelpratt.quebec\/index.php?rest_route=\/wp\/v2\/product\/1767\/revisions"}],"predecessor-version":[{"id":9837,"href":"https:\/\/michelpratt.quebec\/index.php?rest_route=\/wp\/v2\/product\/1767\/revisions\/9837"}],"wp:featuredmedia":[{"embeddable":true,"href":"https:\/\/michelpratt.quebec\/index.php?rest_route=\/wp\/v2\/media\/9841"}],"wp:attachment":[{"href":"https:\/\/michelpratt.quebec\/index.php?rest_route=%2Fwp%2Fv2%2Fmedia&parent=1767"}],"wp:term":[{"taxonomy":"product_brand","embeddable":true,"href":"https:\/\/michelpratt.quebec\/index.php?rest_route=%2Fwp%2Fv2%2Fproduct_brand&post=1767"},{"taxonomy":"product_cat","embeddable":true,"href":"https:\/\/michelpratt.quebec\/index.php?rest_route=%2Fwp%2Fv2%2Fproduct_cat&post=1767"},{"taxonomy":"product_tag","embeddable":true,"href":"https:\/\/michelpratt.quebec\/index.php?rest_route=%2Fwp%2Fv2%2Fproduct_tag&post=1767"}],"curies":[{"name":"wp","href":"https:\/\/api.w.org\/{rel}","templated":true}]}}