{"id":1779,"date":"2018-03-18T09:55:15","date_gmt":"2018-03-18T13:55:15","guid":{"rendered":"https:\/\/michelpratt.quebec\/wp\/?post_type=product&#038;p=1779"},"modified":"2026-04-17T13:10:20","modified_gmt":"2026-04-17T17:10:20","slug":"la-jeune-parisienne-de-coteau-rouge-pdf","status":"publish","type":"product","link":"https:\/\/michelpratt.quebec\/?product=la-jeune-parisienne-de-coteau-rouge-pdf","title":{"rendered":"La jeune Parisienne de Coteau Rouge PDF"},"content":{"rendered":"<p>&nbsp;<\/p>\n<p><img fetchpriority=\"high\" decoding=\"async\" class=\"alignnone size-medium wp-image-9845\" src=\"https:\/\/michelpratt.quebec\/wp\/wp-content\/uploads\/2018\/03\/Parisienne-200x300.png\" alt=\"\" width=\"200\" height=\"300\" srcset=\"https:\/\/michelpratt.quebec\/wp-content\/uploads\/2018\/03\/Parisienne-200x300.png 200w, https:\/\/michelpratt.quebec\/wp-content\/uploads\/2018\/03\/Parisienne.png 286w\" sizes=\"(max-width: 200px) 100vw, 200px\" \/><\/p>\n<p>En 1947, Mireille Tardivel, une Parisienne de vingt ans, \u00e9migre dans la r\u00e9gion de Montr\u00e9al avec ses parents. Avant de se lancer irr\u00e9m\u00e9diablement dans un emploi d\u2019enseignante, elle veut r\u00e9aliser un r\u00eave d\u2019enfance : chanter dans les cabarets.<\/p>\n<p>Alors que son p\u00e8re est en recherche d\u2019emploi, elle chante dans le quartier de Coteau-Rouge qui fait partie de la toute nouvelle Ville Jacques-Cartier. C\u2019est une ville ouvri\u00e8re particuli\u00e8rement pauvre, \u00e0 une dizaine de kilom\u00e8tres de Montr\u00e9al, o\u00f9 il n\u2019y a pas d\u2019aqueduc et o\u00f9 les chemins sont encore tr\u00e8s majoritairement en terre. L\u2019anarchie r\u00e8gne dans cette ville-champignon o\u00f9 il n\u2019y a que deux policiers.<\/p>\n<p>Le succ\u00e8s de Mireille est instantan\u00e9, mais les cur\u00e9s lui mettent les b\u00e2tons dans les roues.<\/p>\n<p>Elle rencontre sur son chemin Alexandre Letellier, un beau jeune bourgeois de Longueuil tr\u00e8s cultiv\u00e9 qui r\u00eave d\u2019aller \u00e9tudier \u00e0 Paris, une fois ses \u00e9tudes de droit termin\u00e9es. Le coup de foudre est mutuel.<\/p>\n<p>Michel Pratt nous offre un roman bas\u00e9 sur un puissant coup de foudre entre deux jeunes que le milieu social s\u00e9pare. L\u2019auteur nous livre une histoire qui respecte avec minutie l\u2019ambiance de l\u2019\u00e9poque.<\/p>\n<p>&nbsp;<\/p>\n","protected":false},"excerpt":{"rendered":"<p>&nbsp; En 1947, Mireille Tardivel, une Parisienne de vingt ans, \u00e9migre dans la r\u00e9gion de Montr\u00e9al avec ses parents. Avant de se lancer irr\u00e9m\u00e9diablement dans un emploi d\u2019enseignante, elle veut r\u00e9aliser un r\u00eave d\u2019enfance : chanter dans les cabarets. Alors que son p\u00e8re est en recherche d\u2019emploi, elle chante dans le quartier de Coteau-Rouge qui [&hellip;]<\/p>\n","protected":false},"featured_media":9845,"comment_status":"closed","ping_status":"closed","template":"","meta":{"site-sidebar-layout":"default","site-content-layout":"default","ast-site-content-layout":"default","site-content-style":"default","site-sidebar-style":"default","ast-global-header-display":"","ast-banner-title-visibility":"","ast-main-header-display":"","ast-hfb-above-header-display":"","ast-hfb-below-header-display":"","ast-hfb-mobile-header-display":"","site-post-title":"","ast-breadcrumbs-content":"","ast-featured-img":"","footer-sml-layout":"","ast-disable-related-posts":"","theme-transparent-header-meta":"default","adv-header-id-meta":"","stick-header-meta":"","header-above-stick-meta":"","header-main-stick-meta":"","header-below-stick-meta":"","astra-migrate-meta-layouts":"set","ast-page-background-enabled":"default","ast-page-background-meta":{"desktop":{"background-color":"","background-image":"","background-repeat":"repeat","background-position":"center center","background-size":"auto","background-attachment":"scroll","background-type":"","background-media":"","overlay-type":"","overlay-color":"","overlay-opacity":"","overlay-gradient":""},"tablet":{"background-color":"","background-image":"","background-repeat":"repeat","background-position":"center center","background-size":"auto","background-attachment":"scroll","background-type":"","background-media":"","overlay-type":"","overlay-color":"","overlay-opacity":"","overlay-gradient":""},"mobile":{"background-color":"","background-image":"","background-repeat":"repeat","background-position":"center center","background-size":"auto","background-attachment":"scroll","background-type":"","background-media":"","overlay-type":"","overlay-color":"","overlay-opacity":"","overlay-gradient":""}},"ast-content-background-meta":{"desktop":{"background-color":"var(--ast-global-color-5)","background-image":"","background-repeat":"repeat","background-position":"center center","background-size":"auto","background-attachment":"scroll","background-type":"","background-media":"","overlay-type":"","overlay-color":"","overlay-opacity":"","overlay-gradient":""},"tablet":{"background-color":"var(--ast-global-color-5)","background-image":"","background-repeat":"repeat","background-position":"center center","background-size":"auto","background-attachment":"scroll","background-type":"","background-media":"","overlay-type":"","overlay-color":"","overlay-opacity":"","overlay-gradient":""},"mobile":{"background-color":"var(--ast-global-color-5)","background-image":"","background-repeat":"repeat","background-position":"center center","background-size":"auto","background-attachment":"scroll","background-type":"","background-media":"","overlay-type":"","overlay-color":"","overlay-opacity":"","overlay-gradient":""}}},"product_brand":[],"product_cat":[63],"product_tag":[],"class_list":{"0":"post-1779","1":"product","2":"type-product","3":"status-publish","4":"has-post-thumbnail","6":"product_cat-livres-pdf","7":"desktop-align-left","8":"tablet-align-left","9":"mobile-align-left","11":"first","12":"instock","13":"downloadable","14":"virtual","15":"purchasable","16":"product-type-simple"},"jetpack_sharing_enabled":true,"_links":{"self":[{"href":"https:\/\/michelpratt.quebec\/index.php?rest_route=\/wp\/v2\/product\/1779","targetHints":{"allow":["GET"]}}],"collection":[{"href":"https:\/\/michelpratt.quebec\/index.php?rest_route=\/wp\/v2\/product"}],"about":[{"href":"https:\/\/michelpratt.quebec\/index.php?rest_route=\/wp\/v2\/types\/product"}],"replies":[{"embeddable":true,"href":"https:\/\/michelpratt.quebec\/index.php?rest_route=%2Fwp%2Fv2%2Fcomments&post=1779"}],"version-history":[{"count":1,"href":"https:\/\/michelpratt.quebec\/index.php?rest_route=\/wp\/v2\/product\/1779\/revisions"}],"predecessor-version":[{"id":9846,"href":"https:\/\/michelpratt.quebec\/index.php?rest_route=\/wp\/v2\/product\/1779\/revisions\/9846"}],"wp:featuredmedia":[{"embeddable":true,"href":"https:\/\/michelpratt.quebec\/index.php?rest_route=\/wp\/v2\/media\/9845"}],"wp:attachment":[{"href":"https:\/\/michelpratt.quebec\/index.php?rest_route=%2Fwp%2Fv2%2Fmedia&parent=1779"}],"wp:term":[{"taxonomy":"product_brand","embeddable":true,"href":"https:\/\/michelpratt.quebec\/index.php?rest_route=%2Fwp%2Fv2%2Fproduct_brand&post=1779"},{"taxonomy":"product_cat","embeddable":true,"href":"https:\/\/michelpratt.quebec\/index.php?rest_route=%2Fwp%2Fv2%2Fproduct_cat&post=1779"},{"taxonomy":"product_tag","embeddable":true,"href":"https:\/\/michelpratt.quebec\/index.php?rest_route=%2Fwp%2Fv2%2Fproduct_tag&post=1779"}],"curies":[{"name":"wp","href":"https:\/\/api.w.org\/{rel}","templated":true}]}}