{"id":2055,"date":"2026-04-04T10:00:40","date_gmt":"2026-04-04T14:00:40","guid":{"rendered":"https:\/\/michelpratt.quebec\/wp\/?post_type=product&#038;p=2055"},"modified":"2026-04-17T13:21:50","modified_gmt":"2026-04-17T17:21:50","slug":"dictionnaire-historique-de-longueuil-pdf","status":"publish","type":"product","link":"https:\/\/michelpratt.quebec\/?product=dictionnaire-historique-de-longueuil-pdf","title":{"rendered":"Dictionnaire historique de Longueuil 2026 (PDF)"},"content":{"rendered":"<figure id=\"attachment_9876\" aria-describedby=\"caption-attachment-9876\" style=\"width: 200px\" class=\"wp-caption alignnone\"><img fetchpriority=\"high\" decoding=\"async\" class=\"size-medium wp-image-9876\" src=\"https:\/\/michelpratt.quebec\/wp-content\/uploads\/2024\/01\/Dictio-200x300.png\" alt=\"Dictionnaire historique de Longueuil 2026\" width=\"200\" height=\"300\" srcset=\"https:\/\/michelpratt.quebec\/wp-content\/uploads\/2024\/01\/Dictio-200x300.png 200w, https:\/\/michelpratt.quebec\/wp-content\/uploads\/2024\/01\/Dictio-683x1024.png 683w, https:\/\/michelpratt.quebec\/wp-content\/uploads\/2024\/01\/Dictio-768x1152.png 768w, https:\/\/michelpratt.quebec\/wp-content\/uploads\/2024\/01\/Dictio-1024x1536.png 1024w, https:\/\/michelpratt.quebec\/wp-content\/uploads\/2024\/01\/Dictio-1365x2048.png 1365w, https:\/\/michelpratt.quebec\/wp-content\/uploads\/2024\/01\/Dictio-300x450.png 300w, https:\/\/michelpratt.quebec\/wp-content\/uploads\/2024\/01\/Dictio-600x900.png 600w\" sizes=\"(max-width: 200px) 100vw, 200px\" \/><figcaption id=\"caption-attachment-9876\" class=\"wp-caption-text\">Dictionnaire de Longueuil 2026<\/figcaption><\/figure>\n<p>Fort appr\u00e9ci\u00e9 des chercheurs, des journalistes, des \u00e9tudiants, des fonctionnaires ainsi que des passionn\u00e9s d&rsquo;histoire et de g\u00e9n\u00e9alogie, l&rsquo;\u00e9dition 2020 de ce dictionnaire constitue \u00e9galement un outil incontournable pour celles et ceux qui s&rsquo;int\u00e9ressent au r\u00e9cit de leur ville. Maires, conseillers municipaux, organismes culturels et communautaires, entreprises, paroisses, \u00e9coles et th\u00e8mes divers se succ\u00e8dent admirablement pour nous permettre \u00e0 la fois de renouer avec nos origines, et de mieux comprendre notre pr\u00e9sent. Par l\u2019historien qu\u00e9b\u00e9cois Michel Pratt. \u00a0Version 2026. Fort appr\u00e9ci\u00e9 des chercheurs, des journalistes, des \u00e9tudiants, des fonctionnaires ainsi que des passionn\u00e9s d&rsquo;histoire et de g\u00e9n\u00e9alogie, l&rsquo;\u00e9dition 2026 de ce dictionnaire constitue \u00e9galement un outil incontournable pour celles et ceux qui s&rsquo;int\u00e9ressent au r\u00e9cit de leur ville. Maires, conseillers municipaux, organismes culturels et communautaires, entreprises, paroisses, \u00e9coles et th\u00e8mes divers se succ\u00e8dent admirablement pour nous permettre \u00e0 la fois de renouer avec nos origines, et de mieux comprendre notre pr\u00e9sent.<\/p>\n<p>&nbsp;<\/p>\n<div style=\"max-width: 900px; margin: auto; font-family: Arial,sans-serif; line-height: 1.6;\">\n<h1>Dictionnaire historique de Longueuil<\/h1>\n<p style=\"font-size: 18px;\">Le premier dictionnaire historique consacr\u00e9 \u00e0 une ville canadienne, publi\u00e9 en 1995 et constamment actualis\u00e9. depuis.<\/p>\n<div style=\"display: flex; flex-wrap: wrap; gap: 30px; margin-top: 20px;\">\n<div style=\"flex: 1; min-width: 250px;\"><img decoding=\"async\" style=\"width: 100%; border-radius: 10px;\" src=\"URL_IMAGE\" \/><\/div>\n<div style=\"flex: 1; min-width: 250px;\">\n<p><strong>Auteur :<\/strong> Michel Pratt<\/p>\n<p><strong>Nombre de pages :<\/strong> 572<\/p>\n<p><a style=\"display: inline-block; background: #0073aa; color: white; padding: 12px 20px; text-decoration: none; border-radius: 5px;\" href=\"#\"><br \/>\nAjouter au panier<br \/>\n<\/a><\/p>\n<\/div>\n<\/div>\n<hr style=\"margin: 30px 0;\" \/>\n<h2>\ud83d\udcd6 Description<\/h2>\n<p>Publi\u00e9 pour la premi\u00e8re fois en 1995, ce dictionnaire historique de Longueuil constitue une \u0153uvre unique au Canada.<br \/>\nIl s\u2019agit du premier dictionnaire historique consacr\u00e9 \u00e0 une ville canadienne, offrant une synth\u00e8se rigoureuse des connaissances sur son \u00e9volution.<\/p>\n<p>Cet ouvrage rassemble des centaines d\u2019entr\u00e9es portant sur les lieux, les institutions, les personnages et les \u00e9v\u00e9nements qui ont marqu\u00e9 l\u2019histoire de Longueuil.<br \/>\nIl a \u00e9t\u00e9 r\u00e9guli\u00e8rement mis \u00e0 jour afin de refl\u00e9ter l\u2019\u00e9tat actuel des connaissances historiques.<\/p>\n<h2>\u2714 Points forts<\/h2>\n<ul>\n<li>572 pages de contenu d\u00e9taill\u00e9<\/li>\n<li>Premier dictionnaire historique d\u2019une ville canadienne<\/li>\n<li>Mises \u00e0 jour r\u00e9guli\u00e8res depuis 1995<\/li>\n<li>Outil de r\u00e9f\u00e9rence pour chercheurs et passionn\u00e9s<\/li>\n<\/ul>\n<hr \/>\n<h2>\ud83c\udf93 Un ouvrage de r\u00e9f\u00e9rence<\/h2>\n<p>Ce dictionnaire historique s\u2019adresse autant aux chercheurs qu\u2019au grand public.<br \/>\nIl permet d\u2019explorer l\u2019histoire de Longueuil \u00e0 travers une approche structur\u00e9e et document\u00e9e, facilitant la recherche d\u2019information pr\u00e9cise.<\/p>\n<p>Il constitue une r\u00e9f\u00e9rence incontournable pour toute personne int\u00e9ress\u00e9e par l\u2019histoire de Longueuil, du Qu\u00e9bec et des villes canadiennes.<\/p>\n<hr \/>\n<h2>\ud83d\udd0e Pourquoi consulter ce dictionnaire ?<\/h2>\n<ul>\n<li>Comprendre l\u2019\u00e9volution de Longueuil<\/li>\n<li>Acc\u00e9der rapidement \u00e0 des informations historiques fiables<\/li>\n<li>Explorer les acteurs et \u00e9v\u00e9nements marquants<\/li>\n<\/ul>\n<hr \/>\n<h2>\ud83d\udcda \u00c0 d\u00e9couvrir aussi<\/h2>\n<ul>\n<li><a href=\"#\">Histoire populaire de Longueuil<\/a><\/li>\n<li><a href=\"#\">C\u2019\u00e9tait hier \u00e0 Longueuil<\/a><\/li>\n<li><a href=\"#\">Jacques-Cartier, une ville de pionniers<\/a><\/li>\n<\/ul>\n<\/div>\n<p>&nbsp;<\/p>\n","protected":false},"excerpt":{"rendered":"<p><b>\u00c9diteur:<\/b> Michel Pratt \u00e9diteur<\/p>\n<p><b>Langue:<\/b>\u00a0Fran\u00e7aise<\/p>\n","protected":false},"featured_media":9876,"comment_status":"closed","ping_status":"closed","template":"","meta":{"site-sidebar-layout":"default","site-content-layout":"default","ast-site-content-layout":"default","site-content-style":"default","site-sidebar-style":"default","ast-global-header-display":"","ast-banner-title-visibility":"","ast-main-header-display":"","ast-hfb-above-header-display":"","ast-hfb-below-header-display":"","ast-hfb-mobile-header-display":"","site-post-title":"","ast-breadcrumbs-content":"","ast-featured-img":"","footer-sml-layout":"","ast-disable-related-posts":"","theme-transparent-header-meta":"default","adv-header-id-meta":"","stick-header-meta":"","header-above-stick-meta":"","header-main-stick-meta":"","header-below-stick-meta":"","astra-migrate-meta-layouts":"set","ast-page-background-enabled":"default","ast-page-background-meta":{"desktop":{"background-color":"","background-image":"","background-repeat":"repeat","background-position":"center center","background-size":"auto","background-attachment":"scroll","background-type":"","background-media":"","overlay-type":"","overlay-color":"","overlay-opacity":"","overlay-gradient":""},"tablet":{"background-color":"","background-image":"","background-repeat":"repeat","background-position":"center center","background-size":"auto","background-attachment":"scroll","background-type":"","background-media":"","overlay-type":"","overlay-color":"","overlay-opacity":"","overlay-gradient":""},"mobile":{"background-color":"","background-image":"","background-repeat":"repeat","background-position":"center center","background-size":"auto","background-attachment":"scroll","background-type":"","background-media":"","overlay-type":"","overlay-color":"","overlay-opacity":"","overlay-gradient":""}},"ast-content-background-meta":{"desktop":{"background-color":"var(--ast-global-color-5)","background-image":"","background-repeat":"repeat","background-position":"center center","background-size":"auto","background-attachment":"scroll","background-type":"","background-media":"","overlay-type":"","overlay-color":"","overlay-opacity":"","overlay-gradient":""},"tablet":{"background-color":"var(--ast-global-color-5)","background-image":"","background-repeat":"repeat","background-position":"center center","background-size":"auto","background-attachment":"scroll","background-type":"","background-media":"","overlay-type":"","overlay-color":"","overlay-opacity":"","overlay-gradient":""},"mobile":{"background-color":"var(--ast-global-color-5)","background-image":"","background-repeat":"repeat","background-position":"center center","background-size":"auto","background-attachment":"scroll","background-type":"","background-media":"","overlay-type":"","overlay-color":"","overlay-opacity":"","overlay-gradient":""}}},"product_brand":[],"product_cat":[63],"product_tag":[],"class_list":{"0":"post-2055","1":"product","2":"type-product","3":"status-publish","4":"has-post-thumbnail","6":"product_cat-livres-pdf","7":"desktop-align-left","8":"tablet-align-left","9":"mobile-align-left","11":"first","12":"instock","13":"downloadable","14":"virtual","15":"sold-individually","16":"purchasable","17":"product-type-simple"},"jetpack_sharing_enabled":true,"_links":{"self":[{"href":"https:\/\/michelpratt.quebec\/index.php?rest_route=\/wp\/v2\/product\/2055","targetHints":{"allow":["GET"]}}],"collection":[{"href":"https:\/\/michelpratt.quebec\/index.php?rest_route=\/wp\/v2\/product"}],"about":[{"href":"https:\/\/michelpratt.quebec\/index.php?rest_route=\/wp\/v2\/types\/product"}],"replies":[{"embeddable":true,"href":"https:\/\/michelpratt.quebec\/index.php?rest_route=%2Fwp%2Fv2%2Fcomments&post=2055"}],"version-history":[{"count":1,"href":"https:\/\/michelpratt.quebec\/index.php?rest_route=\/wp\/v2\/product\/2055\/revisions"}],"predecessor-version":[{"id":9779,"href":"https:\/\/michelpratt.quebec\/index.php?rest_route=\/wp\/v2\/product\/2055\/revisions\/9779"}],"wp:featuredmedia":[{"embeddable":true,"href":"https:\/\/michelpratt.quebec\/index.php?rest_route=\/wp\/v2\/media\/9876"}],"wp:attachment":[{"href":"https:\/\/michelpratt.quebec\/index.php?rest_route=%2Fwp%2Fv2%2Fmedia&parent=2055"}],"wp:term":[{"taxonomy":"product_brand","embeddable":true,"href":"https:\/\/michelpratt.quebec\/index.php?rest_route=%2Fwp%2Fv2%2Fproduct_brand&post=2055"},{"taxonomy":"product_cat","embeddable":true,"href":"https:\/\/michelpratt.quebec\/index.php?rest_route=%2Fwp%2Fv2%2Fproduct_cat&post=2055"},{"taxonomy":"product_tag","embeddable":true,"href":"https:\/\/michelpratt.quebec\/index.php?rest_route=%2Fwp%2Fv2%2Fproduct_tag&post=2055"}],"curies":[{"name":"wp","href":"https:\/\/api.w.org\/{rel}","templated":true}]}}