{"id":6268,"date":"2023-04-07T17:51:14","date_gmt":"2023-04-07T21:51:14","guid":{"rendered":"https:\/\/michelpratt.quebec\/wp\/?post_type=product&#038;p=6268"},"modified":"2026-04-17T13:45:15","modified_gmt":"2026-04-17T17:45:15","slug":"cetait-hier-a-longueuil-chroniques-et-photos","status":"publish","type":"product","link":"https:\/\/michelpratt.quebec\/?product=cetait-hier-a-longueuil-chroniques-et-photos","title":{"rendered":"C&rsquo;\u00e9tait hier \u00e0 Longueuil. Chroniques et photos PDF"},"content":{"rendered":"<p>&nbsp;<\/p>\n<figure id=\"attachment_9877\" aria-describedby=\"caption-attachment-9877\" style=\"width: 233px\" class=\"wp-caption aligncenter\"><img fetchpriority=\"high\" decoding=\"async\" class=\"size-medium wp-image-9877\" src=\"https:\/\/michelpratt.quebec\/wp-content\/uploads\/2024\/01\/HierLongueuil-233x300.png\" alt=\"\" width=\"233\" height=\"300\" \/><figcaption id=\"caption-attachment-9877\" class=\"wp-caption-text\">C&rsquo;\u00e9tait hier \u00e0 Longueuil<\/figcaption><\/figure>\n<p>Plongez dans les riches annales de Longueuil \u00e0 travers des r\u00e9cits captivants sur les transports, les \u00e9glises, les \u00e9coles, les commerces, l\u2019aviation et la politique. D\u00e9couvrez l\u2019\u00e9volution fascinante de cette ville dynamique, illustr\u00e9e par de nombreuses photos d\u2019archives et contemporaines et des anecdotes \u00e9tonnantes et divertissantes,<\/p>\n<p>Cette \u00e9dition, mise \u00e0 jour en juillet 2024, offre une perspective renouvel\u00e9e sur le patrimoine et les transformations de Longueuil, permettant aux lecteurs de mieux comprendre son pass\u00e9 tout en appr\u00e9ciant son pr\u00e9sent.<\/p>\n","protected":false},"excerpt":{"rendered":"<p>&nbsp; Plongez dans les riches annales de Longueuil \u00e0 travers des r\u00e9cits captivants sur les transports, les \u00e9glises, les \u00e9coles, les commerces, l\u2019aviation et la politique. D\u00e9couvrez l\u2019\u00e9volution fascinante de cette ville dynamique, illustr\u00e9e par de nombreuses photos d\u2019archives et contemporaines et des anecdotes \u00e9tonnantes et divertissantes, Cette \u00e9dition, mise \u00e0 jour en juillet 2024, [&hellip;]<\/p>\n","protected":false},"featured_media":9877,"comment_status":"open","ping_status":"closed","template":"","meta":{"site-sidebar-layout":"default","site-content-layout":"default","ast-site-content-layout":"default","site-content-style":"default","site-sidebar-style":"default","ast-global-header-display":"","ast-banner-title-visibility":"","ast-main-header-display":"","ast-hfb-above-header-display":"","ast-hfb-below-header-display":"","ast-hfb-mobile-header-display":"","site-post-title":"","ast-breadcrumbs-content":"","ast-featured-img":"","footer-sml-layout":"","ast-disable-related-posts":"","theme-transparent-header-meta":"default","adv-header-id-meta":"","stick-header-meta":"","header-above-stick-meta":"","header-main-stick-meta":"","header-below-stick-meta":"","astra-migrate-meta-layouts":"set","ast-page-background-enabled":"default","ast-page-background-meta":{"desktop":{"background-color":"","background-image":"","background-repeat":"repeat","background-position":"center center","background-size":"auto","background-attachment":"scroll","background-type":"","background-media":"","overlay-type":"","overlay-color":"","overlay-opacity":"","overlay-gradient":""},"tablet":{"background-color":"","background-image":"","background-repeat":"repeat","background-position":"center center","background-size":"auto","background-attachment":"scroll","background-type":"","background-media":"","overlay-type":"","overlay-color":"","overlay-opacity":"","overlay-gradient":""},"mobile":{"background-color":"","background-image":"","background-repeat":"repeat","background-position":"center center","background-size":"auto","background-attachment":"scroll","background-type":"","background-media":"","overlay-type":"","overlay-color":"","overlay-opacity":"","overlay-gradient":""}},"ast-content-background-meta":{"desktop":{"background-color":"var(--ast-global-color-5)","background-image":"","background-repeat":"repeat","background-position":"center center","background-size":"auto","background-attachment":"scroll","background-type":"","background-media":"","overlay-type":"","overlay-color":"","overlay-opacity":"","overlay-gradient":""},"tablet":{"background-color":"var(--ast-global-color-5)","background-image":"","background-repeat":"repeat","background-position":"center center","background-size":"auto","background-attachment":"scroll","background-type":"","background-media":"","overlay-type":"","overlay-color":"","overlay-opacity":"","overlay-gradient":""},"mobile":{"background-color":"var(--ast-global-color-5)","background-image":"","background-repeat":"repeat","background-position":"center center","background-size":"auto","background-attachment":"scroll","background-type":"","background-media":"","overlay-type":"","overlay-color":"","overlay-opacity":"","overlay-gradient":""}}},"product_brand":[],"product_cat":[63],"product_tag":[],"class_list":{"0":"post-6268","1":"product","2":"type-product","3":"status-publish","4":"has-post-thumbnail","6":"product_cat-livres-pdf","7":"desktop-align-left","8":"tablet-align-left","9":"mobile-align-left","11":"first","12":"instock","13":"featured","14":"downloadable","15":"virtual","16":"purchasable","17":"product-type-simple"},"jetpack_sharing_enabled":true,"_links":{"self":[{"href":"https:\/\/michelpratt.quebec\/index.php?rest_route=\/wp\/v2\/product\/6268","targetHints":{"allow":["GET"]}}],"collection":[{"href":"https:\/\/michelpratt.quebec\/index.php?rest_route=\/wp\/v2\/product"}],"about":[{"href":"https:\/\/michelpratt.quebec\/index.php?rest_route=\/wp\/v2\/types\/product"}],"replies":[{"embeddable":true,"href":"https:\/\/michelpratt.quebec\/index.php?rest_route=%2Fwp%2Fv2%2Fcomments&post=6268"}],"version-history":[{"count":1,"href":"https:\/\/michelpratt.quebec\/index.php?rest_route=\/wp\/v2\/product\/6268\/revisions"}],"predecessor-version":[{"id":10201,"href":"https:\/\/michelpratt.quebec\/index.php?rest_route=\/wp\/v2\/product\/6268\/revisions\/10201"}],"wp:featuredmedia":[{"embeddable":true,"href":"https:\/\/michelpratt.quebec\/index.php?rest_route=\/wp\/v2\/media\/9877"}],"wp:attachment":[{"href":"https:\/\/michelpratt.quebec\/index.php?rest_route=%2Fwp%2Fv2%2Fmedia&parent=6268"}],"wp:term":[{"taxonomy":"product_brand","embeddable":true,"href":"https:\/\/michelpratt.quebec\/index.php?rest_route=%2Fwp%2Fv2%2Fproduct_brand&post=6268"},{"taxonomy":"product_cat","embeddable":true,"href":"https:\/\/michelpratt.quebec\/index.php?rest_route=%2Fwp%2Fv2%2Fproduct_cat&post=6268"},{"taxonomy":"product_tag","embeddable":true,"href":"https:\/\/michelpratt.quebec\/index.php?rest_route=%2Fwp%2Fv2%2Fproduct_tag&post=6268"}],"curies":[{"name":"wp","href":"https:\/\/api.w.org\/{rel}","templated":true}]}}