{"id":6276,"date":"2026-04-05T19:20:06","date_gmt":"2026-04-05T23:20:06","guid":{"rendered":"https:\/\/michelpratt.quebec\/wp\/?post_type=product&#038;p=6276"},"modified":"2026-04-17T13:19:10","modified_gmt":"2026-04-17T17:19:10","slug":"cetait-hier-a-longueuil-chroniques-et-photos-2","status":"publish","type":"product","link":"https:\/\/michelpratt.quebec\/?product=cetait-hier-a-longueuil-chroniques-et-photos-2","title":{"rendered":"C&rsquo;\u00e9tait hier \u00e0 Longueuil. Chroniques et photos"},"content":{"rendered":"<p>&nbsp;<\/p>\n<figure id=\"attachment_9877\" aria-describedby=\"caption-attachment-9877\" style=\"width: 796px\" class=\"wp-caption aligncenter\"><img fetchpriority=\"high\" decoding=\"async\" class=\"wp-image-9877 size-large\" src=\"https:\/\/michelpratt.quebec\/wp-content\/uploads\/2024\/01\/HierLongueuil-796x1024.png\" alt=\"Couverture du livre de l\u2019historien C\u2019\u00e9tait hier \u00e0 Longueuil.\" width=\"796\" height=\"1024\" \/><figcaption id=\"caption-attachment-9877\" class=\"wp-caption-text\">Chroniques et photos sur l\u2019histoire de Longueuil par l\u2019historien qu\u00e9b\u00e9cois Michel Pratt<\/figcaption><\/figure>\n<p>Plongez dans les riches annales de Longueuil \u00e0 travers des r\u00e9cits captivants sur les transports, les \u00e9glises, les \u00e9coles, les commerces, l\u2019aviation et la politique.<\/p>\n<p>\u2728 Plongez dans un voyage visuel qui fait revivre l&rsquo;histoire de la ville au fil du temps comme jamais auparavant. Des illustrations, des photographies repr\u00e9sentatives et des r\u00e9cits instructifs D\u00e9couvrez la splendeur de Longueuil \u00e0 travers la lentille de l&rsquo;art et de l&rsquo;histoire.<\/p>\n<p>D\u00e9couvrez l\u2019\u00e9volution fascinante de cette ville dynamique, illustr\u00e9e par de<strong> nombreuses photos<\/strong> d\u2019archives et contemporaines et des anecdotes \u00e9tonnantes et divertissantes.<\/p>\n<p>Cette \u00e9dition, mise \u00e0 jour en juillet 2024, offre une perspective renouvel\u00e9e sur le patrimoine et les transformations de Longueuil, permettant aux lecteurs de mieux comprendre son pass\u00e9 tout en appr\u00e9ciant son pr\u00e9sent.<\/p>\n<h5><strong><span style=\"color: #993300;\">25 $<\/span><\/strong><\/h5>\n<p>&nbsp;<\/p>\n<h2>Les d\u00e9tails du produit<\/h2>\n<div id=\"detailBullets_feature_div\">\n<ul class=\"a-unordered-list a-nostyle a-vertical a-spacing-none detail-bullet-list\">\n<li><span class=\"a-list-item\"><span class=\"a-text-bold\">\u00c9diteur \u200f: \u200e<\/span>Michel Pratt<\/span><\/li>\n<li><span class=\"a-list-item\"><span class=\"a-text-bold\">Langue \u200f: \u200ef<\/span>ran\u00e7aise<\/span><\/li>\n<li><span class=\"a-list-item\"><span class=\"a-text-bold\">Livre broch\u00e9 \u200f:<strong> \u200e<\/strong><\/span><strong>212<\/strong> pages<\/span><\/li>\n<li><span class=\"a-list-item\"><span class=\"a-text-bold\">ISBN-10 : \u200e<\/span>2981967614<\/span><\/li>\n<li><span class=\"a-list-item\"><span class=\"a-text-bold\">ISBN-13 \u200f: \u200e<\/span>978-2981967619<\/span><\/li>\n<li><span class=\"a-list-item\"><span class=\"a-text-bold\">Poids de l\u2019article \u200f: \u200e<\/span>422 g<\/span><\/li>\n<li><span class=\"a-list-item\"><span class=\"a-text-bold\">Dimensions \u200f: \u200e<\/span>15.24 x 1.22 x 22.86 cm<\/span><\/li>\n<\/ul>\n<\/div>\n<h6>Cet ouvrage est \u00e9galement disponible sur <a href=\"https:\/\/www.amazon.ca\/s?k=Michel+Pratt&amp;i=stripbooks&amp;__mk_fr_CA=%C3%85M%C3%85%C5%BD%C3%95%C3%91&amp;crid=1AW3IT1H0AA2X&amp;sprefix=michel+pratt%2Cstripbooks%2C72&amp;ref=nb_sb_noss_1\" target=\"_blank\" rel=\"noopener\">amazon.ca<\/a> et \u00e9ligible \u00e0 <em>Prime<\/em> pour le transport. Il peut \u00eatre command\u00e9 sur le site web de Renaud-Bray et \u00e0 la librairie Alire (en stock).<\/h6>\n","protected":false},"excerpt":{"rendered":"<p>&nbsp; Plongez dans les riches annales de Longueuil \u00e0 travers des r\u00e9cits captivants sur les transports, les \u00e9glises, les \u00e9coles, les commerces, l\u2019aviation et la politique. \u2728 Plongez dans un voyage visuel qui fait revivre l&rsquo;histoire de la ville au fil du temps comme jamais auparavant. Des illustrations, des photographies repr\u00e9sentatives et des r\u00e9cits instructifs [&hellip;]<\/p>\n","protected":false},"featured_media":9877,"comment_status":"open","ping_status":"closed","template":"","meta":{"site-sidebar-layout":"default","site-content-layout":"default","ast-site-content-layout":"default","site-content-style":"default","site-sidebar-style":"default","ast-global-header-display":"","ast-banner-title-visibility":"","ast-main-header-display":"","ast-hfb-above-header-display":"","ast-hfb-below-header-display":"","ast-hfb-mobile-header-display":"","site-post-title":"","ast-breadcrumbs-content":"","ast-featured-img":"","footer-sml-layout":"","ast-disable-related-posts":"","theme-transparent-header-meta":"default","adv-header-id-meta":"","stick-header-meta":"","header-above-stick-meta":"","header-main-stick-meta":"","header-below-stick-meta":"","astra-migrate-meta-layouts":"set","ast-page-background-enabled":"default","ast-page-background-meta":{"desktop":{"background-color":"","background-image":"","background-repeat":"repeat","background-position":"center center","background-size":"auto","background-attachment":"scroll","background-type":"","background-media":"","overlay-type":"","overlay-color":"","overlay-opacity":"","overlay-gradient":""},"tablet":{"background-color":"","background-image":"","background-repeat":"repeat","background-position":"center center","background-size":"auto","background-attachment":"scroll","background-type":"","background-media":"","overlay-type":"","overlay-color":"","overlay-opacity":"","overlay-gradient":""},"mobile":{"background-color":"","background-image":"","background-repeat":"repeat","background-position":"center center","background-size":"auto","background-attachment":"scroll","background-type":"","background-media":"","overlay-type":"","overlay-color":"","overlay-opacity":"","overlay-gradient":""}},"ast-content-background-meta":{"desktop":{"background-color":"var(--ast-global-color-5)","background-image":"","background-repeat":"repeat","background-position":"center center","background-size":"auto","background-attachment":"scroll","background-type":"","background-media":"","overlay-type":"","overlay-color":"","overlay-opacity":"","overlay-gradient":""},"tablet":{"background-color":"var(--ast-global-color-5)","background-image":"","background-repeat":"repeat","background-position":"center center","background-size":"auto","background-attachment":"scroll","background-type":"","background-media":"","overlay-type":"","overlay-color":"","overlay-opacity":"","overlay-gradient":""},"mobile":{"background-color":"var(--ast-global-color-5)","background-image":"","background-repeat":"repeat","background-position":"center center","background-size":"auto","background-attachment":"scroll","background-type":"","background-media":"","overlay-type":"","overlay-color":"","overlay-opacity":"","overlay-gradient":""}}},"product_brand":[],"product_cat":[62],"product_tag":[],"class_list":{"0":"post-6276","1":"product","2":"type-product","3":"status-publish","4":"has-post-thumbnail","6":"product_cat-versionpapier","7":"desktop-align-left","8":"tablet-align-left","9":"mobile-align-left","11":"first","12":"instock","13":"shipping-taxable","14":"purchasable","15":"product-type-simple"},"jetpack_sharing_enabled":true,"_links":{"self":[{"href":"https:\/\/michelpratt.quebec\/index.php?rest_route=\/wp\/v2\/product\/6276","targetHints":{"allow":["GET"]}}],"collection":[{"href":"https:\/\/michelpratt.quebec\/index.php?rest_route=\/wp\/v2\/product"}],"about":[{"href":"https:\/\/michelpratt.quebec\/index.php?rest_route=\/wp\/v2\/types\/product"}],"replies":[{"embeddable":true,"href":"https:\/\/michelpratt.quebec\/index.php?rest_route=%2Fwp%2Fv2%2Fcomments&post=6276"}],"version-history":[{"count":1,"href":"https:\/\/michelpratt.quebec\/index.php?rest_route=\/wp\/v2\/product\/6276\/revisions"}],"predecessor-version":[{"id":9881,"href":"https:\/\/michelpratt.quebec\/index.php?rest_route=\/wp\/v2\/product\/6276\/revisions\/9881"}],"wp:featuredmedia":[{"embeddable":true,"href":"https:\/\/michelpratt.quebec\/index.php?rest_route=\/wp\/v2\/media\/9877"}],"wp:attachment":[{"href":"https:\/\/michelpratt.quebec\/index.php?rest_route=%2Fwp%2Fv2%2Fmedia&parent=6276"}],"wp:term":[{"taxonomy":"product_brand","embeddable":true,"href":"https:\/\/michelpratt.quebec\/index.php?rest_route=%2Fwp%2Fv2%2Fproduct_brand&post=6276"},{"taxonomy":"product_cat","embeddable":true,"href":"https:\/\/michelpratt.quebec\/index.php?rest_route=%2Fwp%2Fv2%2Fproduct_cat&post=6276"},{"taxonomy":"product_tag","embeddable":true,"href":"https:\/\/michelpratt.quebec\/index.php?rest_route=%2Fwp%2Fv2%2Fproduct_tag&post=6276"}],"curies":[{"name":"wp","href":"https:\/\/api.w.org\/{rel}","templated":true}]}}