{"id":6278,"date":"2021-04-11T19:46:48","date_gmt":"2021-04-11T23:46:48","guid":{"rendered":"https:\/\/michelpratt.quebec\/wp\/?post_type=product&#038;p=6278"},"modified":"2026-04-17T14:09:22","modified_gmt":"2026-04-17T18:09:22","slug":"la-jeune-parisienne-de-coteau-rouge","status":"publish","type":"product","link":"https:\/\/michelpratt.quebec\/?product=la-jeune-parisienne-de-coteau-rouge","title":{"rendered":"La jeune Parisienne de Coteau Rouge (Version papier)."},"content":{"rendered":"<p><img fetchpriority=\"high\" decoding=\"async\" class=\"size-medium wp-image-9867 aligncenter\" src=\"https:\/\/michelpratt.quebec\/wp-content\/uploads\/2024\/01\/Parisienne-200x300.png\" alt=\"\" width=\"200\" height=\"300\" srcset=\"https:\/\/michelpratt.quebec\/wp-content\/uploads\/2024\/01\/Parisienne-200x300.png 200w, https:\/\/michelpratt.quebec\/wp-content\/uploads\/2024\/01\/Parisienne.png 286w\" sizes=\"(max-width: 200px) 100vw, 200px\" \/><\/p>\n<p>Disponible chez <a href=\"https:\/\/www.amazon.ca\/s?k=michel+pratt&amp;i=stripbooks&amp;crid=FBX1SVTDTW5P&amp;sprefix=%2Cstripbooks%2C118&amp;ref=nb_sb_ss_recent_1_0_recent\" target=\"_blank\" rel=\"noopener\">amazon.ca<\/a>,<a href=\"https:\/\/www.amazon.ca\/s?k=michel+pratt&amp;i=stripbooks&amp;crid=FBX1SVTDTW5P&amp;sprefix=%2Cstripbooks%2C118&amp;ref=nb_sb_ss_recent_1_0_recent\" target=\"_blank\" rel=\"noopener\"> Renaud-Bray<\/a> et librairie Alire.<\/p>\n<p>&nbsp;<\/p>\n<p>En 1947, Mireille Tardivel, une Parisienne de vingt ans, \u00e9migre dans la r\u00e9gion de Montr\u00e9al avec ses parents. Avant de se lancer irr\u00e9m\u00e9diablement dans un emploi d\u2019enseignante, elle veut r\u00e9aliser un r\u00eave d\u2019enfance\u00a0: chanter dans les cabarets. Elle chante en banlieue de Montr\u00e9al, dans Coteau Rouge, un quartier ouvrier et particuli\u00e8rement pauvre o\u00f9 il n\u2019y a pas d\u2019aqueduc et o\u00f9 les chemins sont encore tr\u00e8s majoritairement en terre. L\u2019anarchie r\u00e8gne dans cette ville-champignon o\u00f9 il n\u2019y a que deux policiers.<\/p>\n<p>Le succ\u00e8s de Mireille est instantan\u00e9, mais les cur\u00e9s lui mettent les b\u00e2tons dans les roues.<\/p>\n<p>Elle rencontre sur son chemin Alexandre Letellier, un beau jeune bourgeois tr\u00e8s cultiv\u00e9 qui r\u00eave d\u2019aller \u00e9tudier \u00e0 Paris, une fois ses \u00e9tudes en droit termin\u00e9es. Le coup de foudre est mutuel.<\/p>\n<p>Malgr\u00e9 les obstacles nombreux et presque insurmontables, atteindra-t-elle son double objectif de chanter dans les cabarets et de s\u2019unir pour la vie \u00e0 son talentueux jeune amant\u2009?<\/p>\n<p>Coteau Rouge a inspir\u00e9 au cin\u00e9aste Andr\u00e9 Forcier son film <em>Coteau Rouge<\/em>. Le m\u00e9decin et auteur Jacques Ferron a \u00e9crit plusieurs historiettes dont l\u2019action se passe sur ce territoire et Pierre Valli\u00e8res y consacre une partie importante dans <em>N\u00e8gres blancs d\u2019Am\u00e9rique<\/em>.<\/p>\n<ul class=\"a-unordered-list a-nostyle a-vertical a-spacing-none detail-bullet-list\">\n<li><span class=\"a-list-item\"><span class=\"a-text-bold\">\u00c9diteur \u200f: \u200e<\/span>Michel Pratt<\/span><\/li>\n<li><span class=\"a-list-item\"><span class=\"a-text-bold\">Langue\u200f: \u200ef<\/span>ran\u00e7aise<\/span><\/li>\n<li><span class=\"a-list-item\"><span class=\"a-text-bold\">Livre broch\u00e9 \u200f: \u200e<\/span>218 pages<\/span><\/li>\n<li><span class=\"a-list-item\"><span class=\"a-text-bold\">ISBN-10 \u200f: \u200e<\/span>2981695606<\/span><\/li>\n<li><span class=\"a-list-item\"><span class=\"a-text-bold\">ISBN-13 : \u200e<\/span>978-2981695604<\/span><\/li>\n<li><span class=\"a-list-item\"><span class=\"a-text-bold\">Poids de l\u2019article \u200f : \u200e<\/span>390 g<\/span><\/li>\n<li><span class=\"a-list-item\"><span class=\"a-text-bold\">Dimensions : \u200e<\/span>15.24 x 1.4 x 22.86 cm<\/span><\/li>\n<\/ul>\n<p><strong>Les m\u00e9tadonn\u00e9es pour les librairies et biblioth\u00e8ques sont disponibles sur mementolivres.com<\/strong><\/p>\n","protected":false},"excerpt":{"rendered":"<p>En 1947, \u00e0 moins d&rsquo;une dizaine de kilom\u00e8tres surgit une ville ouvri\u00e8re qui pousse comme un champignon. La pauvret\u00e9 est extr\u00eame. Il n&rsquo;y a pas d&rsquo;aqueduc et les rues sont en terre. Pourtant, les gens qui viennent d&rsquo;Abitibi ou de Saint-Henri abondent en tentant de r\u00e9aliser le r\u00eave de devenir propri\u00e9taire. Il n&rsquo;y a que deux policiers dans ce \u00ab\u00a0farwest\u00a0\u00bb qu\u00e9b\u00e9cois. Tout est \u00e0 construire. \u00e0 d\u00e9fricher. Cette ville a inspir\u00e9 le cin\u00e9aste Andr\u00e9 Forcier, le felquiste et journaliste Pierre Valli\u00e8res, le m\u00e9decin et \u00e9crivain Jacques Ferron.<\/p>\n","protected":false},"featured_media":5905,"comment_status":"open","ping_status":"closed","template":"","meta":{"site-sidebar-layout":"default","site-content-layout":"default","ast-site-content-layout":"default","site-content-style":"default","site-sidebar-style":"default","ast-global-header-display":"","ast-banner-title-visibility":"","ast-main-header-display":"","ast-hfb-above-header-display":"","ast-hfb-below-header-display":"","ast-hfb-mobile-header-display":"","site-post-title":"","ast-breadcrumbs-content":"","ast-featured-img":"","footer-sml-layout":"","ast-disable-related-posts":"","theme-transparent-header-meta":"default","adv-header-id-meta":"","stick-header-meta":"","header-above-stick-meta":"","header-main-stick-meta":"","header-below-stick-meta":"","astra-migrate-meta-layouts":"set","ast-page-background-enabled":"default","ast-page-background-meta":{"desktop":{"background-color":"","background-image":"","background-repeat":"repeat","background-position":"center center","background-size":"auto","background-attachment":"scroll","background-type":"","background-media":"","overlay-type":"","overlay-color":"","overlay-opacity":"","overlay-gradient":""},"tablet":{"background-color":"","background-image":"","background-repeat":"repeat","background-position":"center center","background-size":"auto","background-attachment":"scroll","background-type":"","background-media":"","overlay-type":"","overlay-color":"","overlay-opacity":"","overlay-gradient":""},"mobile":{"background-color":"","background-image":"","background-repeat":"repeat","background-position":"center center","background-size":"auto","background-attachment":"scroll","background-type":"","background-media":"","overlay-type":"","overlay-color":"","overlay-opacity":"","overlay-gradient":""}},"ast-content-background-meta":{"desktop":{"background-color":"var(--ast-global-color-5)","background-image":"","background-repeat":"repeat","background-position":"center center","background-size":"auto","background-attachment":"scroll","background-type":"","background-media":"","overlay-type":"","overlay-color":"","overlay-opacity":"","overlay-gradient":""},"tablet":{"background-color":"var(--ast-global-color-5)","background-image":"","background-repeat":"repeat","background-position":"center center","background-size":"auto","background-attachment":"scroll","background-type":"","background-media":"","overlay-type":"","overlay-color":"","overlay-opacity":"","overlay-gradient":""},"mobile":{"background-color":"var(--ast-global-color-5)","background-image":"","background-repeat":"repeat","background-position":"center center","background-size":"auto","background-attachment":"scroll","background-type":"","background-media":"","overlay-type":"","overlay-color":"","overlay-opacity":"","overlay-gradient":""}}},"product_brand":[],"product_cat":[62],"product_tag":[],"class_list":{"0":"post-6278","1":"product","2":"type-product","3":"status-publish","4":"has-post-thumbnail","6":"product_cat-versionpapier","7":"desktop-align-left","8":"tablet-align-left","9":"mobile-align-left","11":"first","12":"instock","13":"shipping-taxable","14":"purchasable","15":"product-type-simple"},"jetpack_sharing_enabled":true,"_links":{"self":[{"href":"https:\/\/michelpratt.quebec\/index.php?rest_route=\/wp\/v2\/product\/6278","targetHints":{"allow":["GET"]}}],"collection":[{"href":"https:\/\/michelpratt.quebec\/index.php?rest_route=\/wp\/v2\/product"}],"about":[{"href":"https:\/\/michelpratt.quebec\/index.php?rest_route=\/wp\/v2\/types\/product"}],"replies":[{"embeddable":true,"href":"https:\/\/michelpratt.quebec\/index.php?rest_route=%2Fwp%2Fv2%2Fcomments&post=6278"}],"version-history":[{"count":1,"href":"https:\/\/michelpratt.quebec\/index.php?rest_route=\/wp\/v2\/product\/6278\/revisions"}],"predecessor-version":[{"id":9885,"href":"https:\/\/michelpratt.quebec\/index.php?rest_route=\/wp\/v2\/product\/6278\/revisions\/9885"}],"wp:featuredmedia":[{"embeddable":true,"href":"https:\/\/michelpratt.quebec\/index.php?rest_route=\/wp\/v2\/media\/5905"}],"wp:attachment":[{"href":"https:\/\/michelpratt.quebec\/index.php?rest_route=%2Fwp%2Fv2%2Fmedia&parent=6278"}],"wp:term":[{"taxonomy":"product_brand","embeddable":true,"href":"https:\/\/michelpratt.quebec\/index.php?rest_route=%2Fwp%2Fv2%2Fproduct_brand&post=6278"},{"taxonomy":"product_cat","embeddable":true,"href":"https:\/\/michelpratt.quebec\/index.php?rest_route=%2Fwp%2Fv2%2Fproduct_cat&post=6278"},{"taxonomy":"product_tag","embeddable":true,"href":"https:\/\/michelpratt.quebec\/index.php?rest_route=%2Fwp%2Fv2%2Fproduct_tag&post=6278"}],"curies":[{"name":"wp","href":"https:\/\/api.w.org\/{rel}","templated":true}]}}