{"id":6327,"date":"2025-11-26T22:49:16","date_gmt":"2025-11-27T03:49:16","guid":{"rendered":"https:\/\/michelpratt.quebec\/wp\/?post_type=product&#038;p=6327"},"modified":"2026-04-17T13:30:52","modified_gmt":"2026-04-17T17:30:52","slug":"histoire-populaire-de-longueuil-des-origines-a-nos-jours","status":"publish","type":"product","link":"https:\/\/michelpratt.quebec\/?product=histoire-populaire-de-longueuil-des-origines-a-nos-jours","title":{"rendered":"Histoire populaire de Longueuil 1657-2026 PDF \u2b50\u2b50\u2b50\u2b50\u2b50"},"content":{"rendered":"<p><strong>Version 2026<\/strong><\/p>\n<figure id=\"attachment_9864\" aria-describedby=\"caption-attachment-9864\" style=\"width: 232px\" class=\"wp-caption aligncenter\"><img loading=\"lazy\" decoding=\"async\" class=\"size-medium wp-image-9864\" src=\"https:\/\/michelpratt.quebec\/wp-content\/uploads\/2024\/01\/Longueuilpopulaire-232x300.png\" alt=\"Histoire de Longueuil\" width=\"232\" height=\"300\" srcset=\"https:\/\/michelpratt.quebec\/wp-content\/uploads\/2024\/01\/Longueuilpopulaire-232x300.png 232w, https:\/\/michelpratt.quebec\/wp-content\/uploads\/2024\/01\/Longueuilpopulaire-791x1024.png 791w, https:\/\/michelpratt.quebec\/wp-content\/uploads\/2024\/01\/Longueuilpopulaire-768x994.png 768w, https:\/\/michelpratt.quebec\/wp-content\/uploads\/2024\/01\/Longueuilpopulaire-1187x1536.png 1187w, https:\/\/michelpratt.quebec\/wp-content\/uploads\/2024\/01\/Longueuilpopulaire-1583x2048.png 1583w, https:\/\/michelpratt.quebec\/wp-content\/uploads\/2024\/01\/Longueuilpopulaire-300x388.png 300w, https:\/\/michelpratt.quebec\/wp-content\/uploads\/2024\/01\/Longueuilpopulaire-600x776.png 600w\" sizes=\"auto, (max-width: 232px) 100vw, 232px\" \/><figcaption id=\"caption-attachment-9864\" class=\"wp-caption-text\">Histoire de Longueuil<\/figcaption><\/figure>\n<p>L\u2019ouvrage de Michel Pratt<em>, Longueuil\u00a01657-2007<\/em>, a constitu\u00e9 le livre officiel de la Ville de Longueuil lors des c\u00e9l\u00e9brations du 350\u1d49\u00a0anniversaire de la ville. Cette magnifique publication reli\u00e9e de 500 pages, richement illustr\u00e9e en couleurs, s&rsquo;inscrit dans la prestigieuse collection des beaux livres. Publi\u00e9 \u00e0 1\u2009700 exemplaires, il est devenu rapidement non disponible malgr\u00e9 son prix original de 75 $. Cet ouvrage s&rsquo;est m\u00e9rit\u00e9 le Prix patrimoine\u00a0 du Gala de la culture de Longueuil .<\/p>\n<p><em>Histoire populaire de Longueuil<\/em> met \u00e0 jour cet exemplaire PDF de<strong> 520 pages <\/strong>en <span style=\"color: #ff0000;\">couleurs.<\/span>\u00a0IL contient environ 500 photos et cartes.<\/p>\n<p>Longueuil en Nouvelle-France (1657-1763)<br \/>\nLes d\u00e9buts du R\u00e9gime britannique<br \/>\nLa R\u00e9bellion des Patriotes longueuillois de 1837<br \/>\nLes transports<br \/>\nLa communaut\u00e9 anglophone au XIX\u1d49 si\u00e8cle<br \/>\nLa vie municipale (1845-1847)<br \/>\nLe Vieux-Longueuil (1848-2002)<br \/>\nMunicipalit\u00e9 de paroisse de Saint-Antoine de Longueuil (1855-1947)<br \/>\nSaint-Hubert (1860-2002)<br \/>\nMontr\u00e9al-Sud (1906-1961)<br \/>\nGreenfield Park (1911-2001)<br \/>\nVille Jacques-Cartier (1947-1969)<br \/>\nMackayville-Lafl\u00e8che (1947-1971)<br \/>\nLeMoyne (1949-2001)<br \/>\nLongueuil (2002-2026), <strong>522<\/strong>\u00a0pages<\/p>\n<div style=\"max-width: 900px; margin: auto; font-family: Arial,sans-serif;\">\n<h1>Histoire populaire de Longueuil<\/h1>\n<p style=\"font-size: 18px;\">Le livre le plus complet sur l\u2019histoire de Longueuil, du R\u00e9gime fran\u00e7ais \u00e0 aujourd\u2019hui.<\/p>\n<div style=\"display: flex; flex-wrap: wrap; gap: 30px; margin-top: 20px;\">\n<div style=\"flex: 1; min-width: 250px;\"><img decoding=\"async\" style=\"width: 100%; border-radius: 10px;\" src=\"https:\/\/michelpratt.quebec\/wp\/wp-content\/uploads\/2024\/01\/Longueuilpopulaire-232x300.png\" alt=\"Histoire de Longueuil\" \/><\/div>\n<div style=\"flex: 1; min-width: 250px;\">\n<p><strong>Nombre de pages :<\/strong> 522<\/p>\n<p><strong>Auteur :<\/strong> Michel Pratt<\/p>\n<p><a style=\"display: inline-block; background: #0073aa; color: white; padding: 12px 20px; text-decoration: none; border-radius: 5px;\" href=\"#\"><br \/>\nAjouter au panier<br \/>\n<\/a><\/p>\n<\/div>\n<\/div>\n<hr style=\"margin: 30px 0;\" \/>\n<h2>\ud83d\udcd6 Description<\/h2>\n<p>Cet ouvrage retrace l\u2019histoire de Longueuil depuis ses origines sous le R\u00e9gime fran\u00e7ais jusqu\u2019\u00e0 l\u2019\u00e9poque contemporaine.<br \/>\nIl met en lumi\u00e8re le r\u00f4le de Charles Le Moyne et l\u2019\u00e9volution du territoire.<\/p>\n<p>Accessible et rigoureux, ce livre s\u2019adresse autant aux passionn\u00e9s d\u2019histoire qu\u2019aux chercheurs.<\/p>\n<h2>\u2714 Points forts<\/h2>\n<ul>\n<li>522 pages de contenu d\u00e9taill\u00e9<\/li>\n<li>Bas\u00e9 sur des archives historiques<\/li>\n<li>Approche accessible<\/li>\n<li>R\u00e9f\u00e9rence sur l\u2019histoire de Longueuil<\/li>\n<\/ul>\n<hr \/>\n<h2>\ud83d\udd0e \u00c0 d\u00e9couvrir aussi<\/h2>\n<ul>\n<li><a href=\"#\">Dictionnaire historique de Longueuil<\/a><\/li>\n<li><a href=\"#\">C\u2019\u00e9tait hier \u00e0 Longueuil<\/a><\/li>\n<\/ul>\n<p>&lt;\/div<\/p>\n<\/div>\n","protected":false},"excerpt":{"rendered":"<p>Version 2026 L\u2019ouvrage de Michel Pratt, Longueuil\u00a01657-2007, a constitu\u00e9 le livre officiel de la Ville de Longueuil lors des c\u00e9l\u00e9brations du 350\u1d49\u00a0anniversaire de la ville. Cette magnifique publication reli\u00e9e de 500 pages, richement illustr\u00e9e en couleurs, s&rsquo;inscrit dans la prestigieuse collection des beaux livres. Publi\u00e9 \u00e0 1\u2009700 exemplaires, il est devenu rapidement non disponible malgr\u00e9 [&hellip;]<\/p>\n","protected":false},"featured_media":9864,"comment_status":"open","ping_status":"closed","template":"","meta":{"site-sidebar-layout":"default","site-content-layout":"default","ast-site-content-layout":"default","site-content-style":"default","site-sidebar-style":"default","ast-global-header-display":"","ast-banner-title-visibility":"","ast-main-header-display":"","ast-hfb-above-header-display":"","ast-hfb-below-header-display":"","ast-hfb-mobile-header-display":"","site-post-title":"","ast-breadcrumbs-content":"","ast-featured-img":"","footer-sml-layout":"","ast-disable-related-posts":"","theme-transparent-header-meta":"default","adv-header-id-meta":"","stick-header-meta":"","header-above-stick-meta":"","header-main-stick-meta":"","header-below-stick-meta":"","astra-migrate-meta-layouts":"set","ast-page-background-enabled":"default","ast-page-background-meta":{"desktop":{"background-color":"","background-image":"","background-repeat":"repeat","background-position":"center center","background-size":"auto","background-attachment":"scroll","background-type":"","background-media":"","overlay-type":"","overlay-color":"","overlay-opacity":"","overlay-gradient":""},"tablet":{"background-color":"","background-image":"","background-repeat":"repeat","background-position":"center center","background-size":"auto","background-attachment":"scroll","background-type":"","background-media":"","overlay-type":"","overlay-color":"","overlay-opacity":"","overlay-gradient":""},"mobile":{"background-color":"","background-image":"","background-repeat":"repeat","background-position":"center center","background-size":"auto","background-attachment":"scroll","background-type":"","background-media":"","overlay-type":"","overlay-color":"","overlay-opacity":"","overlay-gradient":""}},"ast-content-background-meta":{"desktop":{"background-color":"var(--ast-global-color-5)","background-image":"","background-repeat":"repeat","background-position":"center center","background-size":"auto","background-attachment":"scroll","background-type":"","background-media":"","overlay-type":"","overlay-color":"","overlay-opacity":"","overlay-gradient":""},"tablet":{"background-color":"var(--ast-global-color-5)","background-image":"","background-repeat":"repeat","background-position":"center center","background-size":"auto","background-attachment":"scroll","background-type":"","background-media":"","overlay-type":"","overlay-color":"","overlay-opacity":"","overlay-gradient":""},"mobile":{"background-color":"var(--ast-global-color-5)","background-image":"","background-repeat":"repeat","background-position":"center center","background-size":"auto","background-attachment":"scroll","background-type":"","background-media":"","overlay-type":"","overlay-color":"","overlay-opacity":"","overlay-gradient":""}}},"product_brand":[],"product_cat":[63],"product_tag":[119],"class_list":{"0":"post-6327","1":"product","2":"type-product","3":"status-publish","4":"has-post-thumbnail","6":"product_cat-livres-pdf","7":"product_tag-pdf","8":"desktop-align-left","9":"tablet-align-left","10":"mobile-align-left","12":"first","13":"instock","14":"sale","15":"downloadable","16":"virtual","17":"purchasable","18":"product-type-simple"},"jetpack_sharing_enabled":true,"_links":{"self":[{"href":"https:\/\/michelpratt.quebec\/index.php?rest_route=\/wp\/v2\/product\/6327","targetHints":{"allow":["GET"]}}],"collection":[{"href":"https:\/\/michelpratt.quebec\/index.php?rest_route=\/wp\/v2\/product"}],"about":[{"href":"https:\/\/michelpratt.quebec\/index.php?rest_route=\/wp\/v2\/types\/product"}],"replies":[{"embeddable":true,"href":"https:\/\/michelpratt.quebec\/index.php?rest_route=%2Fwp%2Fv2%2Fcomments&post=6327"}],"wp:featuredmedia":[{"embeddable":true,"href":"https:\/\/michelpratt.quebec\/index.php?rest_route=\/wp\/v2\/media\/9864"}],"wp:attachment":[{"href":"https:\/\/michelpratt.quebec\/index.php?rest_route=%2Fwp%2Fv2%2Fmedia&parent=6327"}],"wp:term":[{"taxonomy":"product_brand","embeddable":true,"href":"https:\/\/michelpratt.quebec\/index.php?rest_route=%2Fwp%2Fv2%2Fproduct_brand&post=6327"},{"taxonomy":"product_cat","embeddable":true,"href":"https:\/\/michelpratt.quebec\/index.php?rest_route=%2Fwp%2Fv2%2Fproduct_cat&post=6327"},{"taxonomy":"product_tag","embeddable":true,"href":"https:\/\/michelpratt.quebec\/index.php?rest_route=%2Fwp%2Fv2%2Fproduct_tag&post=6327"}],"curies":[{"name":"wp","href":"https:\/\/api.w.org\/{rel}","templated":true}]}}