{"id":6340,"date":"2026-04-15T15:58:05","date_gmt":"2026-04-15T19:58:05","guid":{"rendered":"https:\/\/michelpratt.quebec\/wp\/?post_type=product&#038;p=6340"},"modified":"2026-04-17T17:40:01","modified_gmt":"2026-04-17T21:40:01","slug":"histoire-populaire-de-longueuil-des-origines-a-nos-jours-2","status":"publish","type":"product","link":"https:\/\/michelpratt.quebec\/produit\/histoire-populaire-de-longueuil-des-origines-a-nos-jours-2","title":{"rendered":"Histoire populaire de Longueuil des origines \u00e0 nos jours*"},"content":{"rendered":"<div><\/div>\n<div><\/div>\n<div>\n<p>&nbsp;<\/p>\n<p>&nbsp;<\/p>\n<figure id=\"attachment_9864\" aria-describedby=\"caption-attachment-9864\" style=\"width: 232px\" class=\"wp-caption aligncenter\"><img decoding=\"async\" class=\"size-medium wp-image-9864\" src=\"https:\/\/michelpratt.quebec\/wp-content\/uploads\/2024\/01\/Longueuilpopulaire-232x300.png\" alt=\"Histoire de Longueuil\" width=\"232\" height=\"300\" srcset=\"https:\/\/michelpratt.quebec\/wp-content\/uploads\/2024\/01\/Longueuilpopulaire-232x300.png 232w, https:\/\/michelpratt.quebec\/wp-content\/uploads\/2024\/01\/Longueuilpopulaire-791x1024.png 791w, https:\/\/michelpratt.quebec\/wp-content\/uploads\/2024\/01\/Longueuilpopulaire-768x994.png 768w, https:\/\/michelpratt.quebec\/wp-content\/uploads\/2024\/01\/Longueuilpopulaire-1187x1536.png 1187w, https:\/\/michelpratt.quebec\/wp-content\/uploads\/2024\/01\/Longueuilpopulaire-1583x2048.png 1583w, https:\/\/michelpratt.quebec\/wp-content\/uploads\/2024\/01\/Longueuilpopulaire-300x388.png 300w, https:\/\/michelpratt.quebec\/wp-content\/uploads\/2024\/01\/Longueuilpopulaire-600x776.png 600w\" sizes=\"(max-width: 232px) 100vw, 232px\" \/><figcaption id=\"caption-attachment-9864\" class=\"wp-caption-text\"><strong>Michel Pratt, historien qu\u00e9b\u00e9cois M.A.<br \/>\u00c9DITION 2026<\/strong><\/figcaption><\/figure>\n<\/div>\n<div><\/div>\n<p><strong>522 pages<\/strong><br \/>\nCette \u00e9dition 2026 est une reprise et continuit\u00e9 du best-seller (\u00e9puis\u00e9) <i>Longueuil 1657-2007, <\/i>mais \u00e0 moindre co\u00fbt. Elle couvre l&rsquo;ensemble du territoire de Longueuil. <span style=\"color: #000080;\"><strong>Les photos et les cartes sont nombreuses. <\/strong><\/span>Cet ouvrage compte <strong>environ 500 photos et cartes<\/strong>. Le format 8,5 x 11 pouces permet de mieux visualiser les photos.<\/p>\n<p><strong>\u00c9dition mise \u00e0 jour avril 2026<\/strong><\/p>\n<p>Longueuil en Nouvelle-France (1657-1763)<br \/>\nLes d\u00e9buts du R\u00e9gime britannique<br \/>\nLa R\u00e9bellion des Patriotes longueuillois de 1837<br \/>\nLes transports<br \/>\nLa communaut\u00e9 anglophone au XIX\u1d49 si\u00e8cle<br \/>\nLa vie municipale (1845-1847)<br \/>\nLe Vieux-Longueuil (1848-2001)<br \/>\nMunicipalit\u00e9 de paroisse de Saint-Antoine de Longueuil (1855-1947)<br \/>\nSaint-Hubert (1860-2001)<br \/>\nMontr\u00e9al-Sud (1906-1961)<br \/>\nGreenfield Park (1911-2001)<br \/>\nVille Jacques-Cartier (1947-1969)<br \/>\nMackayville-Lafl\u00e8che (1947-1971)<br \/>\nLeMoyne (1949-2001)<br \/>\nLongueuil (2002-2026)<\/p>\n<h5><strong>Les d\u00e9tails du produit<\/strong><\/h5>\n<div id=\"detailBullets_feature_div\">\n<ul class=\"a-unordered-list a-nostyle a-vertical a-spacing-none detail-bullet-list\">\n<li><span class=\"a-list-item\"><span class=\"a-text-bold\">\u00c9diteur \u200f : Michel<\/span>\u00a0Pratt<\/span><\/li>\n<li><span class=\"a-list-item\"><span class=\"a-text-bold\">Langue \u200f: fran\u00e7aise<\/span><\/span><\/li>\n<li><span class=\"a-list-item\"><span class=\"a-text-bold\">Livre broch\u00e9 \u200f : <strong>\u200e522<\/strong><\/span>\u00a0pages<\/span><\/li>\n<li><span class=\"a-list-item\"><span class=\"a-text-bold\">ISBN-13\u00a0 : \u200e<\/span>978-2981967633<\/span><\/li>\n<li><span class=\"a-list-item\"><span class=\"a-text-bold\">Dimensions\u00a0 : <\/span>21.59 x 2.31 x 27.94 cm (8,5 x 11 pouces)<\/span><\/li>\n<\/ul>\n<ul>\n<li><strong>La version 2026 est disponible et en inventaire \u00e0 la librairie Alire et sur amazon.ca\u00a0<\/strong><\/li>\n<\/ul>\n<p>&nbsp;<\/p>\n<p>&nbsp;<\/p>\n<\/div>\n<div style=\"max-width: 900px; margin: auto; font-family: Arial,sans-serif;\">\n<h1>Histoire populaire de Longueuil<\/h1>\n<p style=\"font-size: 18px;\">Le livre le plus complet sur l\u2019histoire de Longueuil, du R\u00e9gime fran\u00e7ais \u00e0 aujourd\u2019hui.<\/p>\n<div style=\"display: flex; flex-wrap: wrap; gap: 30px; margin-top: 20px;\">\n<div style=\"flex: 1; min-width: 250px;\"><img decoding=\"async\" class=\"alignright\" style=\"width: 100%; border-radius: 10px;\" src=\"https:\/\/michelpratt.quebec\/wp\/wp-content\/uploads\/2024\/01\/Longueuilpopulaire-232x300.png\" alt=\"Histoire de Longueuil\" \/><\/div>\n<div style=\"flex: 1; min-width: 250px;\">\n<p><strong>Nombre de pages :<\/strong> 522<\/p>\n<p><strong>Auteur :<\/strong> Michel Pratt<\/p>\n<p><a style=\"display: inline-block; background: #0073aa; color: white; padding: 12px 20px; text-decoration: none; border-radius: 5px;\" href=\"#\"><br \/>\nAjouter au panier<br \/>\n<\/a><\/p>\n<\/div>\n<\/div>\n<hr style=\"margin: 30px 0;\" \/>\n<h2>\ud83d\udcd6 Description<\/h2>\n<p>Cet ouvrage retrace l\u2019histoire de Longueuil depuis ses origines sous le R\u00e9gime fran\u00e7ais jusqu\u2019\u00e0 l\u2019\u00e9poque contemporaine.<br \/>\nIl met en lumi\u00e8re le r\u00f4le de Charles Le Moyne et l\u2019\u00e9volution du territoire.<\/p>\n<p>Accessible et rigoureux, ce livre s\u2019adresse autant aux passionn\u00e9s d\u2019histoire qu\u2019aux chercheurs.<\/p>\n<h2>\u2714 Points forts<\/h2>\n<ul>\n<li>522 pages de contenu d\u00e9taill\u00e9<\/li>\n<li>Bas\u00e9 sur des archives historiques<\/li>\n<li>Approche accessible<\/li>\n<li>R\u00e9f\u00e9rence sur l\u2019histoire de Longueuil<\/li>\n<\/ul>\n<hr \/>\n<h2>\ud83d\udd0e \u00c0 d\u00e9couvrir aussi<\/h2>\n<ul>\n<li><a href=\"#\">Dictionnaire historique de Longueuil<\/a><\/li>\n<li><a href=\"#\">C\u2019\u00e9tait hier \u00e0 Longueuil<\/a><\/li>\n<\/ul>\n<p>&lt;\/div<\/p>\n<\/div>\n","protected":false},"excerpt":{"rendered":"<p>&nbsp; &nbsp; 522 pages Cette \u00e9dition 2026 est une reprise et continuit\u00e9 du best-seller (\u00e9puis\u00e9) Longueuil 1657-2007, mais \u00e0 moindre co\u00fbt. Elle couvre l&rsquo;ensemble du territoire de Longueuil. Les photos et les cartes sont nombreuses. Cet ouvrage compte environ 500 photos et cartes. Le format 8,5 x 11 pouces permet de mieux visualiser les photos. [&hellip;]<\/p>\n","protected":false},"featured_media":9864,"comment_status":"open","ping_status":"closed","template":"","meta":{"site-sidebar-layout":"default","site-content-layout":"default","ast-site-content-layout":"default","site-content-style":"default","site-sidebar-style":"default","ast-global-header-display":"","ast-banner-title-visibility":"","ast-main-header-display":"","ast-hfb-above-header-display":"","ast-hfb-below-header-display":"","ast-hfb-mobile-header-display":"","site-post-title":"","ast-breadcrumbs-content":"","ast-featured-img":"","footer-sml-layout":"","ast-disable-related-posts":"","theme-transparent-header-meta":"default","adv-header-id-meta":"","stick-header-meta":"","header-above-stick-meta":"","header-main-stick-meta":"","header-below-stick-meta":"","astra-migrate-meta-layouts":"set","ast-page-background-enabled":"default","ast-page-background-meta":{"desktop":{"background-color":"","background-image":"","background-repeat":"repeat","background-position":"center center","background-size":"auto","background-attachment":"scroll","background-type":"","background-media":"","overlay-type":"","overlay-color":"","overlay-opacity":"","overlay-gradient":""},"tablet":{"background-color":"","background-image":"","background-repeat":"repeat","background-position":"center center","background-size":"auto","background-attachment":"scroll","background-type":"","background-media":"","overlay-type":"","overlay-color":"","overlay-opacity":"","overlay-gradient":""},"mobile":{"background-color":"","background-image":"","background-repeat":"repeat","background-position":"center center","background-size":"auto","background-attachment":"scroll","background-type":"","background-media":"","overlay-type":"","overlay-color":"","overlay-opacity":"","overlay-gradient":""}},"ast-content-background-meta":{"desktop":{"background-color":"var(--ast-global-color-5)","background-image":"","background-repeat":"repeat","background-position":"center center","background-size":"auto","background-attachment":"scroll","background-type":"","background-media":"","overlay-type":"","overlay-color":"","overlay-opacity":"","overlay-gradient":""},"tablet":{"background-color":"var(--ast-global-color-5)","background-image":"","background-repeat":"repeat","background-position":"center center","background-size":"auto","background-attachment":"scroll","background-type":"","background-media":"","overlay-type":"","overlay-color":"","overlay-opacity":"","overlay-gradient":""},"mobile":{"background-color":"var(--ast-global-color-5)","background-image":"","background-repeat":"repeat","background-position":"center center","background-size":"auto","background-attachment":"scroll","background-type":"","background-media":"","overlay-type":"","overlay-color":"","overlay-opacity":"","overlay-gradient":""}}},"product_brand":[],"product_cat":[62],"product_tag":[],"class_list":{"0":"post-6340","1":"product","2":"type-product","3":"status-publish","4":"has-post-thumbnail","6":"product_cat-versionpapier","7":"desktop-align-left","8":"tablet-align-left","9":"mobile-align-left","11":"first","12":"instock","13":"shipping-taxable","14":"purchasable","15":"product-type-simple"},"jetpack_sharing_enabled":true,"_links":{"self":[{"href":"https:\/\/michelpratt.quebec\/wp-json\/wp\/v2\/product\/6340","targetHints":{"allow":["GET"]}}],"collection":[{"href":"https:\/\/michelpratt.quebec\/wp-json\/wp\/v2\/product"}],"about":[{"href":"https:\/\/michelpratt.quebec\/wp-json\/wp\/v2\/types\/product"}],"replies":[{"embeddable":true,"href":"https:\/\/michelpratt.quebec\/wp-json\/wp\/v2\/comments?post=6340"}],"wp:featuredmedia":[{"embeddable":true,"href":"https:\/\/michelpratt.quebec\/wp-json\/wp\/v2\/media\/9864"}],"wp:attachment":[{"href":"https:\/\/michelpratt.quebec\/wp-json\/wp\/v2\/media?parent=6340"}],"wp:term":[{"taxonomy":"product_brand","embeddable":true,"href":"https:\/\/michelpratt.quebec\/wp-json\/wp\/v2\/product_brand?post=6340"},{"taxonomy":"product_cat","embeddable":true,"href":"https:\/\/michelpratt.quebec\/wp-json\/wp\/v2\/product_cat?post=6340"},{"taxonomy":"product_tag","embeddable":true,"href":"https:\/\/michelpratt.quebec\/wp-json\/wp\/v2\/product_tag?post=6340"}],"curies":[{"name":"wp","href":"https:\/\/api.w.org\/{rel}","templated":true}]}}