{"id":6349,"date":"2023-12-02T09:44:48","date_gmt":"2023-12-02T14:44:48","guid":{"rendered":"https:\/\/michelpratt.quebec\/wp\/?post_type=product&#038;p=6349"},"modified":"2026-04-17T13:37:44","modified_gmt":"2026-04-17T17:37:44","slug":"jacques-cartier-une-ville-de-pionniers-1947-1969-papier","status":"publish","type":"product","link":"https:\/\/michelpratt.quebec\/?product=jacques-cartier-une-ville-de-pionniers-1947-1969-papier","title":{"rendered":"Jacques-Cartier. Une ville de pionniers 1947-1969. Papier."},"content":{"rendered":"<div style=\"text-align: left;\"><span style=\"color: #ff0000;\"><strong>Par l\u2019historien qu\u00e9b\u00e9cois Michel Pratt<br \/>\nPlus de 200 photos<\/strong><\/span><\/div>\n<div><\/div>\n<div>\n<figure id=\"attachment_9872\" aria-describedby=\"caption-attachment-9872\" style=\"width: 203px\" class=\"wp-caption aligncenter\"><img fetchpriority=\"high\" decoding=\"async\" class=\"size-medium wp-image-9872\" src=\"https:\/\/michelpratt.quebec\/wp-content\/uploads\/2024\/01\/VJC-203x300.jpg\" alt=\"\" width=\"203\" height=\"300\" srcset=\"https:\/\/michelpratt.quebec\/wp-content\/uploads\/2024\/01\/VJC-203x300.jpg 203w, https:\/\/michelpratt.quebec\/wp-content\/uploads\/2024\/01\/VJC-693x1024.jpg 693w, https:\/\/michelpratt.quebec\/wp-content\/uploads\/2024\/01\/VJC-768x1135.jpg 768w, https:\/\/michelpratt.quebec\/wp-content\/uploads\/2024\/01\/VJC-300x443.jpg 300w, https:\/\/michelpratt.quebec\/wp-content\/uploads\/2024\/01\/VJC-600x887.jpg 600w, https:\/\/michelpratt.quebec\/wp-content\/uploads\/2024\/01\/VJC.jpg 920w\" sizes=\"(max-width: 203px) 100vw, 203px\" \/><figcaption id=\"caption-attachment-9872\" class=\"wp-caption-text\">Ville Jacques-Cartier 1947-1969<\/figcaption><\/figure>\n<\/div>\n<div><\/div>\n<div>Peu peupl\u00e9e jusqu&rsquo;en 1945, \u00e0 cause de la crise \u00e9conomique, puis de la Seconde Guerre mondiale, la municipalit\u00e9 de la Paroisse connut, apr\u00e8s la guerre, un essor fulgurant. Le taux d&rsquo;inoccupation des logements \u00e0 Montr\u00e9al \u00e9tait pratiquement nul et par cons\u00e9quent les loyers relativement dispendieux. De plus, de nouvelles industries apparaissaient sur la Rive-Sud de Montr\u00e9al et certains travailleurs voulaient s&rsquo;en rapprocher. Ceux-ci ne pouvaient se faire \u00e0 l&rsquo;id\u00e9e de ne pas \u00eatre propri\u00e9taires.<\/div>\n<div><\/div>\n<div>La municipalit\u00e9 de la Paroisse Saint-Antoine de Longueuil semblait offrir cette chance ; le \u00ab r\u00eave qu\u00e9b\u00e9cois \u00bb pouvait devenir r\u00e9alit\u00e9 au-del\u00e0 de la fronti\u00e8re insulaire de Montr\u00e9al. Ils furent donc nombreux \u00e0 aller construire leur maisonnette, avec le bois de vieux wagons de chemins de fer, dans des champs d\u00e9pourvus d&rsquo;\u00e9gout, d&rsquo;aqueduc, sans presque la moindre surveillance polici\u00e8re.<\/div>\n<div><\/div>\n<div>N.B. La version papier est disponible sur <strong><a href=\"https:\/\/www.amazon.ca\/s?k=jaques-cartier.+une+ville+de+pionniers&amp;i=stripbooks&amp;__mk_fr_CA=%C3%85M%C3%85%C5%BD%C3%95%C3%91&amp;ref=nb_sb_noss\" target=\"_blank\" rel=\"noopener\"> amazon.ca <\/a><\/strong> et dans les librairies \u00c0lire et Renaud-Bray de m\u00eame que dans notre <a href=\"https:\/\/michelpratt.quebec\/wp\/boutique\">boutique.<\/a><\/div>\n<div><\/div>\n<div>D\u00e9tails<\/div>\n<div>\n<ul class=\"a-unordered-list a-nostyle a-vertical a-spacing-none detail-bullet-list\">\n<li><span class=\"a-list-item\"><span class=\"a-text-bold\">\u00c9diteur \u200f: \u200e<\/span>Michel Pratt \u00c9diteur<\/span><\/li>\n<li><span class=\"a-list-item\"><span class=\"a-text-bold\">Langue : \u200ef<\/span>ran\u00e7aise<\/span><\/li>\n<li><span class=\"a-list-item\"><span class=\"a-text-bold\">Livre broch\u00e9 : \u200e<\/span>306 pages<\/span><\/li>\n<li><span class=\"a-list-item\"><span class=\"a-text-bold\">ISBN-10\u200f: \u200e<\/span>2981695665<\/span><\/li>\n<li><span class=\"a-list-item\"><span class=\"a-text-bold\">ISBN-13 : \u200e<\/span>978-2981695666<\/span><\/li>\n<li><span class=\"a-list-item\"><span class=\"a-text-bold\">Poids de l\u2019article\u200f : \u200e<\/span>413 g<\/span><\/li>\n<li><span class=\"a-list-item\"><span class=\"a-text-bold\">Dimensions\u200f: \u200e<\/span>15.24 x 1.75 x 22.86 cm<\/span><\/li>\n<\/ul>\n<p><strong>Informations pour biblioth\u00e8ques et librairies sur mementolivres.com<\/strong><\/p>\n<\/div>\n","protected":false},"excerpt":{"rendered":"<p>&nbsp;<\/p>\n<p>\u00c9dition 2023. En 1947, \u00e0 moins d&rsquo;une dizaine de kilom\u00e8tres de Montr\u00e9al, surgit une ville ouvri\u00e8re qui pousse comme un champignon. La pauvret\u00e9 est extr\u00eame. Il n&rsquo;y a pas d&rsquo;aqueduc et les rues sont en terre. Pourtant, les gens qui viennent d&rsquo;Abitibi ou de Saint-Henri abondent en tentant de r\u00e9aliser le r\u00eave de devenir propri\u00e9taire. Il n&rsquo;y a que deux policiers dans ce \u00ab\u00a0Farwest\u00a0\u00bb qu\u00e9b\u00e9cois. Tout est \u00e0 construire, \u00e0 d\u00e9fricher. Cette ville a inspir\u00e9 le cin\u00e9aste Andr\u00e9 Forcier, le felquiste et journaliste Pierre Valli\u00e8res et le m\u00e9decin et \u00e9crivain Jacques Ferron.<\/p>\n","protected":false},"featured_media":9872,"comment_status":"closed","ping_status":"closed","template":"","meta":{"site-sidebar-layout":"default","site-content-layout":"default","ast-site-content-layout":"default","site-content-style":"default","site-sidebar-style":"default","ast-global-header-display":"","ast-banner-title-visibility":"","ast-main-header-display":"","ast-hfb-above-header-display":"","ast-hfb-below-header-display":"","ast-hfb-mobile-header-display":"","site-post-title":"","ast-breadcrumbs-content":"","ast-featured-img":"","footer-sml-layout":"","ast-disable-related-posts":"","theme-transparent-header-meta":"default","adv-header-id-meta":"","stick-header-meta":"","header-above-stick-meta":"","header-main-stick-meta":"","header-below-stick-meta":"","astra-migrate-meta-layouts":"set","ast-page-background-enabled":"default","ast-page-background-meta":{"desktop":{"background-color":"","background-image":"","background-repeat":"repeat","background-position":"center center","background-size":"auto","background-attachment":"scroll","background-type":"","background-media":"","overlay-type":"","overlay-color":"","overlay-opacity":"","overlay-gradient":""},"tablet":{"background-color":"","background-image":"","background-repeat":"repeat","background-position":"center center","background-size":"auto","background-attachment":"scroll","background-type":"","background-media":"","overlay-type":"","overlay-color":"","overlay-opacity":"","overlay-gradient":""},"mobile":{"background-color":"","background-image":"","background-repeat":"repeat","background-position":"center center","background-size":"auto","background-attachment":"scroll","background-type":"","background-media":"","overlay-type":"","overlay-color":"","overlay-opacity":"","overlay-gradient":""}},"ast-content-background-meta":{"desktop":{"background-color":"var(--ast-global-color-5)","background-image":"","background-repeat":"repeat","background-position":"center center","background-size":"auto","background-attachment":"scroll","background-type":"","background-media":"","overlay-type":"","overlay-color":"","overlay-opacity":"","overlay-gradient":""},"tablet":{"background-color":"var(--ast-global-color-5)","background-image":"","background-repeat":"repeat","background-position":"center center","background-size":"auto","background-attachment":"scroll","background-type":"","background-media":"","overlay-type":"","overlay-color":"","overlay-opacity":"","overlay-gradient":""},"mobile":{"background-color":"var(--ast-global-color-5)","background-image":"","background-repeat":"repeat","background-position":"center center","background-size":"auto","background-attachment":"scroll","background-type":"","background-media":"","overlay-type":"","overlay-color":"","overlay-opacity":"","overlay-gradient":""}}},"product_brand":[],"product_cat":[62],"product_tag":[],"class_list":{"0":"post-6349","1":"product","2":"type-product","3":"status-publish","4":"has-post-thumbnail","6":"product_cat-versionpapier","7":"desktop-align-left","8":"tablet-align-left","9":"mobile-align-left","11":"first","12":"instock","13":"featured","14":"shipping-taxable","15":"purchasable","16":"product-type-simple"},"jetpack_sharing_enabled":true,"_links":{"self":[{"href":"https:\/\/michelpratt.quebec\/index.php?rest_route=\/wp\/v2\/product\/6349","targetHints":{"allow":["GET"]}}],"collection":[{"href":"https:\/\/michelpratt.quebec\/index.php?rest_route=\/wp\/v2\/product"}],"about":[{"href":"https:\/\/michelpratt.quebec\/index.php?rest_route=\/wp\/v2\/types\/product"}],"replies":[{"embeddable":true,"href":"https:\/\/michelpratt.quebec\/index.php?rest_route=%2Fwp%2Fv2%2Fcomments&post=6349"}],"version-history":[{"count":1,"href":"https:\/\/michelpratt.quebec\/index.php?rest_route=\/wp\/v2\/product\/6349\/revisions"}],"predecessor-version":[{"id":9796,"href":"https:\/\/michelpratt.quebec\/index.php?rest_route=\/wp\/v2\/product\/6349\/revisions\/9796"}],"wp:featuredmedia":[{"embeddable":true,"href":"https:\/\/michelpratt.quebec\/index.php?rest_route=\/wp\/v2\/media\/9872"}],"wp:attachment":[{"href":"https:\/\/michelpratt.quebec\/index.php?rest_route=%2Fwp%2Fv2%2Fmedia&parent=6349"}],"wp:term":[{"taxonomy":"product_brand","embeddable":true,"href":"https:\/\/michelpratt.quebec\/index.php?rest_route=%2Fwp%2Fv2%2Fproduct_brand&post=6349"},{"taxonomy":"product_cat","embeddable":true,"href":"https:\/\/michelpratt.quebec\/index.php?rest_route=%2Fwp%2Fv2%2Fproduct_cat&post=6349"},{"taxonomy":"product_tag","embeddable":true,"href":"https:\/\/michelpratt.quebec\/index.php?rest_route=%2Fwp%2Fv2%2Fproduct_tag&post=6349"}],"curies":[{"name":"wp","href":"https:\/\/api.w.org\/{rel}","templated":true}]}}