{"id":6461,"date":"2020-01-29T15:11:27","date_gmt":"2020-01-29T20:11:27","guid":{"rendered":"https:\/\/michelpratt.quebec\/wp\/?post_type=product&#038;p=6461"},"modified":"2026-04-17T14:15:09","modified_gmt":"2026-04-17T18:15:09","slug":"marcel-robidas-le-maire-visionnaire-de-longueuil","status":"publish","type":"product","link":"https:\/\/michelpratt.quebec\/?product=marcel-robidas-le-maire-visionnaire-de-longueuil","title":{"rendered":"Marcel Robidas, le maire visionnaire de Longueuil"},"content":{"rendered":"<p>&nbsp;<\/p>\n<p><img fetchpriority=\"high\" decoding=\"async\" class=\"aligncenter\" src=\"https:\/\/michelpratt.quebec\/wp-content\/uploads\/2024\/01\/Robidas-201x300.png\" alt=\"\" width=\"201\" height=\"300\" \/><\/p>\n<p>Maire de Longueuil de 1966 \u00e0 1982, il en avait d&rsquo;abord \u00e9t\u00e9 conseiller municipal de 1961 \u00e0 1963. Dipl\u00f4m\u00e9 en sciences sociales \u00e0 l&rsquo;Universit\u00e9 de Montr\u00e9al en 1947.Sur le plan local, il contribua \u00e0 implanter les Loisirs Saint-Antoine, avant de se lancer dans une carri\u00e8re politique. \u00c0 la fois comme conseiller et comme maire, il contribua fortement au d\u00e9veloppement \u00e9conomique de Longueuil en \u00e9tant le principal artisan du m\u00e9tro de Longueuil et des projets domiciliaires le long du fleuve. Il est le principal responsable, avec Roland Therrien, de la fusion avec la Cit\u00e9 de Jacques-Cartier en 1969. Candidat conservateur, il fut d\u00e9fait aux \u00e9lections f\u00e9d\u00e9rales de 1972. En 1995, il pr\u00e9sida la Commission r\u00e9gionale de la Mont\u00e9r\u00e9gie sur la souverainet\u00e9 du Qu\u00e9bec en pr\u00e9vision du r\u00e9f\u00e9rendum. Il r\u00e9sida, du milieu des ann\u00e9es 1950 \u00e0 1984, dans l&rsquo;ancien monast\u00e8re des p\u00e8res du Sacr\u00e9-C\u0153ur, rue du Bord-de-l&rsquo;Eau. Il d\u00e9m\u00e9nagea ensuite au village de Calixa-Lavall\u00e9e, dans l&rsquo;ancien presbyt\u00e8re. Son apport \u00e0 l\u2019histoire de Longueuil est majeur et tr\u00e8s visionnaire.<\/p>\n<p>Toponymie : l\u2019ancien h\u00f4tel de ville de Longueuil au 300, rue Saint-Charles Ouest, porte son nom.<\/p>\n","protected":false},"excerpt":{"rendered":"<p>&nbsp; Maire de Longueuil de 1966 \u00e0 1982, il en avait d&rsquo;abord \u00e9t\u00e9 conseiller municipal de 1961 \u00e0 1963. Dipl\u00f4m\u00e9 en sciences sociales \u00e0 l&rsquo;Universit\u00e9 de Montr\u00e9al en 1947.Sur le plan local, il contribua \u00e0 implanter les Loisirs Saint-Antoine, avant de se lancer dans une carri\u00e8re politique. \u00c0 la fois comme conseiller et comme maire, [&hellip;]<\/p>\n","protected":false},"featured_media":9840,"comment_status":"open","ping_status":"closed","template":"","meta":{"site-sidebar-layout":"default","site-content-layout":"default","ast-site-content-layout":"default","site-content-style":"default","site-sidebar-style":"default","ast-global-header-display":"","ast-banner-title-visibility":"","ast-main-header-display":"","ast-hfb-above-header-display":"","ast-hfb-below-header-display":"","ast-hfb-mobile-header-display":"","site-post-title":"","ast-breadcrumbs-content":"","ast-featured-img":"","footer-sml-layout":"","ast-disable-related-posts":"","theme-transparent-header-meta":"default","adv-header-id-meta":"","stick-header-meta":"","header-above-stick-meta":"","header-main-stick-meta":"","header-below-stick-meta":"","astra-migrate-meta-layouts":"set","ast-page-background-enabled":"default","ast-page-background-meta":{"desktop":{"background-color":"","background-image":"","background-repeat":"repeat","background-position":"center center","background-size":"auto","background-attachment":"scroll","background-type":"","background-media":"","overlay-type":"","overlay-color":"","overlay-opacity":"","overlay-gradient":""},"tablet":{"background-color":"","background-image":"","background-repeat":"repeat","background-position":"center center","background-size":"auto","background-attachment":"scroll","background-type":"","background-media":"","overlay-type":"","overlay-color":"","overlay-opacity":"","overlay-gradient":""},"mobile":{"background-color":"","background-image":"","background-repeat":"repeat","background-position":"center center","background-size":"auto","background-attachment":"scroll","background-type":"","background-media":"","overlay-type":"","overlay-color":"","overlay-opacity":"","overlay-gradient":""}},"ast-content-background-meta":{"desktop":{"background-color":"var(--ast-global-color-5)","background-image":"","background-repeat":"repeat","background-position":"center center","background-size":"auto","background-attachment":"scroll","background-type":"","background-media":"","overlay-type":"","overlay-color":"","overlay-opacity":"","overlay-gradient":""},"tablet":{"background-color":"var(--ast-global-color-5)","background-image":"","background-repeat":"repeat","background-position":"center center","background-size":"auto","background-attachment":"scroll","background-type":"","background-media":"","overlay-type":"","overlay-color":"","overlay-opacity":"","overlay-gradient":""},"mobile":{"background-color":"var(--ast-global-color-5)","background-image":"","background-repeat":"repeat","background-position":"center center","background-size":"auto","background-attachment":"scroll","background-type":"","background-media":"","overlay-type":"","overlay-color":"","overlay-opacity":"","overlay-gradient":""}}},"product_brand":[],"product_cat":[62],"product_tag":[],"class_list":{"0":"post-6461","1":"product","2":"type-product","3":"status-publish","4":"has-post-thumbnail","6":"product_cat-versionpapier","7":"desktop-align-left","8":"tablet-align-left","9":"mobile-align-left","11":"first","12":"instock","13":"shipping-taxable","14":"purchasable","15":"product-type-simple"},"jetpack_sharing_enabled":true,"_links":{"self":[{"href":"https:\/\/michelpratt.quebec\/index.php?rest_route=\/wp\/v2\/product\/6461","targetHints":{"allow":["GET"]}}],"collection":[{"href":"https:\/\/michelpratt.quebec\/index.php?rest_route=\/wp\/v2\/product"}],"about":[{"href":"https:\/\/michelpratt.quebec\/index.php?rest_route=\/wp\/v2\/types\/product"}],"replies":[{"embeddable":true,"href":"https:\/\/michelpratt.quebec\/index.php?rest_route=%2Fwp%2Fv2%2Fcomments&post=6461"}],"version-history":[{"count":1,"href":"https:\/\/michelpratt.quebec\/index.php?rest_route=\/wp\/v2\/product\/6461\/revisions"}],"predecessor-version":[{"id":9832,"href":"https:\/\/michelpratt.quebec\/index.php?rest_route=\/wp\/v2\/product\/6461\/revisions\/9832"}],"wp:featuredmedia":[{"embeddable":true,"href":"https:\/\/michelpratt.quebec\/index.php?rest_route=\/wp\/v2\/media\/9840"}],"wp:attachment":[{"href":"https:\/\/michelpratt.quebec\/index.php?rest_route=%2Fwp%2Fv2%2Fmedia&parent=6461"}],"wp:term":[{"taxonomy":"product_brand","embeddable":true,"href":"https:\/\/michelpratt.quebec\/index.php?rest_route=%2Fwp%2Fv2%2Fproduct_brand&post=6461"},{"taxonomy":"product_cat","embeddable":true,"href":"https:\/\/michelpratt.quebec\/index.php?rest_route=%2Fwp%2Fv2%2Fproduct_cat&post=6461"},{"taxonomy":"product_tag","embeddable":true,"href":"https:\/\/michelpratt.quebec\/index.php?rest_route=%2Fwp%2Fv2%2Fproduct_tag&post=6461"}],"curies":[{"name":"wp","href":"https:\/\/api.w.org\/{rel}","templated":true}]}}