{"id":9561,"date":"2026-03-29T10:00:49","date_gmt":"2026-03-29T14:00:49","guid":{"rendered":"https:\/\/michelpratt.quebec\/wp\/?post_type=product&#038;p=9561"},"modified":"2026-04-17T13:29:29","modified_gmt":"2026-04-17T17:29:29","slug":"histoire-illustree-de-montreal","status":"publish","type":"product","link":"https:\/\/michelpratt.quebec\/?product=histoire-illustree-de-montreal","title":{"rendered":"Survol de l\u2019histoire populaire et illustr\u00e9e de Montr\u00e9al"},"content":{"rendered":"<p><span style=\"font-size: 16px;\"><span class=\"a-text-bold\">Nouveau livre de l\u2019historien qu\u00e9b\u00e9cois Michel Pratt.<br \/>\n254 <\/span><\/span><span style=\"font-size: 16px; -webkit-text-size-adjust: 100%;\">pages.<\/span><\/p>\n<figure id=\"attachment_9981\" aria-describedby=\"caption-attachment-9981\" style=\"width: 169px\" class=\"wp-caption aligncenter\"><img fetchpriority=\"high\" decoding=\"async\" class=\"size-medium wp-image-9981\" src=\"https:\/\/michelpratt.quebec\/wp-content\/uploads\/2024\/01\/coverF-169x300.jpeg\" alt=\"\" width=\"169\" height=\"300\" srcset=\"https:\/\/michelpratt.quebec\/wp-content\/uploads\/2024\/01\/coverF-169x300.jpeg 169w, https:\/\/michelpratt.quebec\/wp-content\/uploads\/2024\/01\/coverF-576x1024.jpeg 576w, https:\/\/michelpratt.quebec\/wp-content\/uploads\/2024\/01\/coverF-768x1365.jpeg 768w, https:\/\/michelpratt.quebec\/wp-content\/uploads\/2024\/01\/coverF-864x1536.jpeg 864w, https:\/\/michelpratt.quebec\/wp-content\/uploads\/2024\/01\/coverF-300x533.jpeg 300w, https:\/\/michelpratt.quebec\/wp-content\/uploads\/2024\/01\/coverF-600x1067.jpeg 600w, https:\/\/michelpratt.quebec\/wp-content\/uploads\/2024\/01\/coverF.jpeg 900w\" sizes=\"(max-width: 169px) 100vw, 169px\" \/><figcaption id=\"caption-attachment-9981\" class=\"wp-caption-text\">Couverture du livre Survol de l\u2019histoire populaire de Montr\u00e9al<\/figcaption><\/figure>\n<p><span style=\"font-size: 16px;\"><span class=\"a-text-bold\">Livre le plus \u00e0 jour sur l\u2019<strong>histoire de Montr\u00e9al<\/strong>.<br \/>\nDerni\u00e8re mise \u00e0 jour : 30 mars 2026<b>\u00a0<\/b><\/span><\/span><\/p>\n<p><span style=\"color: #800080;\"><a style=\"color: #800080;\" href=\"https:\/\/michelpratt.quebec\/wp\/wp-content\/uploads\/2025\/12\/Des_rapides_Lachine_a_la_crise_du_logement-1.m4a\">Balado (podcast) de 12 minutes (cliquer)<\/a><\/span><\/p>\n<p>L&rsquo;objectif dans cet ouvrage tr\u00e8s abordable sur l&rsquo;histoire de Montr\u00e9al consiste \u00e0 offrir un r\u00e9cit tr\u00e8s illustr\u00e9<span class=\"a-text-bold\">\u00a0avec plus de 300 photos, presque 20 cartes et <\/span>une quarantaine de toiles, gravures et coupures de journaux.<\/p>\n<p>Entrez dans le pass\u00e9 captivant de Montr\u00e9al, la plus grande ville francophone en Am\u00e9rique, \u00e0 travers les pages vives de notre nouveau livre illustr\u00e9 ! \ud83d\udcd6\u2728 Plongez dans un voyage visuel qui fait revivre l&rsquo;histoire de la ville au fil du temps comme jamais auparavant. Des illustrations, des photographies repr\u00e9sentatives et des r\u00e9cits instructifs vous attendent. Que vous soyez un passionn\u00e9 d&rsquo;histoire ou simplement curieux du patrimoine montr\u00e9alais, ce livre est un ajout indispensable \u00e0 votre collection. D\u00e9couvrez la splendeur de Montr\u00e9al \u00e0 travers la lentille de l&rsquo;art et de l&rsquo;histoire.<\/p>\n<p>Introduction<br \/>\nLes Am\u00e9rindiens<br \/>\nLe r\u00e9gime fran\u00e7ais<br \/>\nLe r\u00e9gime britannique<br \/>\nL\u2019\u00e9conomie se d\u00e9veloppe.<br \/>\nLes transports<br \/>\nMontr\u00e9al politique 1833-1929<br \/>\nLa crise \u00e9conomique 1929-1939<br \/>\nLa Seconde Guerre mondiale<br \/>\nLes ann\u00e9es 1945-2001<br \/>\nLa nouvelle ville 2002-2026<br \/>\nLes \u00e9quipes sportives professionnelles<br \/>\nLes festivals<br \/>\nLes communications<br \/>\nMontr\u00e9al en hauteur 1928-2026<br \/>\nMaires et mairesse de Montr\u00e9al<br \/>\nConclusion<br \/>\nIndex<\/p>\n<ul class=\"a-unordered-list a-nostyle a-vertical a-spacing-none detail-bullet-list\">\n<li><span class=\"a-list-item\"><span class=\"a-text-bold\">Date de publication \u200f : \u200eavril 2026<\/span><\/span><\/li>\n<li><span class=\"a-list-item\"><span class=\"a-text-bold\">Langue \u200f : fran\u00e7ais<\/span><\/span><\/li>\n<li><span class=\"a-list-item\"><span class=\"a-text-bold\">Longueur d&rsquo;impression \u200f : \u200e <\/span>254 pages<\/span><\/li>\n<li><span class=\"a-list-item\"><span class=\"a-text-bold\">ISBN-10 \u200f : \u200e<\/span>2981967673<\/span><\/li>\n<li><span class=\"a-list-item\"><span class=\"a-text-bold\">ISBN-13 \u200f : \u200e<\/span>978-2981967671<\/span><\/li>\n<li><span class=\"a-list-item\"><span class=\"a-text-bold\">Poids de l\u2019article \u200f : \u200e<\/span>340 g<\/span><\/li>\n<li><span class=\"a-list-item\"><span class=\"a-text-bold\">Dimensions \u200f : \u200e <\/span>15.24 x 1.4 x 22.86 cm<\/span><\/li>\n<\/ul>\n<p>Michel Pratt est un historien sp\u00e9cialis\u00e9 en histoire urbaine. Il a enseign\u00e9 \u00e0 l\u2019universit\u00e9 et au c\u00e9gep. Il a \u00e9crit une vingtaine de livres. Il a \u00e9t\u00e9 honor\u00e9 en m\u00e9ritant la m\u00e9daille de l\u2019Assembl\u00e9e nationale du Qu\u00e9bec, celle d\u2019argent du lieutenant-gouverneur pour les a\u00een\u00e9s, le prix Dollard-Morin et le prix d\u2019excellence Honorius-Provost. Certains de ses ouvrages ont aussi \u00e9t\u00e9 couronn\u00e9s de prix.<\/p>\n<p>https :\/\/fr.wikipedia.org\/wiki\/Michel Pratt<\/p>\n<p>Ce livre complet sur l&rsquo;histoire de Montr\u00e9al est disponible sur amazon.ca<span style=\"font-size: 16px; -webkit-text-size-adjust: 100%;\">, section livres (transport gratuit avec Prime), en stock \u00e0 la librairie Le Fureteur\u00a0 \u00a0(Saint-Lambert) et sur les sites web de <\/span><a style=\"font-size: 16px; -webkit-text-size-adjust: 100%;\" href=\"https:\/\/www.renaud-bray.com\/Livres_Produit.aspx?id=4024481&amp;def=Survol+de+l%27histoire+populaire+et+illustr%c3%a9e+de+Montr%c3%a9al%2cPRATT%2c+MICHEL%2c9782981967671\" target=\"_blank\" rel=\"noopener\">Renaud-Bray et Leslibraires.ca.<\/a><\/p>\n<p>Abonn\u00e9s \u00e0 une biblioth\u00e8que de Montr\u00e9al, sugg\u00e9rez \u00e0 la Biblioth\u00e8que municipale de Montr\u00e9al de se le procurer en remplissant le formulaire au lien suivant :<\/p>\n<p>https :\/\/services.montreal.ca\/demande-generale\/login ?returnUrl=suggestionachat<\/p>\n<p>&nbsp;<\/p>\n<div style=\"max-width: 900px; margin: auto; font-family: Arial,sans-serif; line-height: 1.6;\">\n<h1>Histoire de Montr\u00e9al \u2013 Survol populaire et illustr\u00e9<\/h1>\n<p style=\"font-size: 18px;\">Un ouvrage accessible et richement illustr\u00e9 pour d\u00e9couvrir l\u2019histoire de Montr\u00e9al, des origines \u00e0 aujourd\u2019hui.<\/p>\n<div style=\"display: flex; flex-wrap: wrap; gap: 30px; margin-top: 20px;\">\n<div style=\"flex: 1; min-width: 250px;\"><img decoding=\"async\" style=\"width: 100%; border-radius: 10px;\" src=\"URL_IMAGE\" \/><\/div>\n<div style=\"flex: 1; min-width: 250px;\">\n<p><strong>Auteur :<\/strong> Michel Pratt<\/p>\n<p><strong>Nombre de pages :<\/strong> 254<\/p>\n<p><a style=\"display: inline-block; background: #0073aa; color: white; padding: 12px 20px; text-decoration: none; border-radius: 5px;\" href=\"#\"><br \/>\nAjouter au panier<br \/>\n<\/a><\/p>\n<\/div>\n<\/div>\n<hr style=\"margin: 30px 0;\" \/>\n<h2>\ud83d\udcd6 Description<\/h2>\n<p>Ce livre propose un survol limpide et accessible de l\u2019histoire de Montr\u00e9al, depuis sa fondation jusqu\u2019\u00e0 son d\u00e9veloppement moderne.<br \/>\nIl met en lumi\u00e8re les grandes \u00e9tapes de l\u2019\u00e9volution de la ville, \u00e0 travers des textes synth\u00e9tiques et des illustrations.<\/p>\n<p>Gr\u00e2ce \u00e0 une approche \u00e0 la fois rigoureuse et vulgaris\u00e9e, cet ouvrage permet de comprendre rapidement les transformations historiques de Montr\u00e9al.<\/p>\n<h2>\u2714 Points forts<\/h2>\n<ul>\n<li>254 pages illustr\u00e9es<\/li>\n<li>Approche accessible et p\u00e9dagogique<\/li>\n<li>Nombreuses images et documents visuels<\/li>\n<li>Id\u00e9al pour d\u00e9couvrir l\u2019histoire de Montr\u00e9al<\/li>\n<\/ul>\n<hr \/>\n<h2>\ud83d\udd0e Pourquoi lire ce livre ?<\/h2>\n<p>L\u2019histoire de Montr\u00e9al est au c\u0153ur du d\u00e9veloppement du Qu\u00e9bec. Ce livre permet d\u2019en saisir les grandes lignes, tout en offrant un regard document\u00e9 bas\u00e9 sur des recherches historiques.<\/p>\n<hr \/>\n<h2>\ud83d\udcda \u00c0 d\u00e9couvrir aussi<\/h2>\n<ul>\n<li><a href=\"#\">Histoire populaire de Longueuil<\/a><\/li>\n<li><a href=\"#\">Dictionnaire historique de Longueuil<\/a><\/li>\n<\/ul>\n<p>&lt;\/div<\/p>\n<\/div>\n","protected":false},"excerpt":{"rendered":"<p>Nouveau livre de l\u2019historien qu\u00e9b\u00e9cois Michel Pratt. 254 pages. Livre le plus \u00e0 jour sur l\u2019histoire de Montr\u00e9al. Derni\u00e8re mise \u00e0 jour : 30 mars 2026\u00a0 Balado (podcast) de 12 minutes (cliquer) L&rsquo;objectif dans cet ouvrage tr\u00e8s abordable sur l&rsquo;histoire de Montr\u00e9al consiste \u00e0 offrir un r\u00e9cit tr\u00e8s illustr\u00e9\u00a0avec plus de 300 photos, presque 20 [&hellip;]<\/p>\n","protected":false},"featured_media":9866,"comment_status":"open","ping_status":"closed","template":"","meta":{"site-sidebar-layout":"default","site-content-layout":"default","ast-site-content-layout":"default","site-content-style":"default","site-sidebar-style":"default","ast-global-header-display":"","ast-banner-title-visibility":"","ast-main-header-display":"","ast-hfb-above-header-display":"","ast-hfb-below-header-display":"","ast-hfb-mobile-header-display":"","site-post-title":"","ast-breadcrumbs-content":"","ast-featured-img":"","footer-sml-layout":"","ast-disable-related-posts":"","theme-transparent-header-meta":"default","adv-header-id-meta":"","stick-header-meta":"","header-above-stick-meta":"","header-main-stick-meta":"","header-below-stick-meta":"","astra-migrate-meta-layouts":"set","ast-page-background-enabled":"default","ast-page-background-meta":{"desktop":{"background-color":"","background-image":"","background-repeat":"repeat","background-position":"center center","background-size":"auto","background-attachment":"scroll","background-type":"","background-media":"","overlay-type":"","overlay-color":"","overlay-opacity":"","overlay-gradient":""},"tablet":{"background-color":"","background-image":"","background-repeat":"repeat","background-position":"center center","background-size":"auto","background-attachment":"scroll","background-type":"","background-media":"","overlay-type":"","overlay-color":"","overlay-opacity":"","overlay-gradient":""},"mobile":{"background-color":"","background-image":"","background-repeat":"repeat","background-position":"center center","background-size":"auto","background-attachment":"scroll","background-type":"","background-media":"","overlay-type":"","overlay-color":"","overlay-opacity":"","overlay-gradient":""}},"ast-content-background-meta":{"desktop":{"background-color":"var(--ast-global-color-5)","background-image":"","background-repeat":"repeat","background-position":"center center","background-size":"auto","background-attachment":"scroll","background-type":"","background-media":"","overlay-type":"","overlay-color":"","overlay-opacity":"","overlay-gradient":""},"tablet":{"background-color":"var(--ast-global-color-5)","background-image":"","background-repeat":"repeat","background-position":"center center","background-size":"auto","background-attachment":"scroll","background-type":"","background-media":"","overlay-type":"","overlay-color":"","overlay-opacity":"","overlay-gradient":""},"mobile":{"background-color":"var(--ast-global-color-5)","background-image":"","background-repeat":"repeat","background-position":"center center","background-size":"auto","background-attachment":"scroll","background-type":"","background-media":"","overlay-type":"","overlay-color":"","overlay-opacity":"","overlay-gradient":""}}},"product_brand":[],"product_cat":[62],"product_tag":[],"class_list":{"0":"post-9561","1":"product","2":"type-product","3":"status-publish","4":"has-post-thumbnail","6":"product_cat-versionpapier","7":"product_shipping_class-postes-canada-accelere","8":"desktop-align-left","9":"tablet-align-left","10":"mobile-align-left","12":"first","13":"instock","14":"shipping-taxable","15":"purchasable","16":"product-type-simple"},"jetpack_sharing_enabled":true,"_links":{"self":[{"href":"https:\/\/michelpratt.quebec\/index.php?rest_route=\/wp\/v2\/product\/9561","targetHints":{"allow":["GET"]}}],"collection":[{"href":"https:\/\/michelpratt.quebec\/index.php?rest_route=\/wp\/v2\/product"}],"about":[{"href":"https:\/\/michelpratt.quebec\/index.php?rest_route=\/wp\/v2\/types\/product"}],"replies":[{"embeddable":true,"href":"https:\/\/michelpratt.quebec\/index.php?rest_route=%2Fwp%2Fv2%2Fcomments&post=9561"}],"version-history":[{"count":1,"href":"https:\/\/michelpratt.quebec\/index.php?rest_route=\/wp\/v2\/product\/9561\/revisions"}],"predecessor-version":[{"id":9780,"href":"https:\/\/michelpratt.quebec\/index.php?rest_route=\/wp\/v2\/product\/9561\/revisions\/9780"}],"wp:featuredmedia":[{"embeddable":true,"href":"https:\/\/michelpratt.quebec\/index.php?rest_route=\/wp\/v2\/media\/9866"}],"wp:attachment":[{"href":"https:\/\/michelpratt.quebec\/index.php?rest_route=%2Fwp%2Fv2%2Fmedia&parent=9561"}],"wp:term":[{"taxonomy":"product_brand","embeddable":true,"href":"https:\/\/michelpratt.quebec\/index.php?rest_route=%2Fwp%2Fv2%2Fproduct_brand&post=9561"},{"taxonomy":"product_cat","embeddable":true,"href":"https:\/\/michelpratt.quebec\/index.php?rest_route=%2Fwp%2Fv2%2Fproduct_cat&post=9561"},{"taxonomy":"product_tag","embeddable":true,"href":"https:\/\/michelpratt.quebec\/index.php?rest_route=%2Fwp%2Fv2%2Fproduct_tag&post=9561"}],"curies":[{"name":"wp","href":"https:\/\/api.w.org\/{rel}","templated":true}]}}