{"id":9849,"date":"2024-01-22T12:34:15","date_gmt":"2024-01-22T17:34:15","guid":{"rendered":"https:\/\/michelpratt.quebec\/wp\/?post_type=product&#038;p=9849"},"modified":"2026-04-17T13:50:07","modified_gmt":"2026-04-17T17:50:07","slug":"balbo-fr","status":"publish","type":"product","link":"https:\/\/michelpratt.quebec\/?product=balbo-fr","title":{"rendered":"Balbo fr"},"content":{"rendered":"<p><img fetchpriority=\"high\" decoding=\"async\" class=\"size-medium wp-image-9875 aligncenter\" src=\"https:\/\/michelpratt.quebec\/wp-content\/uploads\/2024\/01\/Balbo-200x300.jpg\" alt=\"\" width=\"200\" height=\"300\" srcset=\"https:\/\/michelpratt.quebec\/wp-content\/uploads\/2024\/01\/Balbo-200x300.jpg 200w, https:\/\/michelpratt.quebec\/wp-content\/uploads\/2024\/01\/Balbo-300x450.jpg 300w, https:\/\/michelpratt.quebec\/wp-content\/uploads\/2024\/01\/Balbo.jpg 576w\" sizes=\"(max-width: 200px) 100vw, 200px\" \/><\/p>\n<p>Le r\u00eave de tout aviateur du monde occidental des ann\u00e9es 1920 et 1930 \u00e9tait de r\u00e9aliser la travers\u00e9e de l\u2019Atlantique \u00e0 bord d\u2019un avion, un peu comme le r\u00eave d\u2019un navigateur comme Christophe Colomb \u00e9tait de traverser le m\u00eame oc\u00e9an en bateau.En 1927, Charles Lindbergh stup\u00e9fiait le monde en traversant en solo et sans escale l\u2019Atlantique. \u00c0 peine six ans plus tard, Italo Balbo commandait la travers\u00e9e de l\u2019Atlantique de 24 hydravions pilot\u00e9s par des Italiens de l\u2019Italie fasciste.Cette travers\u00e9e qui n\u2019apportait pas d\u2019innovations technologiques, fut n\u00e9anmoins l\u2019une des plus spectaculaires de l\u2019histoire de l\u2019aviation.Comme les \u00e9quipages transportaient du courrier, des philat\u00e9listes ont accord\u00e9 \u00e0 cet \u00e9v\u00e9nement une importance notable. Des catalogues sp\u00e9cialis\u00e9s existent sur ce th\u00e8me : La crociera Nord-Atlantica, de Carlo S. Cerutti et en anglais The mass Flights of Italo Balbo, de Robert E. Lana.Des ouvrages ont \u00e9t\u00e9 publi\u00e9s sur Italo Balbo dont son exhaustive biographie Italo Balbo, a Fascist Life, r\u00e9dig\u00e9e par Claudio G. Segre. Tout comme l\u2019exp\u00e9dition en 1930 du dirigeable R-100 \u00e0 l\u2019a\u00e9roport de Saint-Hubert cette travers\u00e9e de l\u2019Atlantique fut fortement document\u00e9e dans les journaux canadiens, mais outre un article Jacques Charron ins\u00e9r\u00e9 dans le cahier historique no 22 de la Soci\u00e9t\u00e9 d\u2019histoire de Longueuil, aucune synth\u00e8se significative ne fut publi\u00e9e, au Qu\u00e9bec, sur cette croisi\u00e8re historique. C\u2019est ce vide que nous tentons de combler en soulignant notamment les arr\u00eats de l\u2019exp\u00e9dition \u00e0 Sh\u00e9diac et Longueuil-Montr\u00e9al.<\/p>\n<p><a href=\"https:\/\/www.erudit.org\/fr\/revues\/cd\/2020-n140-cd05097\/92656ac.pdf\" target=\"_blank\" rel=\"noopener\">Voir la critique de ce livre dans la revue Cap-aux-Diamants.<\/a><\/p>\n","protected":false},"excerpt":{"rendered":"<p>Le r\u00eave de tout aviateur du monde occidental des ann\u00e9es 1920 et 1930 \u00e9tait de r\u00e9aliser la travers\u00e9e de l\u2019Atlantique \u00e0 bord d\u2019un avion, un peu comme le r\u00eave d\u2019un navigateur comme Christophe Colomb \u00e9tait de traverser le m\u00eame oc\u00e9an en bateau.En 1927, Charles Lindbergh stup\u00e9fiait le monde en traversant en solo et sans escale [&hellip;]<\/p>\n","protected":false},"featured_media":9841,"comment_status":"open","ping_status":"closed","template":"","meta":{"site-sidebar-layout":"default","site-content-layout":"","ast-site-content-layout":"default","site-content-style":"default","site-sidebar-style":"default","ast-global-header-display":"","ast-banner-title-visibility":"","ast-main-header-display":"","ast-hfb-above-header-display":"","ast-hfb-below-header-display":"","ast-hfb-mobile-header-display":"","site-post-title":"","ast-breadcrumbs-content":"","ast-featured-img":"","footer-sml-layout":"","ast-disable-related-posts":"","theme-transparent-header-meta":"default","adv-header-id-meta":"","stick-header-meta":"","header-above-stick-meta":"","header-main-stick-meta":"","header-below-stick-meta":"","astra-migrate-meta-layouts":"set","ast-page-background-enabled":"default","ast-page-background-meta":{"desktop":{"background-color":"","background-image":"","background-repeat":"repeat","background-position":"center center","background-size":"auto","background-attachment":"scroll","background-type":"","background-media":"","overlay-type":"","overlay-color":"","overlay-opacity":"","overlay-gradient":""},"tablet":{"background-color":"","background-image":"","background-repeat":"repeat","background-position":"center center","background-size":"auto","background-attachment":"scroll","background-type":"","background-media":"","overlay-type":"","overlay-color":"","overlay-opacity":"","overlay-gradient":""},"mobile":{"background-color":"","background-image":"","background-repeat":"repeat","background-position":"center center","background-size":"auto","background-attachment":"scroll","background-type":"","background-media":"","overlay-type":"","overlay-color":"","overlay-opacity":"","overlay-gradient":""}},"ast-content-background-meta":{"desktop":{"background-color":"var(--ast-global-color-5)","background-image":"","background-repeat":"repeat","background-position":"center center","background-size":"auto","background-attachment":"scroll","background-type":"","background-media":"","overlay-type":"","overlay-color":"","overlay-opacity":"","overlay-gradient":""},"tablet":{"background-color":"var(--ast-global-color-5)","background-image":"","background-repeat":"repeat","background-position":"center center","background-size":"auto","background-attachment":"scroll","background-type":"","background-media":"","overlay-type":"","overlay-color":"","overlay-opacity":"","overlay-gradient":""},"mobile":{"background-color":"var(--ast-global-color-5)","background-image":"","background-repeat":"repeat","background-position":"center center","background-size":"auto","background-attachment":"scroll","background-type":"","background-media":"","overlay-type":"","overlay-color":"","overlay-opacity":"","overlay-gradient":""}}},"product_brand":[],"product_cat":[63],"product_tag":[],"class_list":{"0":"post-9849","1":"product","2":"type-product","3":"status-publish","4":"has-post-thumbnail","6":"product_cat-livres-pdf","7":"desktop-align-left","8":"tablet-align-left","9":"mobile-align-left","11":"first","12":"instock","13":"downloadable","14":"virtual","15":"purchasable","16":"product-type-simple"},"jetpack_sharing_enabled":true,"_links":{"self":[{"href":"https:\/\/michelpratt.quebec\/index.php?rest_route=\/wp\/v2\/product\/9849","targetHints":{"allow":["GET"]}}],"collection":[{"href":"https:\/\/michelpratt.quebec\/index.php?rest_route=\/wp\/v2\/product"}],"about":[{"href":"https:\/\/michelpratt.quebec\/index.php?rest_route=\/wp\/v2\/types\/product"}],"replies":[{"embeddable":true,"href":"https:\/\/michelpratt.quebec\/index.php?rest_route=%2Fwp%2Fv2%2Fcomments&post=9849"}],"version-history":[{"count":1,"href":"https:\/\/michelpratt.quebec\/index.php?rest_route=\/wp\/v2\/product\/9849\/revisions"}],"predecessor-version":[{"id":10567,"href":"https:\/\/michelpratt.quebec\/index.php?rest_route=\/wp\/v2\/product\/9849\/revisions\/10567"}],"wp:featuredmedia":[{"embeddable":true,"href":"https:\/\/michelpratt.quebec\/index.php?rest_route=\/wp\/v2\/media\/9841"}],"wp:attachment":[{"href":"https:\/\/michelpratt.quebec\/index.php?rest_route=%2Fwp%2Fv2%2Fmedia&parent=9849"}],"wp:term":[{"taxonomy":"product_brand","embeddable":true,"href":"https:\/\/michelpratt.quebec\/index.php?rest_route=%2Fwp%2Fv2%2Fproduct_brand&post=9849"},{"taxonomy":"product_cat","embeddable":true,"href":"https:\/\/michelpratt.quebec\/index.php?rest_route=%2Fwp%2Fv2%2Fproduct_cat&post=9849"},{"taxonomy":"product_tag","embeddable":true,"href":"https:\/\/michelpratt.quebec\/index.php?rest_route=%2Fwp%2Fv2%2Fproduct_tag&post=9849"}],"curies":[{"name":"wp","href":"https:\/\/api.w.org\/{rel}","templated":true}]}}