{"id":6369,"date":"2021-11-14T14:16:52","date_gmt":"2021-11-14T19:16:52","guid":{"rendered":"https:\/\/michelpratt.quebec\/wp\/?post_type=product&#038;p=6369"},"modified":"2026-04-04T09:42:06","modified_gmt":"2026-04-04T13:42:06","slug":"dictionnaire-historique-de-longueuil-version-papier","status":"publish","type":"product","link":"https:\/\/michelpratt.quebec\/wp\/dictionnaire-historique-de-longueuil-version-papier\/","title":{"rendered":"Dictionnaire historique de Longueuil (Version papier) \u2b50\u2b50\u2b50\u2b50\u2b50"},"content":{"rendered":"<p><span style=\"color: #993300;\"><strong>Livraison gratuite<\/strong><\/span><\/p>\n<p>Version 2024. Fort appr\u00e9ci\u00e9 des chercheurs, des journalistes, des \u00e9tudiants, des fonctionnaires ainsi que des passionn\u00e9s d&rsquo;histoire et de g\u00e9n\u00e9alogie, l&rsquo;\u00e9dition 2024 de ce dictionnaire constitue \u00e9galement un outil incontournable pour celles et ceux qui s&rsquo;int\u00e9ressent au r\u00e9cit de leur ville. Maires, conseillers municipaux, organismes culturels et communautaires, entreprises, paroisses, \u00e9coles et th\u00e8mes divers se succ\u00e8dent admirablement pour nous permettre non seulement de renouer avec nos origines, mais aussi de mieux comprendre notre pr\u00e9sent.<\/p>\n<p>&nbsp;<\/p>\n<p><img loading=\"lazy\" decoding=\"async\" class=\"alignnone size-medium wp-image-9876\" src=\"https:\/\/michelpratt.quebec\/wp\/wp-content\/uploads\/2024\/01\/Dictio-200x300.png\" alt=\"\" width=\"200\" height=\"300\" title=\"\" srcset=\"https:\/\/michelpratt.quebec\/wp\/wp-content\/uploads\/2024\/01\/Dictio-200x300.png 200w, https:\/\/michelpratt.quebec\/wp\/wp-content\/uploads\/2024\/01\/Dictio-683x1024.png 683w, https:\/\/michelpratt.quebec\/wp\/wp-content\/uploads\/2024\/01\/Dictio-768x1152.png 768w, https:\/\/michelpratt.quebec\/wp\/wp-content\/uploads\/2024\/01\/Dictio-1024x1536.png 1024w, https:\/\/michelpratt.quebec\/wp\/wp-content\/uploads\/2024\/01\/Dictio-1365x2048.png 1365w, https:\/\/michelpratt.quebec\/wp\/wp-content\/uploads\/2024\/01\/Dictio-300x450.png 300w, https:\/\/michelpratt.quebec\/wp\/wp-content\/uploads\/2024\/01\/Dictio-600x900.png 600w\" sizes=\"auto, (max-width: 200px) 100vw, 200px\" \/><\/p>\n<p>&nbsp;<\/p>\n<h5>Cette version 2026\u00a0 du Dictionnaire est \u00e9galement disponible sur<a href=\"https:\/\/www.amazon.ca\/s?k=Michel+Pratt&amp;i=stripbooks&amp;__mk_fr_CA=%C3%85M%C3%85%C5%BD%C3%95%C3%91&amp;crid=1AW3IT1H0AA2X&amp;sprefix=michel+pratt%2Cstripbooks%2C72&amp;ref=nb_sb_noss_1\" target=\"_blank\" rel=\"noopener\"> amazon.ca<\/a> et est \u00e9ligible \u00e0 <em>Prime<\/em> pour le transport. Commandez-le facilement sur le site de Renaud-Bray ou \u00e0 la librairie \u00c0Lire pour une exp\u00e9rience de lecture inoubliable.<\/h5>\n<p>&nbsp;<\/p>\n<ul class=\"a-unordered-list a-nostyle a-vertical a-spacing-none detail-bullet-list\">\n<li><span class=\"a-list-item\"><span class=\"a-text-bold\">\u00c9diteur \u200f: \u200e<\/span>Michel Pratt<\/span><\/li>\n<li><span class=\"a-list-item\"><span class=\"a-text-bold\">Langue \u200f: \u200ef<\/span>ran\u00e7aise<\/span><\/li>\n<li><span class=\"a-list-item\"><span class=\"a-text-bold\">Livre broch\u00e9 \u200f: \u200e<\/span>576 pages<\/span><\/li>\n<li><span class=\"a-list-item\"><span class=\"a-text-bold\">ISBN-10 \u200f: \u200e<\/span>1710972874<\/span><\/li>\n<li><span class=\"a-list-item\"><span class=\"a-text-bold\">ISBN-13 \u200f:\u00a0 <\/span>978-1710972870<\/span><\/li>\n<li><span class=\"a-list-item\"><span class=\"a-text-bold\">Poids de l\u2019article \u200f: \u200e<\/span>1.12 kg<\/span><\/li>\n<li><span class=\"a-list-item\"><span class=\"a-text-bold\">Dimensions : \u200e<\/span>16.99 x 3.3 x 24.41 cm<\/span><\/li>\n<\/ul>\n<p><strong>M\u00e9tadonn\u00e9es pour les libraires et biblioth\u00e8ques sur mementolivres.com<\/strong><\/p>\n<p>&nbsp;<\/p>\n<div style=\"max-width:900px;margin:auto;font-family:Arial,sans-serif;line-height:1.6;\">\n<h1>Dictionnaire historique de Longueuil<\/h1>\n<p style=\"font-size:18px;\">\nLe premier dictionnaire historique consacr\u00e9 \u00e0 une ville canadienne, publi\u00e9 en 1995 et constamment mis \u00e0 jour depuis.\n<\/p>\n<div style=\"display:flex;flex-wrap:wrap;gap:30px;margin-top:20px;\">\n<div style=\"flex:1;min-width:250px;\">\n<img decoding=\"async\" src=\"URL_IMAGE\" style=\"width:100%;border-radius:10px;\" alt=\"\" title=\"\">\n<\/div>\n<div style=\"flex:1;min-width:250px;\">\n<p><strong>Auteur :<\/strong> Michel Pratt<\/p>\n<p><strong>Nombre de pages :<\/strong> 572<\/p>\n<p><a href=\"#\" style=\"display:inline-block;background:#0073aa;color:white;padding:12px 20px;text-decoration:none;border-radius:5px;\"><br \/>\nAjouter au panier<br \/>\n<\/a><\/p>\n<\/div>\n<\/div>\n<hr style=\"margin:30px 0;\">\n<h2>\ud83d\udcd6 Description<\/h2>\n<p>\nPubli\u00e9 pour la premi\u00e8re fois en 1995, ce dictionnaire historique de Longueuil constitue une \u0153uvre unique au Canada.<br \/>\nIl s\u2019agit du premier dictionnaire historique consacr\u00e9 \u00e0 une ville canadienne, offrant une synth\u00e8se rigoureuse des connaissances sur son \u00e9volution.\n<\/p>\n<p>\nCet ouvrage rassemble des centaines d\u2019entr\u00e9es portant sur les lieux, les institutions, les personnages et les \u00e9v\u00e9nements qui ont marqu\u00e9 l\u2019histoire de Longueuil.<br \/>\nIl a \u00e9t\u00e9 r\u00e9guli\u00e8rement mis \u00e0 jour afin de refl\u00e9ter l\u2019\u00e9tat actuel des connaissances historiques.\n<\/p>\n<h2>\u2714 Points forts<\/h2>\n<ul>\n<li>572 pages de contenu d\u00e9taill\u00e9<\/li>\n<li>Premier dictionnaire historique d\u2019une ville canadienne<\/li>\n<li>Mises \u00e0 jour r\u00e9guli\u00e8res depuis 1995<\/li>\n<li>Outil de r\u00e9f\u00e9rence pour chercheurs et passionn\u00e9s<\/li>\n<\/ul>\n<hr>\n<h2>\ud83c\udf93 Un ouvrage de r\u00e9f\u00e9rence<\/h2>\n<p>\nCe dictionnaire historique s\u2019adresse autant aux chercheurs qu\u2019au grand public.<br \/>\nIl permet d\u2019explorer l\u2019histoire de Longueuil \u00e0 travers une approche structur\u00e9e et document\u00e9e, facilitant la recherche d\u2019information pr\u00e9cise.\n<\/p>\n<p>\nIl constitue une r\u00e9f\u00e9rence incontournable pour toute personne int\u00e9ress\u00e9e par l\u2019histoire de Longueuil, du Qu\u00e9bec et des villes canadiennes.\n<\/p>\n<hr>\n<h2>\ud83d\udd0e Pourquoi consulter ce dictionnaire ?<\/h2>\n<ul>\n<li>Comprendre l\u2019\u00e9volution de Longueuil<\/li>\n<li>Acc\u00e9der rapidement \u00e0 des informations historiques fiables<\/li>\n<li>Explorer les acteurs et \u00e9v\u00e9nements marquants<\/li>\n<\/ul>\n<hr>\n<h2>\ud83d\udcda \u00c0 d\u00e9couvrir aussi<\/h2>\n<ul>\n<li><a href=\"#\">Histoire populaire de Longueuil<\/a><\/li>\n<li><a href=\"#\">C\u2019\u00e9tait hier \u00e0 Longueuil<\/a><\/li>\n<li><a href=\"#\">Jacques-Cartier, une ville de pionniers<\/a><\/li>\n<\/ul>\n<\/div>\n","protected":false},"excerpt":{"rendered":"<p>Livraison gratuite Version 2024. Fort appr\u00e9ci\u00e9 des chercheurs, des journalistes, des \u00e9tudiants, des fonctionnaires ainsi que des passionn\u00e9s d&rsquo;histoire et de g\u00e9n\u00e9alogie, l&rsquo;\u00e9dition 2024 de ce dictionnaire constitue \u00e9galement un outil incontournable pour celles et ceux qui s&rsquo;int\u00e9ressent au r\u00e9cit de leur ville. Maires, conseillers municipaux, organismes culturels et communautaires, entreprises, paroisses, \u00e9coles et th\u00e8mes [&hellip;]<\/p>\n","protected":false},"featured_media":9876,"comment_status":"open","ping_status":"closed","template":"","meta":{"_monsterinsights_skip_tracking":false,"_monsterinsights_sitenote_active":false,"_monsterinsights_sitenote_note":"","_monsterinsights_sitenote_category":0,"site-sidebar-layout":"default","site-content-layout":"default","ast-site-content-layout":"default","site-content-style":"default","site-sidebar-style":"default","ast-global-header-display":"","ast-banner-title-visibility":"","ast-main-header-display":"","ast-hfb-above-header-display":"","ast-hfb-below-header-display":"","ast-hfb-mobile-header-display":"","site-post-title":"","ast-breadcrumbs-content":"","ast-featured-img":"","footer-sml-layout":"","ast-disable-related-posts":"","theme-transparent-header-meta":"default","adv-header-id-meta":"","stick-header-meta":"","header-above-stick-meta":"","header-main-stick-meta":"","header-below-stick-meta":"","astra-migrate-meta-layouts":"set","ast-page-background-enabled":"default","ast-page-background-meta":{"desktop":{"background-color":"","background-image":"","background-repeat":"repeat","background-position":"center center","background-size":"auto","background-attachment":"scroll","background-type":"","background-media":"","overlay-type":"","overlay-color":"","overlay-opacity":"","overlay-gradient":""},"tablet":{"background-color":"","background-image":"","background-repeat":"repeat","background-position":"center center","background-size":"auto","background-attachment":"scroll","background-type":"","background-media":"","overlay-type":"","overlay-color":"","overlay-opacity":"","overlay-gradient":""},"mobile":{"background-color":"","background-image":"","background-repeat":"repeat","background-position":"center center","background-size":"auto","background-attachment":"scroll","background-type":"","background-media":"","overlay-type":"","overlay-color":"","overlay-opacity":"","overlay-gradient":""}},"ast-content-background-meta":{"desktop":{"background-color":"var(--ast-global-color-5)","background-image":"","background-repeat":"repeat","background-position":"center center","background-size":"auto","background-attachment":"scroll","background-type":"","background-media":"","overlay-type":"","overlay-color":"","overlay-opacity":"","overlay-gradient":""},"tablet":{"background-color":"var(--ast-global-color-5)","background-image":"","background-repeat":"repeat","background-position":"center center","background-size":"auto","background-attachment":"scroll","background-type":"","background-media":"","overlay-type":"","overlay-color":"","overlay-opacity":"","overlay-gradient":""},"mobile":{"background-color":"var(--ast-global-color-5)","background-image":"","background-repeat":"repeat","background-position":"center center","background-size":"auto","background-attachment":"scroll","background-type":"","background-media":"","overlay-type":"","overlay-color":"","overlay-opacity":"","overlay-gradient":""}}},"product_brand":[],"product_cat":[62],"product_tag":[],"class_list":{"0":"post-6369","1":"product","2":"type-product","3":"status-publish","4":"has-post-thumbnail","6":"product_cat-versionpapier","7":"desktop-align-left","8":"tablet-align-left","9":"mobile-align-left","11":"first","12":"instock","13":"shipping-taxable","14":"purchasable","15":"product-type-simple"},"jetpack_sharing_enabled":true,"_links":{"self":[{"href":"https:\/\/michelpratt.quebec\/wp\/wp-json\/wp\/v2\/product\/6369","targetHints":{"allow":["GET"]}}],"collection":[{"href":"https:\/\/michelpratt.quebec\/wp\/wp-json\/wp\/v2\/product"}],"about":[{"href":"https:\/\/michelpratt.quebec\/wp\/wp-json\/wp\/v2\/types\/product"}],"replies":[{"embeddable":true,"href":"https:\/\/michelpratt.quebec\/wp\/wp-json\/wp\/v2\/comments?post=6369"}],"wp:featuredmedia":[{"embeddable":true,"href":"https:\/\/michelpratt.quebec\/wp\/wp-json\/wp\/v2\/media\/9876"}],"wp:attachment":[{"href":"https:\/\/michelpratt.quebec\/wp\/wp-json\/wp\/v2\/media?parent=6369"}],"wp:term":[{"taxonomy":"product_brand","embeddable":true,"href":"https:\/\/michelpratt.quebec\/wp\/wp-json\/wp\/v2\/product_brand?post=6369"},{"taxonomy":"product_cat","embeddable":true,"href":"https:\/\/michelpratt.quebec\/wp\/wp-json\/wp\/v2\/product_cat?post=6369"},{"taxonomy":"product_tag","embeddable":true,"href":"https:\/\/michelpratt.quebec\/wp\/wp-json\/wp\/v2\/product_tag?post=6369"}],"curies":[{"name":"wp","href":"https:\/\/api.w.org\/{rel}","templated":true}]}}