{"id":6372,"date":"2024-01-14T14:32:30","date_gmt":"2024-01-14T19:32:30","guid":{"rendered":"https:\/\/michelpratt.quebec\/wp\/?post_type=product&#038;p=6372"},"modified":"2025-07-30T16:00:48","modified_gmt":"2025-07-30T20:00:48","slug":"ville-lemoyne-version-papier","status":"publish","type":"product","link":"https:\/\/michelpratt.quebec\/wp\/boutique\/ville-lemoyne-version-papier\/","title":{"rendered":"Ville LeMoyne"},"content":{"rendered":"<p>&nbsp;<\/p>\n<figure id=\"attachment_9862\" aria-describedby=\"caption-attachment-9862\" style=\"width: 230px\" class=\"wp-caption alignnone\"><img loading=\"lazy\" decoding=\"async\" class=\"size-medium wp-image-9862\" src=\"https:\/\/michelpratt.quebec\/wp\/wp-content\/uploads\/2024\/01\/Lemoyne-230x300.png\" alt=\"\" width=\"230\" height=\"300\" title=\"\" srcset=\"https:\/\/michelpratt.quebec\/wp\/wp-content\/uploads\/2024\/01\/Lemoyne-230x300.png 230w, https:\/\/michelpratt.quebec\/wp\/wp-content\/uploads\/2024\/01\/Lemoyne.png 287w\" sizes=\"auto, (max-width: 230px) 100vw, 230px\" \/><figcaption id=\"caption-attachment-9862\" class=\"wp-caption-text\">Ville LeMoyne<\/figcaption><\/figure>\n<p>Histoire d&rsquo;une ancienne ville maintenant incorpor\u00e9e \u00e0 Longueuil.<\/p>\n<p>Paroisses de Saint-Josaphat et Saint-Maxime.<\/p>\n<p>Politique municipale<\/p>\n<p>Vie \u00e9conomique et scolaire<\/p>\n<p>Dictionnaire historique sur ville LeMoyne int\u00e9gr\u00e9<\/p>\n<ul class=\"a-unordered-list a-nostyle a-vertical a-spacing-none detail-bullet-list\">\n<li><span class=\"a-list-item\"><span class=\"a-text-bold\">\u00c9diteur \u200f :\u00a0 <\/span>Michel Pratt \u00c9diteur\u00a0<\/span><\/li>\n<li><span class=\"a-list-item\"><span class=\"a-text-bold\">Langue :\u200e f<\/span>ran\u00e7aise<\/span><\/li>\n<li><span class=\"a-list-item\"><span class=\"a-text-bold\">Livre broch\u00e9 \u200f : \u200e146\u00a0<\/span>pages<\/span><\/li>\n<li><span class=\"a-list-item\"><span class=\"a-text-bold\">ISBN-10 : \u200e<\/span>2981831801<\/span><\/li>\n<li><span class=\"a-list-item\"><span class=\"a-text-bold\">ISBN-13 : \u200e<\/span>978-2981831804<\/span><\/li>\n<li><span class=\"a-list-item\"><span class=\"a-text-bold\">Poids de l\u2019article \u200f : \u200e445<\/span>\u00a0g<\/span><\/li>\n<li><span class=\"a-list-item\"><span class=\"a-text-bold\">Dimensions : \u200e<\/span>21.59 x 0.51 x 27.94 cm (8,5 x11)<\/span><\/li>\n<\/ul>\n<p><strong>M\u00e9tadonn\u00e9es pour les libraires et biblioth\u00e8ques sur mementolivres.com<\/strong><\/p>\n<p>\u00c9galement disponible sur <strong><a href=\"https:\/\/www.amazon.ca\/-\/fr\/Michel-Pratt\/dp\/2981831801\/ref=sr_1_6?crid=9CPGPDH1DCT4&amp;dib=eyJ2IjoiMSJ9.HV42qT0Tan8Zcijfs9Nmv2ZttmQg1p04lycLIoG5097HnWbxoyHIDGiaFWjAy7C0R6i0fQTj2tbzkzf2Sf2LSpTKA6R7RVtMTVPH-LGy27EPT4ZqmxvLZy4T4JXbAdAVRNoUY69Bw3xaRh44TFw4aV96v8C3PiHpg7ZUgvFTwWP8IjR4lGTqJyG-6G7Qfegm2myM8dOn1mVh04EOzSZOKBZkUN3vWCUUDTC8T6tS0mA.AsUYvjMpw8cOV0ve-ZhX7tqhFe-buW72B1ecPp4vJL8&amp;dib_tag=se&amp;keywords=michel+pratt&amp;qid=1709670591&amp;s=books&amp;sprefix=michel+pr%2Cstripbooks%2C105&amp;sr=1-6\" target=\"_blank\" rel=\"noopener\">amazon.ca<\/a><\/strong><\/p>\n","protected":false},"excerpt":{"rendered":"<p>&nbsp; Histoire d&rsquo;une ancienne ville maintenant incorpor\u00e9e \u00e0 Longueuil. Paroisses de Saint-Josaphat et Saint-Maxime. Politique municipale Vie \u00e9conomique et scolaire Dictionnaire historique sur ville LeMoyne int\u00e9gr\u00e9 \u00c9diteur \u200f :\u00a0 Michel Pratt \u00c9diteur\u00a0 Langue :\u200e fran\u00e7aise Livre broch\u00e9 \u200f : \u200e146\u00a0pages ISBN-10 : \u200e2981831801 ISBN-13 : \u200e978-2981831804 Poids de l\u2019article \u200f : \u200e445\u00a0g Dimensions : \u200e21.59 [&hellip;]<\/p>\n","protected":false},"featured_media":9862,"comment_status":"open","ping_status":"closed","template":"","meta":{"_monsterinsights_skip_tracking":false,"_monsterinsights_sitenote_active":false,"_monsterinsights_sitenote_note":"","_monsterinsights_sitenote_category":0,"site-sidebar-layout":"default","site-content-layout":"default","ast-site-content-layout":"default","site-content-style":"default","site-sidebar-style":"default","ast-global-header-display":"","ast-banner-title-visibility":"","ast-main-header-display":"","ast-hfb-above-header-display":"","ast-hfb-below-header-display":"","ast-hfb-mobile-header-display":"","site-post-title":"","ast-breadcrumbs-content":"","ast-featured-img":"","footer-sml-layout":"","ast-disable-related-posts":"","theme-transparent-header-meta":"default","adv-header-id-meta":"","stick-header-meta":"","header-above-stick-meta":"","header-main-stick-meta":"","header-below-stick-meta":"","astra-migrate-meta-layouts":"set","ast-page-background-enabled":"default","ast-page-background-meta":{"desktop":{"background-color":"","background-image":"","background-repeat":"repeat","background-position":"center center","background-size":"auto","background-attachment":"scroll","background-type":"","background-media":"","overlay-type":"","overlay-color":"","overlay-opacity":"","overlay-gradient":""},"tablet":{"background-color":"","background-image":"","background-repeat":"repeat","background-position":"center center","background-size":"auto","background-attachment":"scroll","background-type":"","background-media":"","overlay-type":"","overlay-color":"","overlay-opacity":"","overlay-gradient":""},"mobile":{"background-color":"","background-image":"","background-repeat":"repeat","background-position":"center center","background-size":"auto","background-attachment":"scroll","background-type":"","background-media":"","overlay-type":"","overlay-color":"","overlay-opacity":"","overlay-gradient":""}},"ast-content-background-meta":{"desktop":{"background-color":"var(--ast-global-color-5)","background-image":"","background-repeat":"repeat","background-position":"center center","background-size":"auto","background-attachment":"scroll","background-type":"","background-media":"","overlay-type":"","overlay-color":"","overlay-opacity":"","overlay-gradient":""},"tablet":{"background-color":"var(--ast-global-color-5)","background-image":"","background-repeat":"repeat","background-position":"center center","background-size":"auto","background-attachment":"scroll","background-type":"","background-media":"","overlay-type":"","overlay-color":"","overlay-opacity":"","overlay-gradient":""},"mobile":{"background-color":"var(--ast-global-color-5)","background-image":"","background-repeat":"repeat","background-position":"center center","background-size":"auto","background-attachment":"scroll","background-type":"","background-media":"","overlay-type":"","overlay-color":"","overlay-opacity":"","overlay-gradient":""}}},"product_brand":[],"product_cat":[62],"product_tag":[],"class_list":{"0":"post-6372","1":"product","2":"type-product","3":"status-publish","4":"has-post-thumbnail","6":"product_cat-versionpapier","7":"desktop-align-left","8":"tablet-align-left","9":"mobile-align-left","11":"first","12":"instock","13":"shipping-taxable","14":"purchasable","15":"product-type-simple"},"jetpack_sharing_enabled":true,"_links":{"self":[{"href":"https:\/\/michelpratt.quebec\/wp\/wp-json\/wp\/v2\/product\/6372","targetHints":{"allow":["GET"]}}],"collection":[{"href":"https:\/\/michelpratt.quebec\/wp\/wp-json\/wp\/v2\/product"}],"about":[{"href":"https:\/\/michelpratt.quebec\/wp\/wp-json\/wp\/v2\/types\/product"}],"replies":[{"embeddable":true,"href":"https:\/\/michelpratt.quebec\/wp\/wp-json\/wp\/v2\/comments?post=6372"}],"wp:featuredmedia":[{"embeddable":true,"href":"https:\/\/michelpratt.quebec\/wp\/wp-json\/wp\/v2\/media\/9862"}],"wp:attachment":[{"href":"https:\/\/michelpratt.quebec\/wp\/wp-json\/wp\/v2\/media?parent=6372"}],"wp:term":[{"taxonomy":"product_brand","embeddable":true,"href":"https:\/\/michelpratt.quebec\/wp\/wp-json\/wp\/v2\/product_brand?post=6372"},{"taxonomy":"product_cat","embeddable":true,"href":"https:\/\/michelpratt.quebec\/wp\/wp-json\/wp\/v2\/product_cat?post=6372"},{"taxonomy":"product_tag","embeddable":true,"href":"https:\/\/michelpratt.quebec\/wp\/wp-json\/wp\/v2\/product_tag?post=6372"}],"curies":[{"name":"wp","href":"https:\/\/api.w.org\/{rel}","templated":true}]}}