{"id":6468,"date":"2022-01-30T19:48:47","date_gmt":"2022-01-31T00:48:47","guid":{"rendered":"https:\/\/michelpratt.quebec\/wp\/?post_type=product&#038;p=6468"},"modified":"2025-07-30T16:03:03","modified_gmt":"2025-07-30T20:03:03","slug":"autoedition-papier","status":"publish","type":"product","link":"https:\/\/michelpratt.quebec\/wp\/boutique\/autoedition-papier\/","title":{"rendered":"Auto\u00e9dition papier"},"content":{"rendered":"<figure id=\"attachment_9874\" aria-describedby=\"caption-attachment-9874\" style=\"width: 188px\" class=\"wp-caption alignnone\"><img loading=\"lazy\" decoding=\"async\" class=\"size-medium wp-image-9874\" src=\"https:\/\/michelpratt.quebec\/wp\/wp-content\/uploads\/2024\/01\/Autoedition-188x300.png\" alt=\"\" width=\"188\" height=\"300\" title=\"\" srcset=\"https:\/\/michelpratt.quebec\/wp\/wp-content\/uploads\/2024\/01\/Autoedition-188x300.png 188w, https:\/\/michelpratt.quebec\/wp\/wp-content\/uploads\/2024\/01\/Autoedition-300x479.png 300w, https:\/\/michelpratt.quebec\/wp\/wp-content\/uploads\/2024\/01\/Autoedition-600x958.png 600w, https:\/\/michelpratt.quebec\/wp\/wp-content\/uploads\/2024\/01\/Autoedition.png 626w\" sizes=\"auto, (max-width: 188px) 100vw, 188px\" \/><figcaption id=\"caption-attachment-9874\" class=\"wp-caption-text\">Auto\u00e9dition<\/figcaption><\/figure>\n<p>\u25c6 En auto\u00e9dition, l\u2019offre KDP d\u2019Amazon est incontournable. Cet ouvrage explique en d\u00e9tails toute la proc\u00e9dure \u00e0 suivre et vous livre des moyens concrets pour en tirer le maximum au niveau de vos ventes. Les recommandations s\u2019appliquent principalement pour la France et le Qu\u00e9bec.<\/p>\n<p>\u2665<\/p>\n<p>\u2022 Nous avons mis de c\u00f4t\u00e9 la fa\u00e7on traditionnelle de proc\u00e9der en racontant des exp\u00e9riences personnelles. Nous allons plut\u00f4t directement aux suggestions, accompagn\u00e9es d&rsquo;illustrations.<\/p>\n<p>\u2022 Contenu A+<\/p>\n<p>\u2022 Publier son livre avec Amazon<\/p>\n<p>\u2022 Mise en route<\/p>\n<p>\u2022 Les mots cl\u00e9s H\u00e9lium 10, Publisher Rocket, KDSPY<\/p>\n<p>\u2022 Les rubriques<br \/>\n\u2022 barre-codes<\/p>\n<p>\u2022 Chargement du manuscrit pour format papier<\/p>\n<p>\u2022 La couverture<br \/>\n\u2022 Code QR<\/p>\n<p>\u2022 Chargement de la version EPUB Kindle<\/p>\n<p>\u2022 Couverture EPUB<\/p>\n<p>\u2022 Prix et redevances<\/p>\n<p>\u2022 Impression<\/p>\n<p>\u2022 ISBN et d\u00e9p\u00f4t l\u00e9gal<\/p>\n<p>\u2022 Marketing<\/p>\n<p>\u2022 Distribution<\/p>\n<p>\u2022 Traduction du manuscrit<\/p>\n<p>\u2022 Questions juridiques<\/p>\n<p>\u2022 Fiscalit\u00e9<\/p>\n<p>\u2022 Terminologie<\/p>\n<p>\u2605 Michel Pratt a \u0153uvr\u00e9 comme \u00e9diteur dans le secteur de l\u2019auto\u00e9dition pendant une vingtaine d\u2019ann\u00e9es . Il a publi\u00e9 une vingtaine d\u2019ouvrages.<\/p>\n","protected":false},"excerpt":{"rendered":"<p>\u25c6 En auto\u00e9dition, l\u2019offre KDP d\u2019Amazon est incontournable. Cet ouvrage explique en d\u00e9tails toute la proc\u00e9dure \u00e0 suivre et vous livre des moyens concrets pour en tirer le maximum au niveau de vos ventes. Les recommandations s\u2019appliquent principalement pour la France et le Qu\u00e9bec. \u2665 \u2022 Nous avons mis de c\u00f4t\u00e9 la fa\u00e7on traditionnelle de [&hellip;]<\/p>\n","protected":false},"featured_media":9874,"comment_status":"open","ping_status":"closed","template":"","meta":{"_monsterinsights_skip_tracking":false,"_monsterinsights_sitenote_active":false,"_monsterinsights_sitenote_note":"","_monsterinsights_sitenote_category":0,"site-sidebar-layout":"default","site-content-layout":"default","ast-site-content-layout":"default","site-content-style":"default","site-sidebar-style":"default","ast-global-header-display":"","ast-banner-title-visibility":"","ast-main-header-display":"","ast-hfb-above-header-display":"","ast-hfb-below-header-display":"","ast-hfb-mobile-header-display":"","site-post-title":"","ast-breadcrumbs-content":"","ast-featured-img":"","footer-sml-layout":"","ast-disable-related-posts":"","theme-transparent-header-meta":"default","adv-header-id-meta":"","stick-header-meta":"","header-above-stick-meta":"","header-main-stick-meta":"","header-below-stick-meta":"","astra-migrate-meta-layouts":"set","ast-page-background-enabled":"default","ast-page-background-meta":{"desktop":{"background-color":"","background-image":"","background-repeat":"repeat","background-position":"center center","background-size":"auto","background-attachment":"scroll","background-type":"","background-media":"","overlay-type":"","overlay-color":"","overlay-opacity":"","overlay-gradient":""},"tablet":{"background-color":"","background-image":"","background-repeat":"repeat","background-position":"center center","background-size":"auto","background-attachment":"scroll","background-type":"","background-media":"","overlay-type":"","overlay-color":"","overlay-opacity":"","overlay-gradient":""},"mobile":{"background-color":"","background-image":"","background-repeat":"repeat","background-position":"center center","background-size":"auto","background-attachment":"scroll","background-type":"","background-media":"","overlay-type":"","overlay-color":"","overlay-opacity":"","overlay-gradient":""}},"ast-content-background-meta":{"desktop":{"background-color":"var(--ast-global-color-5)","background-image":"","background-repeat":"repeat","background-position":"center center","background-size":"auto","background-attachment":"scroll","background-type":"","background-media":"","overlay-type":"","overlay-color":"","overlay-opacity":"","overlay-gradient":""},"tablet":{"background-color":"var(--ast-global-color-5)","background-image":"","background-repeat":"repeat","background-position":"center center","background-size":"auto","background-attachment":"scroll","background-type":"","background-media":"","overlay-type":"","overlay-color":"","overlay-opacity":"","overlay-gradient":""},"mobile":{"background-color":"var(--ast-global-color-5)","background-image":"","background-repeat":"repeat","background-position":"center center","background-size":"auto","background-attachment":"scroll","background-type":"","background-media":"","overlay-type":"","overlay-color":"","overlay-opacity":"","overlay-gradient":""}}},"product_brand":[],"product_cat":[62],"product_tag":[],"class_list":{"0":"post-6468","1":"product","2":"type-product","3":"status-publish","4":"has-post-thumbnail","6":"product_cat-versionpapier","7":"desktop-align-left","8":"tablet-align-left","9":"mobile-align-left","11":"first","12":"instock","13":"shipping-taxable","14":"purchasable","15":"product-type-simple"},"jetpack_sharing_enabled":true,"_links":{"self":[{"href":"https:\/\/michelpratt.quebec\/wp\/wp-json\/wp\/v2\/product\/6468","targetHints":{"allow":["GET"]}}],"collection":[{"href":"https:\/\/michelpratt.quebec\/wp\/wp-json\/wp\/v2\/product"}],"about":[{"href":"https:\/\/michelpratt.quebec\/wp\/wp-json\/wp\/v2\/types\/product"}],"replies":[{"embeddable":true,"href":"https:\/\/michelpratt.quebec\/wp\/wp-json\/wp\/v2\/comments?post=6468"}],"wp:featuredmedia":[{"embeddable":true,"href":"https:\/\/michelpratt.quebec\/wp\/wp-json\/wp\/v2\/media\/9874"}],"wp:attachment":[{"href":"https:\/\/michelpratt.quebec\/wp\/wp-json\/wp\/v2\/media?parent=6468"}],"wp:term":[{"taxonomy":"product_brand","embeddable":true,"href":"https:\/\/michelpratt.quebec\/wp\/wp-json\/wp\/v2\/product_brand?post=6468"},{"taxonomy":"product_cat","embeddable":true,"href":"https:\/\/michelpratt.quebec\/wp\/wp-json\/wp\/v2\/product_cat?post=6468"},{"taxonomy":"product_tag","embeddable":true,"href":"https:\/\/michelpratt.quebec\/wp\/wp-json\/wp\/v2\/product_tag?post=6468"}],"curies":[{"name":"wp","href":"https:\/\/api.w.org\/{rel}","templated":true}]}}