{"id":9564,"date":"2026-03-30T10:26:32","date_gmt":"2026-03-30T14:26:32","guid":{"rendered":"https:\/\/michelpratt.quebec\/wp\/?post_type=product&#038;p=9564"},"modified":"2026-04-04T09:49:37","modified_gmt":"2026-04-04T13:49:37","slug":"montreal-illustree","status":"publish","type":"product","link":"https:\/\/michelpratt.quebec\/wp\/montreal-illustree\/","title":{"rendered":"Survol de l&rsquo;histoire populaire et illustr\u00e9e de Montr\u00e9al PDF"},"content":{"rendered":"<p>&nbsp;<\/p>\n<p><img loading=\"lazy\" decoding=\"async\" class=\"alignnone size-medium wp-image-9866\" src=\"https:\/\/michelpratt.quebec\/wp\/wp-content\/uploads\/2024\/01\/MontrealFR-203x300.jpg\" alt=\"\" width=\"203\" height=\"300\" title=\"\" srcset=\"https:\/\/michelpratt.quebec\/wp\/wp-content\/uploads\/2024\/01\/MontrealFR-203x300.jpg 203w, https:\/\/michelpratt.quebec\/wp\/wp-content\/uploads\/2024\/01\/MontrealFR-692x1024.jpg 692w, https:\/\/michelpratt.quebec\/wp\/wp-content\/uploads\/2024\/01\/MontrealFR-768x1137.jpg 768w, https:\/\/michelpratt.quebec\/wp\/wp-content\/uploads\/2024\/01\/MontrealFR-1038x1536.jpg 1038w, https:\/\/michelpratt.quebec\/wp\/wp-content\/uploads\/2024\/01\/MontrealFR-300x444.jpg 300w, https:\/\/michelpratt.quebec\/wp\/wp-content\/uploads\/2024\/01\/MontrealFR-600x888.jpg 600w, https:\/\/michelpratt.quebec\/wp\/wp-content\/uploads\/2024\/01\/MontrealFR.jpg 1250w\" sizes=\"auto, (max-width: 203px) 100vw, 203px\" \/><\/p>\n<p>&nbsp;<\/p>\n<p><span class=\"a-text-bold\">R\u00e9cent livre de l\u2019historien Michel Pratt.<br \/>\n<strong>254<\/strong>\u00a0pages.<br \/>\nLivre le plus \u00e0 jour sur l<strong>\u2019histoire de<\/strong> <strong>Montr\u00e9al.<\/strong><br \/>\nDerni\u00e8re mise \u00e0 jour :<strong>30 mars 2026<\/strong><\/span><\/p>\n<p>L&rsquo;objectif dans cet ouvrage consiste \u00e0 offrir une histoire\u00a0<span class=\"a-text-bold\">tr\u00e8s illustr\u00e9e, avec plus de <strong>300 photos <\/strong><\/span>et de <strong>nombreuses cartes.<\/strong><\/p>\n<p>Cet ouvrage en<strong> couleurs<\/strong>\u00a0 s&rsquo;adresse au \u00ab grand public \u00bb.<\/p>\n<p>Entrez dans le pass\u00e9 captivant de Montr\u00e9al, la plus grande ville francophone en Am\u00e9rique, \u00e0 travers les pages vives de notre nouveau livre illustr\u00e9 ! \ud83d\udcd6\u2728 Plongez dans un voyage visuel qui fait revivre l&rsquo;histoire de la ville au fil du temps comme jamais auparavant. Des illustrations, des photographies repr\u00e9sentatives et des r\u00e9cits instructifs vous attendent. Que vous soyez un passionn\u00e9 d&rsquo;histoire ou simplement curieux du patrimoine montr\u00e9alais, ce livre est un ajout indispensable \u00e0 votre collection. D\u00e9couvrez la splendeur de Montr\u00e9al \u00e0 travers la lentille de l&rsquo;art et de l&rsquo;histoire.<\/p>\n<p>Cet ebook est aussi disponible sur \u00a0<a href=\"https:\/\/play.google.com\/store\/books\/details\/Survol_de_l_histoire_populaire_et_illustr%C3%A9e_de_Mon?id=3-_NEAAAQBAJ&amp;hl=fr\" target=\"_blank\" rel=\"noopener\">Google Play<\/a> et amazon.ca<\/p>\n<p>Il est \u00e9galement disponible dans la boutique du site de la F\u00e9d\u00e9ration Histoire Qu\u00e9bec.<\/p>\n<p>Introduction<br \/>\nLes Am\u00e9rindiens<br \/>\nLe r\u00e9gime fran\u00e7ais<br \/>\nLe r\u00e9gime britannique<br \/>\nL\u2019\u00e9conomie se d\u00e9veloppe.<br \/>\nLes transports<br \/>\nMontr\u00e9al politique 1833-1929<br \/>\nLa crise \u00e9conomique 1929-1939<br \/>\nLa Seconde Guerre mondiale<br \/>\nLes ann\u00e9es 1945-2001<br \/>\nLa nouvelle ville 2002-2026<br \/>\nLes \u00e9quipes sportives professionnelles<br \/>\nLes festivals<br \/>\nLes communications<br \/>\nMontr\u00e9al en hauteur 1928-2026<br \/>\nRestaurants<br \/>\nMaires et mairesses de Montr\u00e9al<br \/>\nConclusion<br \/>\nIndex<\/p>\n<ul class=\"a-unordered-list a-nostyle a-vertical a-spacing-none detail-bullet-list\">\n<li><span class=\"a-list-item\"><span class=\"a-text-bold\">Date de publication \u200f : \u200e 30 mars 2026<\/span><\/span><\/li>\n<li><span class=\"a-list-item\"><span class=\"a-text-bold\">Langue \u200f : fran\u00e7ais<\/span><\/span><\/li>\n<li><span class=\"a-list-item\"><span class=\"a-text-bold\">Longueur d&rsquo;impression \u200f : \u200e <\/span>252 pages<\/span><\/li>\n<li><span class=\"a-list-item\"><span class=\"a-text-bold\">ISBN-10 \u200f :\u00a0 \u00a0<\/span>2981967673<\/span><\/li>\n<li><span class=\"a-list-item\"><span class=\"a-text-bold\">ISBN-13\u00a0 \u200f : <\/span>978-2981967671<\/span><\/li>\n<li><span class=\"a-list-item\"><span class=\"a-text-bold\">Poids de l\u2019article \u200f : \u200e <\/span>340 g<\/span><\/li>\n<li><span class=\"a-list-item\"><span class=\"a-text-bold\">Dimensions \u200f : \u200e <\/span>15.24 x 1.4 x 22.86 cm<\/span><\/li>\n<\/ul>\n<p>Michel Pratt est un <strong>historien sp\u00e9cialis\u00e9 en histoire urbaine<\/strong>. Il a enseign\u00e9 \u00e0 l\u2019universit\u00e9 et au c\u00e9gep. Il a \u00e9crit une vingtaine de livres. Il a \u00e9t\u00e9 honor\u00e9 en m\u00e9ritant la m\u00e9daille de l\u2019Assembl\u00e9e nationale du Qu\u00e9bec, la m\u00e9daille d\u2019argent du lieutenant-gouverneur pour les a\u00een\u00e9s, le prix Dollard-Morin et le prix d\u2019excellence Honorius-Provost. Certains de ses ouvrages ont aussi \u00e9t\u00e9 couronn\u00e9s de prix.<\/p>\n<p>https:\/\/fr.wikipedia.org\/wiki\/Michel_Pratt<\/p>\n<p>&nbsp;<\/p>\n<p>&nbsp;<\/p>\n<p>&nbsp;<\/p>\n<div style=\"max-width:900px;margin:auto;font-family:Arial,sans-serif;line-height:1.6;\">\n<h1>Histoire de Montr\u00e9al \u2013 Survol populaire et illustr\u00e9<\/h1>\n<p style=\"font-size:18px;\">\nUn ouvrage accessible et richement illustr\u00e9 pour d\u00e9couvrir l\u2019histoire de Montr\u00e9al, des origines \u00e0 aujourd\u2019hui.\n<\/p>\n<div style=\"display:flex;flex-wrap:wrap;gap:30px;margin-top:20px;\">\n<div style=\"flex:1;min-width:250px;\">\n<img decoding=\"async\" src=\"URL_IMAGE\" style=\"width:100%;border-radius:10px;\" alt=\"\" title=\"\">\n<\/div>\n<div style=\"flex:1;min-width:250px;\">\n<p><strong>Auteur :<\/strong> Michel Pratt<\/p>\n<p><strong>Nombre de pages :<\/strong> 254<\/p>\n<p><a href=\"#\" style=\"display:inline-block;background:#0073aa;color:white;padding:12px 20px;text-decoration:none;border-radius:5px;\"><br \/>\nAjouter au panier<br \/>\n<\/a><\/p>\n<\/div>\n<\/div>\n<hr style=\"margin:30px 0;\">\n<h2>\ud83d\udcd6 Description<\/h2>\n<p>\nCe livre propose un survol clair et accessible de l\u2019histoire de Montr\u00e9al, depuis sa fondation jusqu\u2019\u00e0 son d\u00e9veloppement moderne.<br \/>\nIl met en lumi\u00e8re les grandes \u00e9tapes de l\u2019\u00e9volution de la ville, \u00e0 travers des textes synth\u00e9tiques et des illustrations.\n<\/p>\n<p>\nGr\u00e2ce \u00e0 une approche \u00e0 la fois rigoureuse et vulgaris\u00e9e, cet ouvrage permet de comprendre rapidement les transformations historiques de Montr\u00e9al.\n<\/p>\n<h2>\u2714 Points forts<\/h2>\n<ul>\n<li>254 pages illustr\u00e9es<\/li>\n<li>Approche accessible et p\u00e9dagogique<\/li>\n<li>Nombreuses images et documents visuels<\/li>\n<li>Id\u00e9al pour d\u00e9couvrir l\u2019histoire de Montr\u00e9al<\/li>\n<\/ul>\n<hr>\n<h2>\ud83d\udd0e Pourquoi lire ce livre ?<\/h2>\n<p>\nL\u2019histoire de Montr\u00e9al est au c\u0153ur du d\u00e9veloppement du Qu\u00e9bec. Ce livre permet d\u2019en saisir les grandes lignes, tout en offrant un regard document\u00e9 bas\u00e9 sur des recherches historiques.\n<\/p>\n<hr>\n<h2>\ud83d\udcda \u00c0 d\u00e9couvrir aussi<\/h2>\n<ul>\n<li><a href=\"#\">Histoire populaire de Longueuil<\/a><\/li>\n<li><a href=\"#\">Dictionnaire historique de Longueuil<\/a><\/li>\n<\/ul>\n<\/div \n\n","protected":false},"excerpt":{"rendered":"<p>&nbsp; &nbsp; R\u00e9cent livre de l\u2019historien Michel Pratt. 254\u00a0pages. Livre le plus \u00e0 jour sur l\u2019histoire de Montr\u00e9al. Derni\u00e8re mise \u00e0 jour :30 mars 2026 L&rsquo;objectif dans cet ouvrage consiste \u00e0 offrir une histoire\u00a0tr\u00e8s illustr\u00e9e, avec plus de 300 photos et de nombreuses cartes. Cet ouvrage en couleurs\u00a0 s&rsquo;adresse au \u00ab grand public \u00bb. Entrez [&hellip;]<\/p>\n","protected":false},"featured_media":9866,"comment_status":"open","ping_status":"closed","template":"","meta":{"_monsterinsights_skip_tracking":false,"_monsterinsights_sitenote_active":false,"_monsterinsights_sitenote_note":"","_monsterinsights_sitenote_category":0,"site-sidebar-layout":"default","site-content-layout":"default","ast-site-content-layout":"default","site-content-style":"default","site-sidebar-style":"default","ast-global-header-display":"","ast-banner-title-visibility":"","ast-main-header-display":"","ast-hfb-above-header-display":"","ast-hfb-below-header-display":"","ast-hfb-mobile-header-display":"","site-post-title":"","ast-breadcrumbs-content":"","ast-featured-img":"","footer-sml-layout":"","ast-disable-related-posts":"","theme-transparent-header-meta":"default","adv-header-id-meta":"","stick-header-meta":"","header-above-stick-meta":"","header-main-stick-meta":"","header-below-stick-meta":"","astra-migrate-meta-layouts":"set","ast-page-background-enabled":"default","ast-page-background-meta":{"desktop":{"background-color":"","background-image":"","background-repeat":"repeat","background-position":"center center","background-size":"auto","background-attachment":"scroll","background-type":"","background-media":"","overlay-type":"","overlay-color":"","overlay-opacity":"","overlay-gradient":""},"tablet":{"background-color":"","background-image":"","background-repeat":"repeat","background-position":"center center","background-size":"auto","background-attachment":"scroll","background-type":"","background-media":"","overlay-type":"","overlay-color":"","overlay-opacity":"","overlay-gradient":""},"mobile":{"background-color":"","background-image":"","background-repeat":"repeat","background-position":"center center","background-size":"auto","background-attachment":"scroll","background-type":"","background-media":"","overlay-type":"","overlay-color":"","overlay-opacity":"","overlay-gradient":""}},"ast-content-background-meta":{"desktop":{"background-color":"var(--ast-global-color-5)","background-image":"","background-repeat":"repeat","background-position":"center center","background-size":"auto","background-attachment":"scroll","background-type":"","background-media":"","overlay-type":"","overlay-color":"","overlay-opacity":"","overlay-gradient":""},"tablet":{"background-color":"var(--ast-global-color-5)","background-image":"","background-repeat":"repeat","background-position":"center center","background-size":"auto","background-attachment":"scroll","background-type":"","background-media":"","overlay-type":"","overlay-color":"","overlay-opacity":"","overlay-gradient":""},"mobile":{"background-color":"var(--ast-global-color-5)","background-image":"","background-repeat":"repeat","background-position":"center center","background-size":"auto","background-attachment":"scroll","background-type":"","background-media":"","overlay-type":"","overlay-color":"","overlay-opacity":"","overlay-gradient":""}}},"product_brand":[],"product_cat":[63],"product_tag":[],"class_list":{"0":"post-9564","1":"product","2":"type-product","3":"status-publish","4":"has-post-thumbnail","6":"product_cat-livres-pdf","7":"desktop-align-left","8":"tablet-align-left","9":"mobile-align-left","11":"first","12":"instock","13":"sale","14":"downloadable","15":"virtual","16":"purchasable","17":"product-type-simple"},"jetpack_sharing_enabled":true,"_links":{"self":[{"href":"https:\/\/michelpratt.quebec\/wp\/wp-json\/wp\/v2\/product\/9564","targetHints":{"allow":["GET"]}}],"collection":[{"href":"https:\/\/michelpratt.quebec\/wp\/wp-json\/wp\/v2\/product"}],"about":[{"href":"https:\/\/michelpratt.quebec\/wp\/wp-json\/wp\/v2\/types\/product"}],"replies":[{"embeddable":true,"href":"https:\/\/michelpratt.quebec\/wp\/wp-json\/wp\/v2\/comments?post=9564"}],"wp:featuredmedia":[{"embeddable":true,"href":"https:\/\/michelpratt.quebec\/wp\/wp-json\/wp\/v2\/media\/9866"}],"wp:attachment":[{"href":"https:\/\/michelpratt.quebec\/wp\/wp-json\/wp\/v2\/media?parent=9564"}],"wp:term":[{"taxonomy":"product_brand","embeddable":true,"href":"https:\/\/michelpratt.quebec\/wp\/wp-json\/wp\/v2\/product_brand?post=9564"},{"taxonomy":"product_cat","embeddable":true,"href":"https:\/\/michelpratt.quebec\/wp\/wp-json\/wp\/v2\/product_cat?post=9564"},{"taxonomy":"product_tag","embeddable":true,"href":"https:\/\/michelpratt.quebec\/wp\/wp-json\/wp\/v2\/product_tag?post=9564"}],"curies":[{"name":"wp","href":"https:\/\/api.w.org\/{rel}","templated":true}]}}