{"id":9699,"date":"2023-08-31T09:53:21","date_gmt":"2023-08-31T13:53:21","guid":{"rendered":"https:\/\/michelpratt.quebec\/wp\/?post_type=product&#038;p=9699"},"modified":"2025-07-30T16:01:43","modified_gmt":"2025-07-30T20:01:43","slug":"la-greve-de-la-united-aircraft","status":"publish","type":"product","link":"https:\/\/michelpratt.quebec\/wp\/la-greve-de-la-united-aircraft\/","title":{"rendered":"La gr\u00e8ve de la United Aircraft"},"content":{"rendered":"<p>&nbsp;<\/p>\n<p><img loading=\"lazy\" decoding=\"async\" class=\"alignnone size-medium wp-image-9971\" src=\"https:\/\/michelpratt.quebec\/wp\/wp-content\/uploads\/2024\/02\/IMG_6762-199x300.jpeg\" alt=\"\" width=\"199\" height=\"300\" title=\"\" srcset=\"https:\/\/michelpratt.quebec\/wp\/wp-content\/uploads\/2024\/02\/IMG_6762-199x300.jpeg 199w, https:\/\/michelpratt.quebec\/wp\/wp-content\/uploads\/2024\/02\/IMG_6762-678x1024.jpeg 678w, https:\/\/michelpratt.quebec\/wp\/wp-content\/uploads\/2024\/02\/IMG_6762-768x1160.jpeg 768w, https:\/\/michelpratt.quebec\/wp\/wp-content\/uploads\/2024\/02\/IMG_6762-300x453.jpeg 300w, https:\/\/michelpratt.quebec\/wp\/wp-content\/uploads\/2024\/02\/IMG_6762-600x906.jpeg 600w, https:\/\/michelpratt.quebec\/wp\/wp-content\/uploads\/2024\/02\/IMG_6762.jpeg 801w\" sizes=\"auto, (max-width: 199px) 100vw, 199px\" \/><br \/>\nUnited Aircraft, deux mots qui \u00e9voquent l\u2019une des p\u00e9riodes les plus grises de l\u2019histoire sociale du Qu\u00e9bec. Le travailleurs de cette entreprise se battent pour l\u2019indexation de leurs salaires au co\u00fbt de la vie et pour la reconnaissance syndicale. Cet ouvrage r\u00e9alis\u00e9 apr\u00e8s cueillette, classement et d\u00e9pouillement des sources \u00e9crites tant syndicales que patronales et des articles de journaux avant, pendant et apr\u00e8s la gr\u00e8ve, relate l\u2019histoire de ce conflit majeur qui demeure par sa long\u00e9vit\u00e9 et sa violence l\u2019un des plus importants de l\u2019histoire du Qu\u00e9bec. L&rsquo;ann\u00e9e 2024 marque le <span class=\"a-text-bold\">50e anniversaire<\/span>\u00a0de cette gr\u00e8ve.<\/p>\n<p>\u00c9galement disponible sur <strong><a href=\"https:\/\/www.amazon.ca\/-\/fr\/Michel-Pratt\/dp\/2981967657\/ref=sr_1_2?crid=9CPGPDH1DCT4&amp;dib=eyJ2IjoiMSJ9.HV42qT0Tan8Zcijfs9Nmv2ZttmQg1p04lycLIoG5097HnWbxoyHIDGiaFWjAy7C0R6i0fQTj2tbzkzf2Sf2LSpTKA6R7RVtMTVPH-LGy27EPT4ZqmxvLZy4T4JXbAdAVRNoUY69Bw3xaRh44TFw4aV96v8C3PiHpg7ZUgvFTwWP8IjR4lGTqJyG-6G7Qfegm2myM8dOn1mVh04EOzSZOKBZkUN3vWCUUDTC8T6tS0mA.AsUYvjMpw8cOV0ve-ZhX7tqhFe-buW72B1ecPp4vJL8&amp;dib_tag=se&amp;keywords=michel+pratt&amp;qid=1709670591&amp;s=books&amp;sprefix=michel+pr%2Cstripbooks%2C105&amp;sr=1-2\" target=\"_blank\" rel=\"noopener\">amazon.ca<\/a><\/strong><\/p>\n","protected":false},"excerpt":{"rendered":"<p>&nbsp; United Aircraft, deux mots qui \u00e9voquent l\u2019une des p\u00e9riodes les plus grises de l\u2019histoire sociale du Qu\u00e9bec. Le travailleurs de cette entreprise se battent pour l\u2019indexation de leurs salaires au co\u00fbt de la vie et pour la reconnaissance syndicale. Cet ouvrage r\u00e9alis\u00e9 apr\u00e8s cueillette, classement et d\u00e9pouillement des sources \u00e9crites tant syndicales que patronales [&hellip;]<\/p>\n","protected":false},"featured_media":9971,"comment_status":"open","ping_status":"closed","template":"","meta":{"_monsterinsights_skip_tracking":false,"_monsterinsights_sitenote_active":false,"_monsterinsights_sitenote_note":"","_monsterinsights_sitenote_category":0,"site-sidebar-layout":"default","site-content-layout":"","ast-site-content-layout":"default","site-content-style":"default","site-sidebar-style":"default","ast-global-header-display":"","ast-banner-title-visibility":"","ast-main-header-display":"","ast-hfb-above-header-display":"","ast-hfb-below-header-display":"","ast-hfb-mobile-header-display":"","site-post-title":"","ast-breadcrumbs-content":"","ast-featured-img":"","footer-sml-layout":"","ast-disable-related-posts":"","theme-transparent-header-meta":"default","adv-header-id-meta":"","stick-header-meta":"","header-above-stick-meta":"","header-main-stick-meta":"","header-below-stick-meta":"","astra-migrate-meta-layouts":"set","ast-page-background-enabled":"default","ast-page-background-meta":{"desktop":{"background-color":"","background-image":"","background-repeat":"repeat","background-position":"center center","background-size":"auto","background-attachment":"scroll","background-type":"","background-media":"","overlay-type":"","overlay-color":"","overlay-opacity":"","overlay-gradient":""},"tablet":{"background-color":"","background-image":"","background-repeat":"repeat","background-position":"center center","background-size":"auto","background-attachment":"scroll","background-type":"","background-media":"","overlay-type":"","overlay-color":"","overlay-opacity":"","overlay-gradient":""},"mobile":{"background-color":"","background-image":"","background-repeat":"repeat","background-position":"center center","background-size":"auto","background-attachment":"scroll","background-type":"","background-media":"","overlay-type":"","overlay-color":"","overlay-opacity":"","overlay-gradient":""}},"ast-content-background-meta":{"desktop":{"background-color":"var(--ast-global-color-5)","background-image":"","background-repeat":"repeat","background-position":"center center","background-size":"auto","background-attachment":"scroll","background-type":"","background-media":"","overlay-type":"","overlay-color":"","overlay-opacity":"","overlay-gradient":""},"tablet":{"background-color":"var(--ast-global-color-5)","background-image":"","background-repeat":"repeat","background-position":"center center","background-size":"auto","background-attachment":"scroll","background-type":"","background-media":"","overlay-type":"","overlay-color":"","overlay-opacity":"","overlay-gradient":""},"mobile":{"background-color":"var(--ast-global-color-5)","background-image":"","background-repeat":"repeat","background-position":"center center","background-size":"auto","background-attachment":"scroll","background-type":"","background-media":"","overlay-type":"","overlay-color":"","overlay-opacity":"","overlay-gradient":""}}},"product_brand":[],"product_cat":[62],"product_tag":[],"class_list":{"0":"post-9699","1":"product","2":"type-product","3":"status-publish","4":"has-post-thumbnail","6":"product_cat-versionpapier","7":"desktop-align-left","8":"tablet-align-left","9":"mobile-align-left","11":"first","12":"instock","13":"shipping-taxable","14":"purchasable","15":"product-type-simple"},"jetpack_sharing_enabled":true,"_links":{"self":[{"href":"https:\/\/michelpratt.quebec\/wp\/wp-json\/wp\/v2\/product\/9699","targetHints":{"allow":["GET"]}}],"collection":[{"href":"https:\/\/michelpratt.quebec\/wp\/wp-json\/wp\/v2\/product"}],"about":[{"href":"https:\/\/michelpratt.quebec\/wp\/wp-json\/wp\/v2\/types\/product"}],"replies":[{"embeddable":true,"href":"https:\/\/michelpratt.quebec\/wp\/wp-json\/wp\/v2\/comments?post=9699"}],"wp:featuredmedia":[{"embeddable":true,"href":"https:\/\/michelpratt.quebec\/wp\/wp-json\/wp\/v2\/media\/9971"}],"wp:attachment":[{"href":"https:\/\/michelpratt.quebec\/wp\/wp-json\/wp\/v2\/media?parent=9699"}],"wp:term":[{"taxonomy":"product_brand","embeddable":true,"href":"https:\/\/michelpratt.quebec\/wp\/wp-json\/wp\/v2\/product_brand?post=9699"},{"taxonomy":"product_cat","embeddable":true,"href":"https:\/\/michelpratt.quebec\/wp\/wp-json\/wp\/v2\/product_cat?post=9699"},{"taxonomy":"product_tag","embeddable":true,"href":"https:\/\/michelpratt.quebec\/wp\/wp-json\/wp\/v2\/product_tag?post=9699"}],"curies":[{"name":"wp","href":"https:\/\/api.w.org\/{rel}","templated":true}]}}